{"id":10,"date":"2015-03-09T00:28:09","date_gmt":"2015-03-08T23:28:09","guid":{"rendered":"http:\/\/www.qv-langenstein-altenburg.ch\/?page_id=10"},"modified":"2016-04-27T12:14:49","modified_gmt":"2016-04-27T10:14:49","slug":"programm","status":"publish","type":"page","link":"https:\/\/www.qv-langenstein-altenburg.ch\/?page_id=10","title":{"rendered":"Programm 2015"},"content":{"rendered":"<p style=\"font-size: 2em; font-weight: bold; line-height: 100%;\"><a href=\"https:\/\/www.qv-langenstein-altenburg.ch\/wp-content\/uploads\/2015\/03\/trennlinie5.jpg\"><img decoding=\"async\" src=\"https:\/\/www.qv-langenstein-altenburg.ch\/wp-content\/uploads\/2015\/03\/trennlinie5.jpg\" alt=\"\" \/><\/a><\/p>\n<p style=\"font-size: 2em; font-weight: bold; line-height: 100%;\">111. Generalversammlung<\/p>\n<p style=\"font-weight: bold; line-height: 2px;\">Freitag, 20. M\u00e4rz 2015, 19.00 Uhr<\/p>\n<p style=\"font-weight: bold; line-height: 2px;\">Restaurant Zwyssighof, Wettingen<\/p>\n<p>Rund 75 G\u00e4ste haben sich im Zwyssigsaal zur 111. GV des Quartiervereins eingefunden. Neben den ordentlichen Traktanden standen die\u00a0Festivit\u00e4ten zum grossen Jubil\u00e4um im Fokus. Die Pr\u00e4sidentin Dominique Girod erl\u00e4utert die geplanten Aktivit\u00e4ten und das Festbudget. Beat Suter berichtet vom Projekt &#8222;Strassen festen mit&#8220;. Karl Guyer und Martin Finschi werben f\u00fcr die Quartierb\u00fchne am Altenburgfest. Gesucht sind noch unentdeckte Talente f\u00fcr &#8222;Du-ich-wir \u2013 Quartierkultur&#8220;.\u00a0Der Aufruf zur Mitarbeit am Fest gestaltete der Vorstand als Wettbewerb. Die drei von der Gl\u00fccksfee Carmen Rechsteiner gezogenen &#8222;Gewinner&#8220; erhielten von der Pr\u00e4sidentin hergestelltes Geb\u00e4ck als Dankesch\u00f6n.<\/p>\n<p>Ehrengast des heutigen Abends war Dr. Markus Dieth, h\u00f6chster Aargauer und Gemeindeamman von Wettingen. Ihm geb\u00fchrte nach der Ansprache die Ehre, die Website des Quartiervereins aufzuschalten. Somit ist der QV in seinem hohen Alter in der Neuzeit der Kommunikation angekommen.<\/p>\n<p><div class='dropdown_box '>\r\n\t<a href=\"#\" class=\"showmore\">\r\n\t\t<span class='view_modifier hide' data-show=\"Fotogalerie\" data-hide=\"weniger\">Fotogalerie<\/span> \t<\/a>\r\n\t<div class=\"inner_text hide\">\r\n\t\tngg_shortcode_0_placeholder\n\t<\/div>\r\n<\/div>\r\n<br \/>\n<a href=\"https:\/\/www.qv-langenstein-altenburg.ch\/wp-content\/uploads\/2015\/03\/trennlinie5.jpg\"><img decoding=\"async\" src=\"https:\/\/www.qv-langenstein-altenburg.ch\/wp-content\/uploads\/2015\/03\/trennlinie5.jpg\" alt=\"\" \/><\/a><\/p>\n<p style=\"font-size: 2em; font-weight: bold; line-height: 100%;\">Boccia<\/p>\n<p style=\"font-weight: bold; line-height: 100%;\">Mittwoch, 17. Juni 2015, 18.30 Uhr<\/p>\n<p style=\"font-weight: bold; line-height: 100%;\">Bocciaclub Wettingen beim Tennisplatz<\/p>\n<p>Bocciaspiel f\u00fcr Jung und Alt unter Anleitung von Kurt Valli.<br \/>\nAlle sind herzlich eingeladen, dem Pallino (kleine Zielkugel) den Meister zu zeigen.<\/p>\n<p><a href=\"https:\/\/www.qv-langenstein-altenburg.ch\/wp-content\/uploads\/2015\/03\/trennlinie5.jpg\"><img decoding=\"async\" src=\"https:\/\/www.qv-langenstein-altenburg.ch\/wp-content\/uploads\/2015\/03\/trennlinie5.jpg\" alt=\"\" \/><\/a><\/p>\n<p style=\"font-size: 2em; font-weight: bold; line-height: 100%;\">Jubil\u00e4umsfest mit Sonntagszmorge<\/p>\n<p style=\"font-weight: bold; line-height: 100%;\">Samstag, 22. August 2015, 10.00 &#8211; 24.00 Uhr<\/p>\n<p style=\"font-weight: bold; line-height: 100%;\">Sonntag, 23. August 2015, 10.00 &#8211; 14.00 Uhr<\/p>\n<p><a title=\"Jubil\u00e4umsfest\" href=\"https:\/\/www.qv-langenstein-altenburg.ch\/?page_id=388\">Detaillierte Informationen<\/a><\/p>\n<div class='dropdown_box '>\r\n\t<a href=\"#\" class=\"showmore\">\r\n\t\t<span class='view_modifier hide' data-show=\"Fotogalerie\" data-hide=\"weniger\">Fotogalerie<\/span> \t<\/a>\r\n\t<div class=\"inner_text hide\">\r\n\t\tngg_shortcode_1_placeholder\n\t<\/div>\r\n<\/div>\r\n\n<p><a href=\"https:\/\/www.qv-langenstein-altenburg.ch\/wp-content\/uploads\/2015\/03\/trennlinie5.jpg\"><img decoding=\"async\" src=\"https:\/\/www.qv-langenstein-altenburg.ch\/wp-content\/uploads\/2015\/03\/trennlinie5.jpg\" alt=\"\" \/><\/a><\/p>\n<p style=\"font-size: 2em; font-weight: bold; line-height: 100%;\">Langenstein-Altenburg-Tour<\/p>\n<p style=\"font-weight: bold; line-height: 100%;\">Sonntag, 23. August 2015, 14.00 Uhr<\/p>\n<p style=\"font-weight: bold; line-height: 100%;\">Treffpunkt Festzelt Schulhaus Altenburg<\/p>\n<p>Wir spazieren mit Ihnen durchs Quartier. Heinz B\u00fcrgler berichtet von den Zeiten, wo im Scharten-Langenstein noch Tore geschossen wurden, Bruno Meier f\u00fchrt uns zur\u00fcck in die 50er-Jahre, Peter Schoop erz\u00e4hlt von L\u00e4den und dem Gewerbe von damals und Helmut Nowack erl\u00e4utert uns am B\u00e4chliweg die hiesige Vogelwelt. Zum Abschluss der LA-Tour 2015 laden wir Sie zu einer Erfrischung beim Schulhaus Altenburg ein.<\/p>\n<p><a href=\"https:\/\/www.qv-langenstein-altenburg.ch\/wp-content\/uploads\/2015\/03\/trennlinie5.jpg\"><img decoding=\"async\" src=\"https:\/\/www.qv-langenstein-altenburg.ch\/wp-content\/uploads\/2015\/03\/trennlinie5.jpg\" alt=\"\" \/><\/a><\/p>\n<p style=\"font-size: 2em; font-weight: bold; line-height: 100%;\">Metzgete<\/p>\n<p style=\"font-weight: bold; line-height: 100%;\">Samstag, 7. November 2015, 18.30 Uhr<\/p>\n<p style=\"font-weight: bold; line-height: 100%;\">Restaurant Birkenhof, Wettingen<\/p>\n<p>Wir laden Sie alle herzlich ein im Restaurant Birkenhof, Alberich Zwyssigstrasse 7, dem Genuss von W\u00fcrsten, Rippli und Schn\u00f6rrli zu fr\u00f6nen. R\u00f6sti, Sauerkraut und angeregte Gespr\u00e4che runden die deftigen K\u00f6stlichkeiten ab.<\/p>\n<p><a href=\"https:\/\/www.qv-langenstein-altenburg.ch\/wp-content\/uploads\/2015\/03\/trennlinie5.jpg\"><img decoding=\"async\" src=\"https:\/\/www.qv-langenstein-altenburg.ch\/wp-content\/uploads\/2015\/03\/trennlinie5.jpg\" alt=\"\" \/><\/a><\/p>\n<p style=\"font-size: 2em; font-weight: bold; line-height: 100%;\">Laternenumzug durchs Altenburg-Quartier<\/p>\n<p style=\"font-weight: bold; line-height: 100%;\">Mittwoch, 11. November 2015<\/p>\n<p>Bei einem Laternen-Spaziergang durchs Quartier wollen wir singend, plaudernd fr\u00f6hlich<br \/>\nunsere mitgebrachten Laternen anz\u00fcnden und bei Tee und Lebkuchen den Vorabend ausklingen lassen.<\/p>\n<p>Wir freuen uns auf einen stimmungsvollen Abend mit vielen Kindern und Eltern.<br \/>\nBei schlechtem Wetter verk\u00fcrzen wir unsere Route.<\/p>\n<p>Weitere Ausk\u00fcnfte: Carmen Rechsteiner, Feldstrasse 1, Telefon 056 426 00 19<\/p>\n<p><a href=\"https:\/\/www.qv-langenstein-altenburg.ch\/wp-content\/uploads\/2015\/03\/trennlinie5.jpg\"><img decoding=\"async\" src=\"https:\/\/www.qv-langenstein-altenburg.ch\/wp-content\/uploads\/2015\/03\/trennlinie5.jpg\" alt=\"\" \/><\/a><\/p>\n<p style=\"font-size: 2em; font-weight: bold; line-height: 100%;\">112. GV des QV Langenstein-Altenburg<\/p>\n<p style=\"font-weight: bold; line-height: 100%;\">Freitag, 18. M\u00e4rz 2016<\/p>\n<p>Informationen folgen<\/p>\n<p><a href=\"https:\/\/www.qv-langenstein-altenburg.ch\/wp-content\/uploads\/2015\/03\/trennlinie5.jpg\"><img decoding=\"async\" src=\"https:\/\/www.qv-langenstein-altenburg.ch\/wp-content\/uploads\/2015\/03\/trennlinie5.jpg\" alt=\"\" \/><\/a><\/p>\n<p><a title=\"Programm 2014\" href=\"https:\/\/www.qv-langenstein-altenburg.ch\/?page_id=365\">Programm 2014<\/a><\/p>\n<p><a href=\"https:\/\/www.qv-langenstein-altenburg.ch\/wp-content\/uploads\/2015\/03\/trennlinie5.jpg\"><img decoding=\"async\" src=\"https:\/\/www.qv-langenstein-altenburg.ch\/wp-content\/uploads\/2015\/03\/trennlinie5.jpg\" alt=\"\" \/><\/a><\/p>\n<p><a title=\"Programm 2013\" href=\"https:\/\/www.qv-langenstein-altenburg.ch\/?page_id=368\">Programm 2013<\/a><\/p>\n<p><a href=\"https:\/\/www.qv-langenstein-altenburg.ch\/wp-content\/uploads\/2015\/03\/trennlinie5.jpg\"><img decoding=\"async\" src=\"https:\/\/www.qv-langenstein-altenburg.ch\/wp-content\/uploads\/2015\/03\/trennlinie5.jpg\" alt=\"\" \/><\/a><\/p>\n","protected":false},"excerpt":{"rendered":"<p>111. Generalversammlung Freitag, 20. M\u00e4rz 2015, 19.00 Uhr Restaurant Zwyssighof, Wettingen Rund 75 G\u00e4ste haben sich im Zwyssigsaal zur 111. GV des Quartiervereins eingefunden. Neben den ordentlichen Traktanden standen die\u00a0Festivit\u00e4ten zum grossen Jubil\u00e4um im Fokus. Die Pr\u00e4sidentin Dominique Girod erl\u00e4utert die geplanten Aktivit\u00e4ten und das Festbudget. Beat Suter berichtet vom Projekt &#8222;Strassen festen mit&#8220;. Karl [&hellip;]<\/p>\n","protected":false},"author":1,"featured_media":0,"parent":0,"menu_order":0,"comment_status":"closed","ping_status":"closed","template":"","meta":{"_exactmetrics_skip_tracking":false,"_exactmetrics_sitenote_active":false,"_exactmetrics_sitenote_note":"","_exactmetrics_sitenote_category":0,"ngg_post_thumbnail":0,"footnotes":""},"class_list":["post-10","page","type-page","status-publish","hentry"],"_links":{"self":[{"href":"https:\/\/www.qv-langenstein-altenburg.ch\/index.php?rest_route=\/wp\/v2\/pages\/10","targetHints":{"allow":["GET"]}}],"collection":[{"href":"https:\/\/www.qv-langenstein-altenburg.ch\/index.php?rest_route=\/wp\/v2\/pages"}],"about":[{"href":"https:\/\/www.qv-langenstein-altenburg.ch\/index.php?rest_route=\/wp\/v2\/types\/page"}],"author":[{"embeddable":true,"href":"https:\/\/www.qv-langenstein-altenburg.ch\/index.php?rest_route=\/wp\/v2\/users\/1"}],"replies":[{"embeddable":true,"href":"https:\/\/www.qv-langenstein-altenburg.ch\/index.php?rest_route=%2Fwp%2Fv2%2Fcomments&post=10"}],"version-history":[{"count":217,"href":"https:\/\/www.qv-langenstein-altenburg.ch\/index.php?rest_route=\/wp\/v2\/pages\/10\/revisions"}],"predecessor-version":[{"id":1266,"href":"https:\/\/www.qv-langenstein-altenburg.ch\/index.php?rest_route=\/wp\/v2\/pages\/10\/revisions\/1266"}],"wp:attachment":[{"href":"https:\/\/www.qv-langenstein-altenburg.ch\/index.php?rest_route=%2Fwp%2Fv2%2Fmedia&parent=10"}],"curies":[{"name":"wp","href":"https:\/\/api.w.org\/{rel}","templated":true}]}}