{"id":1105,"date":"2015-10-26T09:25:02","date_gmt":"2015-10-26T08:25:02","guid":{"rendered":"http:\/\/www.qv-langenstein-altenburg.ch\/?page_id=1105"},"modified":"2017-05-15T23:12:14","modified_gmt":"2017-05-15T21:12:14","slug":"programm-2016","status":"publish","type":"page","link":"https:\/\/www.qv-langenstein-altenburg.ch\/?page_id=1105","title":{"rendered":"Programm 2016"},"content":{"rendered":"<p><a href=\"https:\/\/www.qv-langenstein-altenburg.ch\/wp-content\/uploads\/2015\/03\/trennlinie5.jpg\"><img decoding=\"async\" src=\"https:\/\/www.qv-langenstein-altenburg.ch\/wp-content\/uploads\/2015\/03\/trennlinie5.jpg\" alt=\"\" \/><\/a><\/p>\n<p style=\"font-size: 2em; font-weight: bold; line-height: 100%;\">112. Generalversammlung<\/p>\n<p style=\"font-weight: bold; line-height: 2px;\">Freitag, 18. M\u00e4rz 2016, 19.00 Uhr<\/p>\n<p style=\"font-weight: bold; line-height: 2px;\">Restaurant Zwyssighof, Wettingen<\/p>\n<p>An der 112. Generalversammlung des Quartiervereins Langenstein-Altenburg standen neben dem R\u00fcckblick aufs\u00a0\u00a0111-Jahr-Jubil\u00e4um diverse Wahlen auf der Traktandenliste.\u00a0Nach 14 Jahren im Vorstand und 11 Jahren als Pr\u00e4sidentin hat Dominique\u00a0Eliane Girod ihr Amt zur Verf\u00fcgung gestellt. Sabine Schoop und Beat\u00a0Suter, beide langj\u00e4hrige Vorstandsmitglieder, haben diese Aufgabe als\u00a0Co-Pr\u00e4sidenten \u00fcbernommen.\u00a0Hans M\u00fcller bleibt ebenfalls im Vorstand. Das Amt des Vize-Pr\u00e4sidenten, das durch\u00a0Kurt Valli seit 1999 besetzt wurde, wird nach seinem Austritt\u00a0aufgehoben. F\u00fcr seine langj\u00e4hrige Arbeit wird Kurt Valli als\u00a0Ehrenmitglied aufgenommen. Neu in den Vorstand werden Karl Guyer,\u00a0Maria Mazan und Yvonne Linge gew\u00e4hlt. Adolf Acklin, der den Vorstand lange\u00a0Jahre als Revisor unterst\u00fctzt hatte, trat zur\u00fcck. Rolf Iten \u00fcbernimmt\u00a0sein Amt und wird zusammen mit Edith Schmid f\u00fcr zwei Jahre gew\u00e4hlt.\u00a0Die Pr\u00e4sidentin Dominique Eliane Girod wird von Hans M\u00fcller mit einer\u00a0herzerw\u00e4rmenden und humorvollen Laudatio verabschiedet. W\u00e4hrend ihrer\u00a0Amtszeit hat sie viele Zeichen gesetzt. Das Bulletin wurde neu\u00a0gestaltet und die bekannten Elstern haben in Logo und Auftritt des\u00a0Quartierereins Einzug gehalten.\u00a0Eine sch\u00f6ne Geste, dass Girod mit einer\u00a0QV-Elster des\u00a0Bildhauers\u00a0Alex Schaufelb\u00fchl beschenkt wurde. Das 111-Jahr-Jubil\u00e4um war das grosse\u00a0Ereignis w\u00e4hrend ihrer Zeit als Pr\u00e4sidentin. P\u00fcnktlich zum 111.\u00a0Geburtstag wurde die Website des Vereins aufgeschaltet. Das\u00a0Festkomitee hat es geschafft, in der Vorbereitungszeit und auch am\u00a0Quartierfest im Altenburgschulhaus viele Menschen aus allen\u00a0\u00a0Generationen zusammen zu bringen und f\u00fcr den Quartierverein zu\u00a0begeistern. Das spiegelt sich nicht nur im neu besetzten Vorstand\u00a0sondern auch an der erfreulich hohen Zahl an Neumitgliedern.<\/p>\n<p><a href=\"https:\/\/www.qv-langenstein-altenburg.ch\/wp-content\/uploads\/2016\/04\/Vorstand_2016.jpg\"><img loading=\"lazy\" decoding=\"async\" class=\"alignnone wp-image-1246 size-large\" src=\"https:\/\/www.qv-langenstein-altenburg.ch\/wp-content\/uploads\/2016\/04\/Vorstand_2016-1024x562.jpg\" alt=\"Vorstand_2016\" width=\"625\" height=\"343\" srcset=\"https:\/\/www.qv-langenstein-altenburg.ch\/wp-content\/uploads\/2016\/04\/Vorstand_2016-1024x562.jpg 1024w, https:\/\/www.qv-langenstein-altenburg.ch\/wp-content\/uploads\/2016\/04\/Vorstand_2016-300x165.jpg 300w, https:\/\/www.qv-langenstein-altenburg.ch\/wp-content\/uploads\/2016\/04\/Vorstand_2016-624x342.jpg 624w, https:\/\/www.qv-langenstein-altenburg.ch\/wp-content\/uploads\/2016\/04\/Vorstand_2016.jpg 1476w\" sizes=\"auto, (max-width: 625px) 100vw, 625px\" \/><\/a>Der neue Vorstand: v.l.\u00a0Maria Mazan, Beat Suter, Sabine Schoop, Hans M\u00fcller, Yvonne Linge, Karl Guyer<\/p>\n<div class='dropdown_box '>\r\n\t<a href=\"#\" class=\"showmore\">\r\n\t\t<span class='view_modifier hide' data-show=\"Fotogalerie\" data-hide=\"weniger\">Fotogalerie<\/span> \t<\/a>\r\n\t<div class=\"inner_text hide\">\r\n\t\tngg_shortcode_0_placeholder\n\t<\/div>\r\n<\/div>\r\n\n<p><a href=\"https:\/\/www.qv-langenstein-altenburg.ch\/wp-content\/uploads\/2015\/03\/trennlinie5.jpg\"><img decoding=\"async\" src=\"https:\/\/www.qv-langenstein-altenburg.ch\/wp-content\/uploads\/2015\/03\/trennlinie5.jpg\" alt=\"\" \/><\/a><\/p>\n<p style=\"font-size: 2em; font-weight: bold; line-height: 100%;\">Treffen der Wettinger QV Vorst\u00e4nde<\/p>\n<p style=\"font-weight: bold; line-height: 100%;\">3. Juni 2016<\/p>\n<p>Der QVLA durfte dieses Jahr Gastgeber des Vorstandstreffens der Wettinger Quartiervereine sein.<\/p>\n<p>Wir beschlossen, die Kolleginnen und Kollegen aus den vier anderen QV in die Geissburg, den architektonisch bemerkenswerten Wohnsitz unseres neuen Vorstandmitgliedes Karl Guyer, einzuladen.<\/p>\n<p>Einem Ap\u00e9ro im Vorgarten folgte ein Rundgang durchs Quartier unter F\u00fchrung von Peter Schoop, einem \u201aUreinwohner\u2019 des Altenburgquartiers. Die 15 k\u00f6pfige Gruppe erfuhr dabei u.a. dass man vor wenigen Jahrzehnten hier wohl nie weiter als 100m von einer B\u00e4ckerei, Metzgerei oder einem anderen Laden entfernt wohnte.<\/p>\n<p>Zur\u00fcck in der Geissburg liessen wir uns anschliessend ein hochkar\u00e4tiges Salatbuffet zu grillierten W\u00fcrsten munden. Bei intensivem Leeren etlicher Flaschen Wein wurde zunehmend animierter \u00fcber Quartierunternehmungen- und eigenheiten, ja sogar m\u00f6gliche -grenzstreitigkeiten geplaudert. Saubannerz\u00fcge scheinen aber keine geplant zu sein, auch weil beim Genuss des k\u00f6stlichen Dessertbuffets jede feindliche Stimmung zerschmolz.<\/p>\n<p>In Sachen grenz\u00fcberschreitender Friedenspolitik war der Anlass ein durchschlagender Erfolg.<\/p>\n<p><a href=\"https:\/\/www.qv-langenstein-altenburg.ch\/wp-content\/uploads\/2016\/09\/QV-Vorst1.jpg\"><img loading=\"lazy\" decoding=\"async\" class=\"alignnone wp-image-1352 \" src=\"https:\/\/www.qv-langenstein-altenburg.ch\/wp-content\/uploads\/2016\/09\/QV-Vorst1-300x211.jpg\" alt=\"\" width=\"388\" height=\"275\" \/><\/a> <a href=\"https:\/\/www.qv-langenstein-altenburg.ch\/wp-content\/uploads\/2016\/09\/QV-Vorst.2jpg.jpg\"><img loading=\"lazy\" decoding=\"async\" class=\"alignnone wp-image-1351 \" src=\"https:\/\/www.qv-langenstein-altenburg.ch\/wp-content\/uploads\/2016\/09\/QV-Vorst.2jpg-224x300.jpg\" alt=\"\" width=\"205\" height=\"275\" srcset=\"https:\/\/www.qv-langenstein-altenburg.ch\/wp-content\/uploads\/2016\/09\/QV-Vorst.2jpg-224x300.jpg 224w, https:\/\/www.qv-langenstein-altenburg.ch\/wp-content\/uploads\/2016\/09\/QV-Vorst.2jpg-765x1024.jpg 765w, https:\/\/www.qv-langenstein-altenburg.ch\/wp-content\/uploads\/2016\/09\/QV-Vorst.2jpg-624x835.jpg 624w, https:\/\/www.qv-langenstein-altenburg.ch\/wp-content\/uploads\/2016\/09\/QV-Vorst.2jpg.jpg 1936w\" sizes=\"auto, (max-width: 205px) 100vw, 205px\" \/><\/a><\/p>\n<p><a href=\"https:\/\/www.qv-langenstein-altenburg.ch\/wp-content\/uploads\/2015\/03\/trennlinie5.jpg\"><img decoding=\"async\" src=\"https:\/\/www.qv-langenstein-altenburg.ch\/wp-content\/uploads\/2015\/03\/trennlinie5.jpg\" alt=\"\" \/><\/a><\/p>\n<p style=\"font-size: 2em; font-weight: bold; line-height: 100%;\">Boccia<\/p>\n<p style=\"font-weight: bold; line-height: 100%;\">Mittwoch, 15. Juni 2016<\/p>\n<p style=\"font-weight: bold; line-height: 100%;\">Bocciaclub Wettingen beim Tennisplatz<\/p>\n<p>Erinnern Sie sich noch an die \u00dcberschwemmungen im Juni? An die w\u00e4ssrigen Erdbeeren? An die verregneten Vorrundenspiele an der EM?<\/p>\n<p>Genau! Und da man auf einer durchtr\u00e4nkten Bocciabahn weder walzen noch spielen kann, fiel dieser beliebte Anlass dieses Jahr ins Wasser. Unerwarteterweise, muss man anf\u00fcgen, da sich Petrus bis anhin als treuer Anh\u00e4nger des Bocciaspiels erwies. Aber vielleicht lief auch auf der himmlischen Grossleinwand Rum\u00e4nien-Schweiz \ud83d\ude42<\/p>\n<p><a href=\"https:\/\/www.qv-langenstein-altenburg.ch\/wp-content\/uploads\/2015\/03\/trennlinie5.jpg\"><img decoding=\"async\" src=\"https:\/\/www.qv-langenstein-altenburg.ch\/wp-content\/uploads\/2015\/03\/trennlinie5.jpg\" alt=\"\" \/><\/a><\/p>\n<p style=\"font-size: 2em; font-weight: bold; line-height: 100%;\">Altenburgfest und Kinderflohmi<\/p>\n<p style=\"font-size: 2em; font-weight: bold; line-height: 100%;\"><a href=\"https:\/\/www.qv-langenstein-altenburg.ch\/wp-content\/uploads\/2016\/04\/QV-Flohmi_Web.jpg\"><img loading=\"lazy\" decoding=\"async\" class=\"alignnone wp-image-1267 size-full\" src=\"https:\/\/www.qv-langenstein-altenburg.ch\/wp-content\/uploads\/2016\/04\/QV-Flohmi_Web.jpg\" alt=\"QV-Flohmi_Web\" width=\"567\" height=\"501\" srcset=\"https:\/\/www.qv-langenstein-altenburg.ch\/wp-content\/uploads\/2016\/04\/QV-Flohmi_Web.jpg 567w, https:\/\/www.qv-langenstein-altenburg.ch\/wp-content\/uploads\/2016\/04\/QV-Flohmi_Web-300x265.jpg 300w\" sizes=\"auto, (max-width: 567px) 100vw, 567px\" \/><\/a><\/p>\n<p style=\"font-weight: bold; line-height: 100%;\">Freitag, 26. August 2016<\/p>\n<p>Temperatur 28\u00b0-31\u00b0, Vorhersagewahrscheinlichkeit 100% und dies ab Anfang Woche. Das nennt man dann wohl \u201aideale Planungsvoraussetzungen\u2019. Unser neues Vorstandmitglied Yvonne Linge legte sich m\u00e4chtig ins Zeug bei ihrem ersten Einsatz als Festorganisatorin und es klappte alles bestens. Ein riesiges Kuchenbuffet (herzlichen Dank hier an alle B\u00e4cker und B\u00e4ckerinnen in un-serem Verein), W\u00fcrste, Salat und gen\u00fcgend Bier standen bereit und fanden dann auch grossen Zuspruch beim zahlreichen Festpublikum.<\/p>\n<p>Das strahlende Sommerwetter war allerdings f\u00fcr die nachmitt\u00e4glichen AufbauerInnen eine schweisstreibende Herausforderung und auch f\u00fcr manche der kleinen H\u00e4ndlerInnen am Kinderflohmi war es etwas gar warm. Schattenpl\u00e4tze f\u00fcr die mit Stofftieren, Comics, Puzzles, Spielfiguren und was sonst ein Kinderherz erfreut ausgelegten Flohmarktdecken waren begehrt.<\/p>\n<p>Nach dem grossen Ansturm auf die Grillw\u00fcrste war es Zeit, sich mittels nachbarlichen Tips und unter Einsatz der Smartphones dem Festquiz-R\u00e4tsell\u00f6sen zu widmen. Attraktive Preise erfreuten die drei GewinnerInnen.<\/p>\n<p>Wir immer bewies gegen den sp\u00e4ten Abend der Tisch mit dem \u201aharten Kern\u2019 der Festbesucher und -besucherinnen gutes Sitzleder. Man liess sich den feinen Roten aus dem Hause Sacripanti munden und vom ausgepr\u00e4gten humoristischen Erz\u00e4hltalent des Copr\u00e4sidenten unterhalten.<\/p>\n<p style=\"font-weight: bold; line-height: 100%;\">Ein Dankesch\u00f6n allen Helfern und Helferinnen am Quartierfest 2016.<\/p>\n<p><a href=\"https:\/\/www.qv-langenstein-altenburg.ch\/wp-content\/uploads\/2016\/09\/QV-Fest1.jpg\"><img loading=\"lazy\" decoding=\"async\" class=\"alignnone wp-image-1334 \" src=\"https:\/\/www.qv-langenstein-altenburg.ch\/wp-content\/uploads\/2016\/09\/QV-Fest1-224x300.jpg\" alt=\"\" width=\"182\" height=\"243\" srcset=\"https:\/\/www.qv-langenstein-altenburg.ch\/wp-content\/uploads\/2016\/09\/QV-Fest1-224x300.jpg 224w, https:\/\/www.qv-langenstein-altenburg.ch\/wp-content\/uploads\/2016\/09\/QV-Fest1-765x1024.jpg 765w, https:\/\/www.qv-langenstein-altenburg.ch\/wp-content\/uploads\/2016\/09\/QV-Fest1-624x835.jpg 624w, https:\/\/www.qv-langenstein-altenburg.ch\/wp-content\/uploads\/2016\/09\/QV-Fest1.jpg 1936w\" sizes=\"auto, (max-width: 182px) 100vw, 182px\" \/><\/a> <a href=\"https:\/\/www.qv-langenstein-altenburg.ch\/wp-content\/uploads\/2016\/09\/QV-Fest2.jpg\"><img loading=\"lazy\" decoding=\"async\" class=\"alignnone wp-image-1335 \" src=\"https:\/\/www.qv-langenstein-altenburg.ch\/wp-content\/uploads\/2016\/09\/QV-Fest2-224x300.jpg\" alt=\"\" width=\"182\" height=\"243\" srcset=\"https:\/\/www.qv-langenstein-altenburg.ch\/wp-content\/uploads\/2016\/09\/QV-Fest2-224x300.jpg 224w, https:\/\/www.qv-langenstein-altenburg.ch\/wp-content\/uploads\/2016\/09\/QV-Fest2-765x1024.jpg 765w, https:\/\/www.qv-langenstein-altenburg.ch\/wp-content\/uploads\/2016\/09\/QV-Fest2-624x835.jpg 624w, https:\/\/www.qv-langenstein-altenburg.ch\/wp-content\/uploads\/2016\/09\/QV-Fest2.jpg 1936w\" sizes=\"auto, (max-width: 182px) 100vw, 182px\" \/><\/a> <a href=\"https:\/\/www.qv-langenstein-altenburg.ch\/wp-content\/uploads\/2016\/09\/QV-Fest3.jpg\"><img loading=\"lazy\" decoding=\"async\" class=\"alignnone wp-image-1336 \" src=\"https:\/\/www.qv-langenstein-altenburg.ch\/wp-content\/uploads\/2016\/09\/QV-Fest3-300x224.jpg\" alt=\"\" width=\"249\" height=\"186\" srcset=\"https:\/\/www.qv-langenstein-altenburg.ch\/wp-content\/uploads\/2016\/09\/QV-Fest3-300x224.jpg 300w, https:\/\/www.qv-langenstein-altenburg.ch\/wp-content\/uploads\/2016\/09\/QV-Fest3-1024x765.jpg 1024w, https:\/\/www.qv-langenstein-altenburg.ch\/wp-content\/uploads\/2016\/09\/QV-Fest3-624x466.jpg 624w\" sizes=\"auto, (max-width: 249px) 100vw, 249px\" \/><\/a><\/p>\n<div class='dropdown_box '>\r\n\t<a href=\"#\" class=\"showmore\">\r\n\t\t<span class='view_modifier hide' data-show=\"Fotogalerie\" data-hide=\"weniger\">Fotogalerie<\/span> \t<\/a>\r\n\t<div class=\"inner_text hide\">\r\n\t\tngg_shortcode_1_placeholder\n\t<\/div>\r\n<\/div>\r\n\n<p style=\"font-weight: bold; line-height: 100%;\"><a href=\"https:\/\/www.qv-langenstein-altenburg.ch\/wp-content\/uploads\/2015\/03\/trennlinie5.jpg\"><img decoding=\"async\" src=\"https:\/\/www.qv-langenstein-altenburg.ch\/wp-content\/uploads\/2015\/03\/trennlinie5.jpg\" alt=\"\" \/><\/a><\/p>\n<p style=\"font-size: 2em; font-weight: bold; line-height: 100%;\">T\u00f6fftour zum Oldtimer Grandprix<\/p>\n<p style=\"font-size: 2em; font-weight: bold; line-height: 100%;\">in Safenwil<\/p>\n<p style=\"font-weight: bold; line-height: 100%;\">Samstag, 3. September\u00a02016<\/p>\n<p>Zu siebt auf sechs Motorr\u00e4dern durch den Aargau<\/p>\n<p>Bei pr\u00e4chtigem Sommerwetter versammeln sich eine Suzuki und je zwei Triumph, BMW und Honda mit ihren Fahrern und ihrer Fahrerin zum Start f\u00fcr die erste QV-T\u00f6fftour.<\/p>\n<p>Sozia Martha Nussbaum erh\u00f6ht die Frauenquote zum Gl\u00fcck ein bisschen. Los geht\u2019s via Brugg, B\u00f6zberg, Benkerjoch hoch zur Saalh\u00f6he, wo wir bei Kafi und frischen Gipfeli die K\u00fchle unter den Waldb\u00e4umen geniessen. Fachsimpeln \u00fcber unsere T\u00f6ffs geh\u00f6rt dazu. Spannend sind einzelne Geschichten zu den eher \u00e4lteren Motorr\u00e4dern. Weiter geht die Fahrt vorbei an vertr\u00e4umten H\u00f6fen und Weiden via Balstahl bis nach Safenwil. Die Atmosph\u00e4re auf dem Gel\u00e4nde der Emil Frey AG ist aufgeladen mit Knattern, Dr\u00f6hnen und R\u00f6hren. Entsprechend der in die Jahre gekommenen Vier- und Zweir\u00e4der, die auf dem Parcours ihre Showrunden drehten, war die Luft ziemlich benzingeschw\u00e4ngert. Mit dem Servelat in der einen und dem Rivella in der anderen Hand \u00a0flanieren wir durch mehrere Jahrzehnte Auto- und Motorradgeschichte. Hier haben sich nicht nur aufpolierte und liebevoll gehegte Trouvaillen versammelt sondern auch Designkultur. Zum Gl\u00fcck gibt es Liebhaber, die viel Zeit und Geld in ihre motorisierten Zeitzeugen investieren. Auf der Heimfahrt sind wir dann wieder vom uniformen und eher uninspirierten Formeneinerlei der heutigen Autoindustrie umgeben. Stephan Meyner hat die Tour auf seinem GPS gespeichert, sodass wir ohne Umwege und in gem\u00e4chlichem Tempo gegen 17 Uhr Wettingen \u00a0erreichen, wo wir in unserem Garten beim k\u00fchlen Ap\u00e9ro den Tag ausklingen lassen.<\/p>\n<p>Dominique Girod<\/p>\n<p><a href=\"https:\/\/www.qv-langenstein-altenburg.ch\/wp-content\/uploads\/2016\/09\/T\u00f6ff1.jpg\"><img loading=\"lazy\" decoding=\"async\" class=\"alignnone wp-image-1343 \" src=\"https:\/\/www.qv-langenstein-altenburg.ch\/wp-content\/uploads\/2016\/09\/T\u00f6ff1-300x225.jpg\" alt=\"\" width=\"312\" height=\"236\" \/><\/a> <a href=\"https:\/\/www.qv-langenstein-altenburg.ch\/wp-content\/uploads\/2016\/09\/Apero-nach-der-Tour.jpg\"><img loading=\"lazy\" decoding=\"async\" class=\"alignnone wp-image-1342 \" src=\"https:\/\/www.qv-langenstein-altenburg.ch\/wp-content\/uploads\/2016\/09\/Apero-nach-der-Tour-300x246.jpg\" alt=\"\" width=\"288\" height=\"236\" srcset=\"https:\/\/www.qv-langenstein-altenburg.ch\/wp-content\/uploads\/2016\/09\/Apero-nach-der-Tour-300x246.jpg 300w, https:\/\/www.qv-langenstein-altenburg.ch\/wp-content\/uploads\/2016\/09\/Apero-nach-der-Tour.jpg 567w\" sizes=\"auto, (max-width: 288px) 100vw, 288px\" \/><\/a><\/p>\n<p style=\"font-size: 2em; font-weight: bold; line-height: 100%;\"><a href=\"https:\/\/www.qv-langenstein-altenburg.ch\/wp-content\/uploads\/2015\/03\/trennlinie5.jpg\"><img decoding=\"async\" src=\"https:\/\/www.qv-langenstein-altenburg.ch\/wp-content\/uploads\/2015\/03\/trennlinie5.jpg\" alt=\"\" \/><\/a><\/p>\n<p style=\"font-size: 2em; font-weight: bold; line-height: 100%;\">Falkner<\/p>\n<p style=\"font-weight: bold; line-height: 100%;\">Sonntag, 23. Oktober\u00a02016, 14 Uhr<\/p>\n<p>Am Sonntagnachmittag fanden rund 25 naturbegeisterte Erwachsene und Kinder den Weg ins Eigi. Der Falkner Karl Meier gestaltete, trotz nicht idealem Flugwetter, gemeinsam mit seinen zwei V\u00f6geln eine faszinierende Vorf\u00fchrung.<\/p>\n<p>Zu Beginn brachte Karl Meier den Besuchern die Greifv\u00f6gel, die in der Schweiz heimisch sind, n\u00e4her. Mit Pr\u00e4paraten von Sperber, Habicht, Turmfalke, Milan, etc. zog er auch die j\u00fcngeren Teilnehmer in seinen Bann.<\/p>\n<p>Im Anschluss liess er seine beiden Falken fliegen. Mit einer Beuteattrappe, Federspiel genannt, die an einer ca. 2 Meter langen Leine befestigt ist, wird der Falke trainiert. Am Federspiel ist u.a. ein St\u00fcck Fleisch befestigt. Karl Meier kreist die Leine wie ein Lasso \u00fcber dem Kopf. F\u00fcr den Vogel stellt es eine Beute dar. Instinktiv greift der Vogel die Beute an.<\/p>\n<p>Ein Highlight f\u00fcr viele Besucher war, einen der Falken selber auf der Hand zu halten und mit ihm f\u00fcr ein Foto zu posieren.<\/p>\n<p>Ein grosses Dankesch\u00f6n geht an Karl Meier, der uns mit seinen beiden Greifv\u00f6geln einen spannenden Einblick in sein aussergew\u00f6hnliches Hobby, der Falknerei, gew\u00e4hrte.<\/p>\n<p><a href=\"https:\/\/www.qv-langenstein-altenburg.ch\/wp-content\/uploads\/2015\/10\/IMG_5122.jpg\"><img loading=\"lazy\" decoding=\"async\" class=\"alignnone size-medium wp-image-1428\" src=\"https:\/\/www.qv-langenstein-altenburg.ch\/wp-content\/uploads\/2015\/10\/IMG_5122-300x225.jpg\" alt=\"img_5122\" width=\"300\" height=\"225\" srcset=\"https:\/\/www.qv-langenstein-altenburg.ch\/wp-content\/uploads\/2015\/10\/IMG_5122-300x225.jpg 300w, https:\/\/www.qv-langenstein-altenburg.ch\/wp-content\/uploads\/2015\/10\/IMG_5122-1024x768.jpg 1024w, https:\/\/www.qv-langenstein-altenburg.ch\/wp-content\/uploads\/2015\/10\/IMG_5122-624x468.jpg 624w\" sizes=\"auto, (max-width: 300px) 100vw, 300px\" \/><\/a><a href=\"https:\/\/www.qv-langenstein-altenburg.ch\/wp-content\/uploads\/2015\/10\/IMG_5127.jpg\"><img loading=\"lazy\" decoding=\"async\" class=\"alignnone size-medium wp-image-1430\" src=\"https:\/\/www.qv-langenstein-altenburg.ch\/wp-content\/uploads\/2015\/10\/IMG_5127-300x225.jpg\" alt=\"img_5127\" width=\"300\" height=\"225\" srcset=\"https:\/\/www.qv-langenstein-altenburg.ch\/wp-content\/uploads\/2015\/10\/IMG_5127-300x225.jpg 300w, https:\/\/www.qv-langenstein-altenburg.ch\/wp-content\/uploads\/2015\/10\/IMG_5127-1024x768.jpg 1024w, https:\/\/www.qv-langenstein-altenburg.ch\/wp-content\/uploads\/2015\/10\/IMG_5127-624x468.jpg 624w\" sizes=\"auto, (max-width: 300px) 100vw, 300px\" \/><\/a><\/p>\n<div class='dropdown_box '>\r\n\t<a href=\"#\" class=\"showmore\">\r\n\t\t<span class='view_modifier hide' data-show=\"Fotogalerie\" data-hide=\"weniger\">Fotogalerie<\/span> \t<\/a>\r\n\t<div class=\"inner_text hide\">\r\n\t\tngg_shortcode_2_placeholder\n\t<\/div>\r\n<\/div>\r\n\n<p><a href=\"https:\/\/www.qv-langenstein-altenburg.ch\/wp-content\/uploads\/2015\/03\/trennlinie5.jpg\"><img decoding=\"async\" src=\"https:\/\/www.qv-langenstein-altenburg.ch\/wp-content\/uploads\/2015\/03\/trennlinie5.jpg\" alt=\"\" \/><\/a><\/p>\n<p style=\"font-size: 2em; font-weight: bold; line-height: 100%;\">Metzgete<\/p>\n<p style=\"font-weight: bold; line-height: 100%;\">Samstag, 5. November 2016, 18.30 Uhr<\/p>\n<p>Wir laden Sie alle herzlich ein im Restaurant Freihof dem Genuss von W\u00fcrsten, Rippli und Schn\u00f6rrli zu fr\u00f6nen. R\u00f6sti, Sauerkraut und angeregte Gespr\u00e4che runden die deftigen K\u00f6stlichkeiten ab.<\/p>\n<p>Detaillierte <a href=\"https:\/\/www.qv-langenstein-altenburg.ch\/wp-content\/uploads\/2016\/08\/Metzgete.pdf\" target=\"_blank\">Informationen<\/a> im Mitgliederversand vom August\u00a02016.<br \/>\n<a href=\"https:\/\/www.qv-langenstein-altenburg.ch\/?page_id=15\">Anmeldung (unter Angabe der Anzahl Personen) erforderlich bis 27. Oktober 2016<\/a><\/p>\n<p><a href=\"https:\/\/www.qv-langenstein-altenburg.ch\/wp-content\/uploads\/2015\/03\/trennlinie5.jpg\"><img decoding=\"async\" src=\"https:\/\/www.qv-langenstein-altenburg.ch\/wp-content\/uploads\/2015\/03\/trennlinie5.jpg\" alt=\"\" \/><\/a><\/p>\n<p style=\"font-size: 2em; font-weight: bold; line-height: 100%;\">Laternenumzug durchs Altenburg-Quartier<\/p>\n<p style=\"font-weight: bold; line-height: 100%;\">Mittwoch, 16. November 2016, 17 Uhr bis 18 Uhr, Treffpunkt Kirche St. Anton<\/p>\n<p>Nach dem Erz\u00e4hlen der Sankt Martins &#8211; Geschichte spazieren\u00a0wir mit\u00a0unseren mitgebrachten Laternen singend, plaudernd fr\u00f6hlich durchs Quartier.\u00a0<span style=\"font-size: 1rem;\">Bei Tee und Lebkuchen lassen wir\u00a0den Vorabend\u00a0ausklingen.<\/span><\/p>\n<p>Wir freuen uns auf einen stimmungsvollen Abend mit vielen Kindern und Eltern.<br \/>\nBei schlechtem Wetter verk\u00fcrzen wir unsere Route.<\/p>\n<p>Detaillierte Informationen finden Sie <a href=\"https:\/\/www.qv-langenstein-altenburg.ch\/wp-content\/uploads\/2016\/11\/Laternenumzug_2016.pdf\" target=\"_blank\">hier<\/a>.<\/p>\n<p><a href=\"https:\/\/www.qv-langenstein-altenburg.ch\/wp-content\/uploads\/2015\/03\/trennlinie5.jpg\"><img decoding=\"async\" src=\"https:\/\/www.qv-langenstein-altenburg.ch\/wp-content\/uploads\/2015\/03\/trennlinie5.jpg\" alt=\"\" \/><\/a><\/p>\n<p><a title=\"Programm 2015\" href=\"https:\/\/www.qv-langenstein-altenburg.ch\/?page_id=10\">Programm 2015<\/a><\/p>\n<p><a href=\"https:\/\/www.qv-langenstein-altenburg.ch\/wp-content\/uploads\/2015\/03\/trennlinie5.jpg\"><img decoding=\"async\" src=\"https:\/\/www.qv-langenstein-altenburg.ch\/wp-content\/uploads\/2015\/03\/trennlinie5.jpg\" alt=\"\" \/><\/a><\/p>\n<p><a title=\"Programm 2014\" href=\"https:\/\/www.qv-langenstein-altenburg.ch\/?page_id=365\">Programm 2014<\/a><\/p>\n<p><a href=\"https:\/\/www.qv-langenstein-altenburg.ch\/wp-content\/uploads\/2015\/03\/trennlinie5.jpg\"><img decoding=\"async\" src=\"https:\/\/www.qv-langenstein-altenburg.ch\/wp-content\/uploads\/2015\/03\/trennlinie5.jpg\" alt=\"\" \/><\/a><\/p>\n<p><a title=\"Programm 2013\" href=\"https:\/\/www.qv-langenstein-altenburg.ch\/?page_id=368\">Programm 2013<\/a><\/p>\n<p><a href=\"https:\/\/www.qv-langenstein-altenburg.ch\/wp-content\/uploads\/2015\/03\/trennlinie5.jpg\"><img decoding=\"async\" src=\"https:\/\/www.qv-langenstein-altenburg.ch\/wp-content\/uploads\/2015\/03\/trennlinie5.jpg\" alt=\"\" \/><\/a><\/p>\n","protected":false},"excerpt":{"rendered":"<p>112. Generalversammlung Freitag, 18. M\u00e4rz 2016, 19.00 Uhr Restaurant Zwyssighof, Wettingen An der 112. Generalversammlung des Quartiervereins Langenstein-Altenburg standen neben dem R\u00fcckblick aufs\u00a0\u00a0111-Jahr-Jubil\u00e4um diverse Wahlen auf der Traktandenliste.\u00a0Nach 14 Jahren im Vorstand und 11 Jahren als Pr\u00e4sidentin hat Dominique\u00a0Eliane Girod ihr Amt zur Verf\u00fcgung gestellt. Sabine Schoop und Beat\u00a0Suter, beide langj\u00e4hrige Vorstandsmitglieder, haben diese Aufgabe [&hellip;]<\/p>\n","protected":false},"author":1,"featured_media":0,"parent":0,"menu_order":0,"comment_status":"open","ping_status":"open","template":"","meta":{"_exactmetrics_skip_tracking":false,"_exactmetrics_sitenote_active":false,"_exactmetrics_sitenote_note":"","_exactmetrics_sitenote_category":0,"ngg_post_thumbnail":0,"footnotes":""},"class_list":["post-1105","page","type-page","status-publish","hentry"],"_links":{"self":[{"href":"https:\/\/www.qv-langenstein-altenburg.ch\/index.php?rest_route=\/wp\/v2\/pages\/1105","targetHints":{"allow":["GET"]}}],"collection":[{"href":"https:\/\/www.qv-langenstein-altenburg.ch\/index.php?rest_route=\/wp\/v2\/pages"}],"about":[{"href":"https:\/\/www.qv-langenstein-altenburg.ch\/index.php?rest_route=\/wp\/v2\/types\/page"}],"author":[{"embeddable":true,"href":"https:\/\/www.qv-langenstein-altenburg.ch\/index.php?rest_route=\/wp\/v2\/users\/1"}],"replies":[{"embeddable":true,"href":"https:\/\/www.qv-langenstein-altenburg.ch\/index.php?rest_route=%2Fwp%2Fv2%2Fcomments&post=1105"}],"version-history":[{"count":80,"href":"https:\/\/www.qv-langenstein-altenburg.ch\/index.php?rest_route=\/wp\/v2\/pages\/1105\/revisions"}],"predecessor-version":[{"id":1487,"href":"https:\/\/www.qv-langenstein-altenburg.ch\/index.php?rest_route=\/wp\/v2\/pages\/1105\/revisions\/1487"}],"wp:attachment":[{"href":"https:\/\/www.qv-langenstein-altenburg.ch\/index.php?rest_route=%2Fwp%2Fv2%2Fmedia&parent=1105"}],"curies":[{"name":"wp","href":"https:\/\/api.w.org\/{rel}","templated":true}]}}