{"id":12,"date":"2015-02-05T00:29:44","date_gmt":"2015-02-04T23:29:44","guid":{"rendered":"http:\/\/www.qv-langenstein-altenburg.ch\/?page_id=12"},"modified":"2025-04-04T14:14:47","modified_gmt":"2025-04-04T12:14:47","slug":"ueber-uns","status":"publish","type":"page","link":"https:\/\/www.qv-langenstein-altenburg.ch\/?page_id=12","title":{"rendered":"Der Verein"},"content":{"rendered":"<p><a href=\"https:\/\/www.qv-langenstein-altenburg.ch\/wp-content\/uploads\/2015\/03\/trennlinie5.jpg\"><img decoding=\"async\" src=\"https:\/\/www.qv-langenstein-altenburg.ch\/wp-content\/uploads\/2015\/03\/trennlinie5.jpg\" alt=\"\"><\/a><\/p>\n<p>Am 10. September 1904 wurde der Quartierverein Langenstein-Altenburg gegr\u00fcndet.&nbsp;Der Vereinszweck bestand darin, dem abseits des Dorfkerns liegenden Wohngebiet eine gewisse Gleichstellung im Bereich Strassenbau, Elektrifizierung, Schulhausbau, Postfiliale und Postzustellung zu verschaffen. Auch eine&nbsp;angemessene Vertretung im Gemeinderat und in der Lehrerschaft waren wichtige Anliegen. Dass die &#8222;D\u00f6rfler&#8220; dabei privilegiert waren, ist noch heute bekannt.<\/p>\n<p>Faksimile aus dem Gr\u00fcndungsprotokoll:<\/p>\n<p><a href=\"https:\/\/www.qv-langenstein-altenburg.ch\/wp-content\/uploads\/2015\/02\/Gr\u00fcndung-1904.jpg\"><img loading=\"lazy\" decoding=\"async\" class=\"alignnone  wp-image-584\" src=\"https:\/\/www.qv-langenstein-altenburg.ch\/wp-content\/uploads\/2015\/02\/Gr\u00fcndung-1904-300x280.jpg\" alt=\"Gr\u00fcndung 1904\" width=\"454\" height=\"424\" srcset=\"https:\/\/www.qv-langenstein-altenburg.ch\/wp-content\/uploads\/2015\/02\/Gr\u00fcndung-1904-300x280.jpg 300w, https:\/\/www.qv-langenstein-altenburg.ch\/wp-content\/uploads\/2015\/02\/Gr\u00fcndung-1904-1024x957.jpg 1024w, https:\/\/www.qv-langenstein-altenburg.ch\/wp-content\/uploads\/2015\/02\/Gr\u00fcndung-1904-624x583.jpg 624w, https:\/\/www.qv-langenstein-altenburg.ch\/wp-content\/uploads\/2015\/02\/Gr\u00fcndung-1904.jpg 1338w\" sizes=\"auto, (max-width: 454px) 100vw, 454px\" \/><\/a><\/p>\n<p><strong>Ausz\u00fcge aus der Chronik von 1979, von J. Joho<br \/>\n<\/strong>Der Quartierverein hat eine bewegte Geschichte. W\u00e4hrend der Kriege wurde die Vereinst\u00e4tigkeit gar unterbrochen. Am Anfang waren die Traktanden sehr politisch. Man wollte denen im Dorf die Stirn bieten und mitreden k\u00f6nnen. So wurden regelm\u00e4ssig &#8222;Abgeordnete&#8220; des Vereins an die Gemeindeversammlungen entsandt. Schon damals standen Fragen zum Strassenverkehr im Fokus der Diskussionen. Aber auch der Service public war von Interesse; im Dorf wurde die Post dreimal t\u00e4glich verteilt, im Langenstein nur einmal.<\/p>\n<p>1905 haben die Anwohner\/-innen&nbsp;die Privatstrassen im Quartier Langenstein-Altenburg auf eigene Faust mit Schildern versehen (Kosten: Fr. \u2013.50\/T\u00e4feli)&nbsp;und ohne Bewilligung des Gemeinderates getauft: Grenz-, Quartier-, B\u00e4ker-,&nbsp;Wiesen-, Reb-, Badener-, Neu-, Altenburg- und Gartenstrasse. \u00dcber&nbsp;den Standort zum neuen Schulhaus war man sich hingegen&nbsp;gar nicht einig. Die Gem\u00fcter erhitzten sich derart, dass &#8222;sich die Versammlung in einem allgemeinen Tumult aufl\u00f6ste&#8220;.<\/p>\n<p>1917 wird &nbsp;wegen zu geringer Steuerert\u00e4gen&nbsp;die &#8222;Verschmelzung&#8220; mit Baden vorgeschlagen.<\/p>\n<p>1941 werden zusammen mit dem&nbsp;Quartierverein Kloster Vortr\u00e4ge&nbsp;zum Thema \u00abAnbauschlacht\u00bb im&nbsp;Gem\u00fcsebeet organisiert. Regelm\u00e4ssig wird an den Sitzungen f\u00fcr die Armen eine &#8222;Tellersammlung&#8220; veranstaltet.<\/p>\n<p>1969&nbsp;brannte den QV-Mitgliedern&nbsp;das Ausl\u00e4nderproblem (34 Nationen), die in der Fr\u00fch \u00fcberf\u00fcllten Busse und die Entwicklung von Wettingen (es fehle der Stadtcharakter) unter den N\u00e4geln.<\/p>\n<p>1978 \u2013 7 Jahre nach der Einf\u00fchrung des Frauenstimmrechtes in der Schweiz \u2013&nbsp;d\u00fcrfen auch die Frauen in den Quartierverein eintreten. Das Votum des Pr\u00e4sidenten&nbsp;war nicht ganz uneigenn\u00fctzig, denn der Verein litt an akutem Mitgliedermangel. Trotzdem: Vielen Dank, Heinz Zgraggen f\u00fcr den Antrag, zuk\u00fcnftig auch die Ehefrauen als Mitglieder aufzunehmen!<br \/>\nDas Altenburgfest findet zum ersten Mal statt. Die Quartierchronik h\u00e4lt&nbsp;akribisch fest: 600 Glac\u00e9stengel, 500 Servelats und 45 Kilo Brot wurden verzehrt.<\/p>\n<p>Zu den denkw\u00fcrdigen Ereignissen in unserem Quartier geh\u00f6ren:<br \/>\n\u2022 Der Bau der reformierten Kirche 1939, des Altenburgschulhauses 1949 und<br \/>\nder Kirche St. Anton 1952.<br \/>\n\u2022 Die Einf\u00fchrung von Tempo 30 im Jahre 2001 auf unseren Quartierstrassen.<\/p>\n<p><em>Die Chronik 1904\u20131979, <strong>75 Jahre Quartierverein Langenstein-Altenburg,<\/strong> kann als<\/em><br \/>\n<em> Faksimile-Druck zum Selbstkostenpreis von Fr. 20.- beim Verein bezogen werden.<\/em><br \/>\n<em> Heft A5, 48 Seiten.<\/em><br \/>\n<span style=\"text-decoration: underline;\"><a href=\"https:\/\/www.qv-langenstein-altenburg.ch\/?page_id=15\">Hier bestellen<\/a><\/span><\/p>\n<p><strong>Der Quartierverein Langenstein-Altenburg heute<br \/>\n<\/strong>Wohnqualit\u00e4t, Gemeinschaftssinn, Nachbarschaftshilfe und der Austausch mit den Beh\u00f6rden stehen heute im Fokus der Vereinsarbeit. Rundg\u00e4nge&nbsp;zu Geschichte, Architektur&nbsp;und&nbsp;Natur finden regelm\u00e4ssig statt um das Bewusstsein f\u00fcr die Sch\u00f6nheiten und Eigenheiten und auch f\u00fcr die Qualit\u00e4t unseres Wohnquartiers&nbsp;zu sch\u00e4rfen.&nbsp;Am allj\u00e4hrlichen Boccia-Abend treffen sich \u00e4ltere und j\u00fcngere Quartierbewohner\/-innen im lauschigen Boccia-Club zum gemeinsamen Spiel. Im Sommer findet das traditionelle Quartierfest mit Kinderflohmi beim Altenburgschulhaus statt. Familien und auch \u00e4ltere Bewohnerinnen und Bewohner des Quartiers geniessen&nbsp;es, Zeit zum Plaudern und Austauschen zu haben.<\/p>\n<p><a href=\"https:\/\/www.qv-langenstein-altenburg.ch\/wp-content\/uploads\/2015\/02\/QV-Fest_9.1_20141.jpg\"><img loading=\"lazy\" decoding=\"async\" class=\"alignnone  wp-image-611\" src=\"https:\/\/www.qv-langenstein-altenburg.ch\/wp-content\/uploads\/2015\/02\/QV-Fest_9.1_20141-300x122.jpg\" alt=\"QV-Fest_9.1_2014\" width=\"433\" height=\"176\" srcset=\"https:\/\/www.qv-langenstein-altenburg.ch\/wp-content\/uploads\/2015\/02\/QV-Fest_9.1_20141-300x122.jpg 300w, https:\/\/www.qv-langenstein-altenburg.ch\/wp-content\/uploads\/2015\/02\/QV-Fest_9.1_20141-624x254.jpg 624w, https:\/\/www.qv-langenstein-altenburg.ch\/wp-content\/uploads\/2015\/02\/QV-Fest_9.1_20141.jpg 920w\" sizes=\"auto, (max-width: 433px) 100vw, 433px\" \/><\/a><\/p>\n<p>2015 lanciert der Quartierverein im Rahmen seines 111-Jahr-Jubil\u00e4ums das Projekt &#8222;Strassen festen mit&#8220;. Die Idee soll \u00fcber&nbsp;das Jubil\u00e4umsjahr hinaus nachhaltig wirken&nbsp;\u2013&nbsp;mit dem Ziel, den &#8222;Gr\u00fcezi&#8220;-Effekt zu st\u00e4rken. Wir&nbsp;sind \u00fcberzeugt, dass dort, wo man sich kennt, man sich auch gr\u00fcsst. In Strassen, die bis heute noch kein Strassenfest durchf\u00fchren,&nbsp;sollen deshalb ab 2015 ebenfalls Strassenfeste stattfinden. Der Quartierverein unterst\u00fctzt Interessentinnen und Interessenten mit Coachings und Fact-Sheets und steuert zu jedem neuen&nbsp;Strassenfest ein Starter-Kit bei.<\/p>\n<p>Aktuell hat der Verein rund 340 Mitglieder in 210&nbsp;Haushalten.<\/p>\n<p><a href=\"https:\/\/www.qv-langenstein-altenburg.ch\/wp-content\/uploads\/2025\/04\/2025_QVLA_Statuten.pdf\" target=\"_blank\" rel=\"noopener\">Statuten des Vereins<\/a><\/p>\n<p><a href=\"https:\/\/www.qv-langenstein-altenburg.ch\/wp-content\/uploads\/2017\/02\/2025_Quartiervereine_Flyer.pdf\" target=\"_blank\" rel=\"noopener\">Plan Quartiervereine Wettingen<\/a><\/p>\n<p><a href=\"https:\/\/www.qv-langenstein-altenburg.ch\/wp-content\/uploads\/2015\/03\/trennlinie5.jpg\"><img decoding=\"async\" src=\"https:\/\/www.qv-langenstein-altenburg.ch\/wp-content\/uploads\/2015\/03\/trennlinie5.jpg\" alt=\"\"><\/a><\/p>\n<p>Der Jahresbeitrag betr\u00e4gt Fr. 20.&#8211; pro Person, Fr. 30.&#8211; f\u00fcr Familien und Firmen<br \/>\n<a href=\"https:\/\/www.qv-langenstein-altenburg.ch\/?page_id=18\">Mitglied werden<\/a><\/p>\n<div>&nbsp;<\/div>\n","protected":false},"excerpt":{"rendered":"<p>Am 10. September 1904 wurde der Quartierverein Langenstein-Altenburg gegr\u00fcndet.&nbsp;Der Vereinszweck bestand darin, dem abseits des Dorfkerns liegenden Wohngebiet eine gewisse Gleichstellung im Bereich Strassenbau, Elektrifizierung, Schulhausbau, Postfiliale und Postzustellung zu verschaffen. Auch eine&nbsp;angemessene Vertretung im Gemeinderat und in der Lehrerschaft waren wichtige Anliegen. Dass die &#8222;D\u00f6rfler&#8220; dabei privilegiert waren, ist noch heute bekannt. Faksimile aus [&hellip;]<\/p>\n","protected":false},"author":1,"featured_media":0,"parent":0,"menu_order":0,"comment_status":"closed","ping_status":"closed","template":"","meta":{"_exactmetrics_skip_tracking":false,"_exactmetrics_sitenote_active":false,"_exactmetrics_sitenote_note":"","_exactmetrics_sitenote_category":0,"ngg_post_thumbnail":0,"footnotes":""},"class_list":["post-12","page","type-page","status-publish","hentry"],"_links":{"self":[{"href":"https:\/\/www.qv-langenstein-altenburg.ch\/index.php?rest_route=\/wp\/v2\/pages\/12","targetHints":{"allow":["GET"]}}],"collection":[{"href":"https:\/\/www.qv-langenstein-altenburg.ch\/index.php?rest_route=\/wp\/v2\/pages"}],"about":[{"href":"https:\/\/www.qv-langenstein-altenburg.ch\/index.php?rest_route=\/wp\/v2\/types\/page"}],"author":[{"embeddable":true,"href":"https:\/\/www.qv-langenstein-altenburg.ch\/index.php?rest_route=\/wp\/v2\/users\/1"}],"replies":[{"embeddable":true,"href":"https:\/\/www.qv-langenstein-altenburg.ch\/index.php?rest_route=%2Fwp%2Fv2%2Fcomments&post=12"}],"version-history":[{"count":39,"href":"https:\/\/www.qv-langenstein-altenburg.ch\/index.php?rest_route=\/wp\/v2\/pages\/12\/revisions"}],"predecessor-version":[{"id":4416,"href":"https:\/\/www.qv-langenstein-altenburg.ch\/index.php?rest_route=\/wp\/v2\/pages\/12\/revisions\/4416"}],"wp:attachment":[{"href":"https:\/\/www.qv-langenstein-altenburg.ch\/index.php?rest_route=%2Fwp%2Fv2%2Fmedia&parent=12"}],"curies":[{"name":"wp","href":"https:\/\/api.w.org\/{rel}","templated":true}]}}