{"id":1763,"date":"2018-02-23T11:37:19","date_gmt":"2018-02-23T10:37:19","guid":{"rendered":"http:\/\/www.qv-langenstein-altenburg.ch\/?page_id=1763"},"modified":"2019-03-06T00:03:34","modified_gmt":"2019-03-05T23:03:34","slug":"programm-2018","status":"publish","type":"page","link":"https:\/\/www.qv-langenstein-altenburg.ch\/?page_id=1763","title":{"rendered":"Programm 2018"},"content":{"rendered":"<h1>R\u00fcckblick 2018<\/h1>\n<p><a href=\"https:\/\/www.qv-langenstein-altenburg.ch\/wp-content\/uploads\/2018\/02\/Bulletin_Web_2018.pdf\" target=\"_blank\" rel=\"noopener\">Hier<\/a> finden Sie das Quartier-Bulletin 2018&nbsp;in vereinfachter Version als pdf.<\/p>\n<p><a href=\"https:\/\/www.qv-langenstein-altenburg.ch\/wp-content\/uploads\/2015\/03\/trennlinie5.jpg\"><img decoding=\"async\" src=\"https:\/\/www.qv-langenstein-altenburg.ch\/wp-content\/uploads\/2015\/03\/trennlinie5.jpg\" alt=\"\"><\/a><\/p>\n<p style=\"font-size: 2em; font-weight: bold; line-height: 100%;\"><strong>Heimat &#8211; eine Grenzerfahrung<\/strong><\/p>\n<p><strong>Samstag, 20. Januar 2018<\/strong><\/p>\n<div class=\"page\" title=\"Page 6\">\n<div class=\"layoutArea\">\n<div class=\"column\">\n<p>\u00abWas ist Heimat? Ein Ort oder ein Gef\u00fchl? Eine Nation oder eine Kindheitserinne- rung?\u00bb<\/p>\n<p>18 Mitglieder des Quartiervereins bega ben sich an diesem nasskalten Januartag auf eine Entdeckungsreise zu inneren und \u00e4usseren Grenzen, um der Antwort auf diese Fragen n\u00e4her zu kommen. Dabei begegneten sie dem \u00abVertrauten\u00bb in Form von Bildern, Ger\u00fcchen und T\u00f6nen aber auch dem \u00abUnheimlichen\u00bb, welches&nbsp;unserem Wunsch nach Heimat entgegen&nbsp;steht. Wir begegneten Menschen, die ihre Heimat \u00fcberall hin mit sich nehmen, und solchen, die sie nie finden und wagten am Schluss einen visuellen Trip ins Weltall, um einen nachdenklichen Blick auf unseren im Kosmos verschwindend kleinen Heimatplaneten Erde zu werfen. Der von Sabine Schoop iniziierte Ausflug erf\u00fcllte die Erwartungen der Teilnehmenden in hohem Masse, woran auch die k\u00fchlen Runden auf dem Riesenrad nichts \u00e4nderten, auf denen sich die zuf\u00e4llig zusammengestellten Menschen in den Kapseln auf am\u00fcsante Weise mit ihren verschiedenen Einstellungen auseinandersetzten.<\/p>\n<p><a href=\"https:\/\/www.qv-langenstein-altenburg.ch\/wp-content\/uploads\/2015\/03\/trennlinie5.jpg\"><img decoding=\"async\" src=\"https:\/\/www.qv-langenstein-altenburg.ch\/wp-content\/uploads\/2015\/03\/trennlinie5.jpg\" alt=\"\"><\/a><\/p>\n<p style=\"font-size: 2em; font-weight: bold; line-height: 100%;\"><strong>114. Generalversammlung des QV<\/strong><\/p>\n<p><strong>Freitag, 23. M\u00e4rz 2018<\/strong><\/p>\n<div class=\"page\" title=\"Page 1\">\n<div class=\"layoutArea\">\n<div class=\"column\">\n<p>In gewohnter Manier fand die 114. GV des Quartiervereins Langenstein-Altenburg 2018 im Restaurant Zwyssighof statt. Nach dem Ap\u00e9ro mit vielen angeregten Gespr\u00e4chen, begr\u00fcsste Co-Pr\u00e4sident Beat Suter die 42 anwesenden Mitglieder. Sie genossen zuerst,&nbsp; das vom Verein offerierte, Essen an den sch\u00f6n dekorierten Tischen im grossen Saal.<br \/>\nAnschliessend f\u00fchrte Beat Suter locker und z\u00fcgig durch den offiziellen Teil des Abends.&nbsp; Der Vorstand und die Revisoren wurden per Akklamation wiedergew\u00e4hlt. Der diesj\u00e4hrige Unterst\u00fctzungsbeitrag des QVLA, welcher jeweils einer im Quartierbereich engagierten Institution oder Tr\u00e4gerschaft zugesprochen wird, ging dieses Jahr an den Verein Kino Orient.&nbsp; Walter Ruggle erz\u00e4hlte Interessantes \u00fcber die Geschichte des Kinos und den Verein, welcher mit 1350 Mitgliedern&nbsp;der gr\u00f6sste kulturelle Verein in Wettingen ist. Der Betrieb erfolgt durch viel freiwilliges Engagement. Das Kino Orient versteht sich auch als Begegnungsort. Es ist mit einer Bar ausgestattet und bietet ein Programm mit ausgesuchten Filmen aus Afrika, Asien, Lateinamerika und dem \u00f6stlichen Europa sowie Klassiker.&nbsp;<br \/>\nNach dem anschliessenden Dessert blieb noch Zeit f\u00fcr nachbarschaftliche Gespr\u00e4che zu lokalem und globalem Geschehen.<\/p>\nngg_shortcode_0_placeholder\n<p><a href=\"https:\/\/www.qv-langenstein-altenburg.ch\/wp-content\/uploads\/2015\/03\/trennlinie5.jpg\"><img decoding=\"async\" src=\"https:\/\/www.qv-langenstein-altenburg.ch\/wp-content\/uploads\/2015\/03\/trennlinie5.jpg\" alt=\"\"><\/a><\/p>\n<\/div>\n<p style=\"font-size: 2em; font-weight: bold; line-height: 100%;\"><strong>Boccia-Abend<\/strong><\/p>\n<p><strong>Mittwoch, 13. Juni 2018<\/strong><\/p>\n<p>Die 3 B Veranstaltung (Boccia, Bratwurst, Bier) am 13. Juni in unserer gr\u00fcnen Oase konnte leider nicht durchgef\u00fchrt werden \u2013 und zwar wegen Regen am entsprechenden Nachmittag, weshalb \u201aSandmeister\u2019 Valli die Bahn nicht pr\u00e4parieren konnte.<\/p>\n<p>Kaum zu glauben, dass in diesem Sommer 2018 eine Veranstaltung wegen Regens abgesagt werden musste.<\/p>\n<p><a href=\"https:\/\/www.qv-langenstein-altenburg.ch\/wp-content\/uploads\/2015\/03\/trennlinie5.jpg\"><img decoding=\"async\" src=\"https:\/\/www.qv-langenstein-altenburg.ch\/wp-content\/uploads\/2015\/03\/trennlinie5.jpg\" alt=\"\"><\/a><\/p>\n<p style=\"font-size: 2em; font-weight: bold; line-height: 100%;\">Quartierfest Langenstein-Altenburg&nbsp;<\/p>\n<p><strong>Freitag, 31. August 2018<\/strong><\/p>\n<p>\u201eVerbringen Sie einen lauschigen Sommerabend bei einem k\u00fchlen Bier oder einem Glas Weisswein bei Musik und Grillduft beim Schulhaus Altenburg.\u201c&nbsp;So war das seit langem angedacht und dass es ganz anders kommen k\u00f6nnte, war im Verlauf dieses nicht endenden&nbsp; Prachtsommers&nbsp; fast nicht mehr vorstellbar.&nbsp;Aber irgendwann geht jeder Sommer zu Ende und so lief uns beim Aufstellen der Tische das Regenwasser in den Nacken, machten sich die Flohmarktkinder unter dem Vordach die trockenen Pl\u00e4tze streitig und fragten wir uns nach dem Sinn des ger\u00e4umigen K\u00fchlwagens.&nbsp;Lag es etwa am Datum, welches dem Freitag, 13. allzu \u00e4hnlich war?<\/p>\n<p>Aber dann liess der Regen nach, ert\u00f6nte s\u00fcdamerikanische Musik aus den Lautsprechern, umwehte der Duft von Grillw\u00fcrsten die Nasen, f\u00fcllten sich die Sitzpl\u00e4tze im beleuchteten \u201aSch\u00e4rmen\u2019, wurden die ersten Weinkorken gezogen, liessen sich immer mehr G\u00e4ste vom reichhaltigen Kuchenbuffet bet\u00f6ren und erklang die rassige Musik der \u201aBl\u00e4serbande\u2019-Kids \u00fcber den Platz.<\/p>\n<p>So kam es dann doch noch fast so, wie wir es uns bei der Planung erhofft hatten. Eine wunderbare Stimmung stellte sich ein, es wurde gelacht, geschmaust, geplaudert, ger\u00e4tselt und schliesslich der tolle Auftritt der Gipsy-Band \u201aKupus\u2019\u201a beklatscht. Es wurde ein richtig gem\u00fctlicher Abend und der grosse Einsatz vieler HelferInnen wurde doch noch belohnt.<\/p>\n<p>Ein spezielles Dankesch\u00f6n geht hierbei an Yvonne Linge, Karl Guyer und Alex Schaufelb\u00fchl f\u00fcr ihren unerm\u00fcdlichen Einsatz am Q-Fest 2018.<\/p>\nngg_shortcode_1_placeholder\n<\/div>\n<\/div>\n<\/div>\n<p>&nbsp;<\/p>\n<p><a href=\"https:\/\/www.qv-langenstein-altenburg.ch\/wp-content\/uploads\/2015\/03\/trennlinie5.jpg\"><img decoding=\"async\" src=\"https:\/\/www.qv-langenstein-altenburg.ch\/wp-content\/uploads\/2015\/03\/trennlinie5.jpg\" alt=\"\"><\/a><\/p>\n<p style=\"font-size: 2em; font-weight: bold; line-height: 100%;\"><strong>Drachenfliegen&nbsp;mit Julio und Holger<\/strong><\/p>\n<p><strong>Sonntag, 21.&nbsp;Oktober&nbsp;2018, 10:30 &#8211; 12:30 Uhr : <span style=\"color: #000000;\">abgesagt wegen&nbsp;zu wenig Wind.<\/span><br \/>\n<span style=\"color: #000000;\">Sonntag, 28. Oktober 2018, 10:30 &#8211; 12:30 Uhr:&nbsp;abgesagt wegen&nbsp;Regen.<\/span><\/strong><\/p>\n<p><strong>Treffpunkt: Schwimmbad Baden, beim Eingang Seminarstrasse&nbsp;<\/strong><\/p>\n<p><a href=\"https:\/\/www.qv-langenstein-altenburg.ch\/wp-content\/uploads\/2018\/02\/IMG_8986.png\"><img loading=\"lazy\" decoding=\"async\" class=\"alignnone wp-image-1779\" src=\"https:\/\/www.qv-langenstein-altenburg.ch\/wp-content\/uploads\/2018\/02\/IMG_8986-169x300.png\" alt=\"\" width=\"126\" height=\"225\" srcset=\"https:\/\/www.qv-langenstein-altenburg.ch\/wp-content\/uploads\/2018\/02\/IMG_8986-169x300.png 169w, https:\/\/www.qv-langenstein-altenburg.ch\/wp-content\/uploads\/2018\/02\/IMG_8986-576x1024.png 576w, https:\/\/www.qv-langenstein-altenburg.ch\/wp-content\/uploads\/2018\/02\/IMG_8986-624x1110.png 624w, https:\/\/www.qv-langenstein-altenburg.ch\/wp-content\/uploads\/2018\/02\/IMG_8986.png 750w\" sizes=\"auto, (max-width: 126px) 100vw, 126px\" \/><\/a><a href=\"https:\/\/www.qv-langenstein-altenburg.ch\/wp-content\/uploads\/2018\/02\/IMG_8941-e1519380350940.jpg\"><img loading=\"lazy\" decoding=\"async\" class=\"alignnone wp-image-1766 size-medium\" src=\"https:\/\/www.qv-langenstein-altenburg.ch\/wp-content\/uploads\/2018\/02\/IMG_8941-300x225.jpg\" alt=\"\" width=\"300\" height=\"225\"><\/a><a href=\"https:\/\/www.qv-langenstein-altenburg.ch\/wp-content\/uploads\/2018\/02\/IMG_8986.png\"><img loading=\"lazy\" decoding=\"async\" class=\"alignnone wp-image-1779\" src=\"https:\/\/www.qv-langenstein-altenburg.ch\/wp-content\/uploads\/2018\/02\/IMG_8986-169x300.png\" alt=\"\" width=\"126\" height=\"225\" srcset=\"https:\/\/www.qv-langenstein-altenburg.ch\/wp-content\/uploads\/2018\/02\/IMG_8986-169x300.png 169w, https:\/\/www.qv-langenstein-altenburg.ch\/wp-content\/uploads\/2018\/02\/IMG_8986-576x1024.png 576w, https:\/\/www.qv-langenstein-altenburg.ch\/wp-content\/uploads\/2018\/02\/IMG_8986-624x1110.png 624w, https:\/\/www.qv-langenstein-altenburg.ch\/wp-content\/uploads\/2018\/02\/IMG_8986.png 750w\" sizes=\"auto, (max-width: 126px) 100vw, 126px\" \/><\/a><\/p>\n<p>Im Herbst bl\u00e4st der Wind und die Bl\u00e4tter wirbeln durch die Luft. Die richtige Zeit zum Drachenfliegen! Der Quartierverein Langenstein-Altenburg wird&nbsp;am Sonntag, 21. Oktober 2018 das&nbsp;Drachenfliegen &#8211;&nbsp;weil es letztes Jahr so sch\u00f6n war -zum zweiten Mal&nbsp;durchf\u00fchren. Bei schlechten Windverh\u00e4ltnissen wird der Anlass um &nbsp;eine Woche verschoben. Leider konnte der Anlass an beiden Daten nicht stattfinden. Wir werden&nbsp;ihn n\u00e4chstes Jahr im Herbst wiederholen. <a style=\"font-size: 1rem;\" href=\"https:\/\/www.qv-langenstein-altenburg.ch\/wp-content\/uploads\/2015\/03\/trennlinie5.jpg\"><img decoding=\"async\" src=\"https:\/\/www.qv-langenstein-altenburg.ch\/wp-content\/uploads\/2015\/03\/trennlinie5.jpg\" alt=\"\"><\/a><\/p>\n<p style=\"font-size: 2em; font-weight: bold; line-height: 100%;\"><strong>Weindegustation in unserer Quartier-Weinhandlung <\/strong><\/p>\n<p><strong>Freitag, 2. November 2018, 18 Uhr, Weinhandlung Sacripanti, L\u00e4gernstrasse 17<\/strong><\/p>\n<p>Am 2. November 2018 trafen sich sechzehn Weininteressierte bei Vini Sacripanti zu einem Degustationsabend. Vini Sacripanti beliefert seit einigen Jahren das Quartierfest mit Wein. Durch den Abend f\u00fchrte Simona Sacripanti, Maria-Luisa Sacripanti war die zweite Gastgeberin, die immer wieder Interessantes einflocht.&nbsp; Zuerst erz\u00e4hlten sie&nbsp; die Geschichte der Weinhandlung. &nbsp;Anschliessend gab sie zu jedem der 2 Weissweine und 6 Rotweine eine Einf\u00fchrung zum Weingut und zum Wein selber. Beim Degustieren wurden rege die Eindr\u00fccke und pers\u00f6nlichen Vorlieben ausgetauscht. Zu den Weinen gab es ein grossz\u00fcgiges italienisches Ap\u00e9ro-Buffet mit kleinen H\u00e4ppchen wie Parmesan, Schinken, Eingelegtes und Geb\u00e4ck, welches auch auf Begeisterung stiess. Manche der Anwesenden nahmen die Gelegenheit wahr, den einen oder anderen Lieblingswein f\u00fcr ihren Keller zu bestellen.<\/p>\n<p>Die Anwesenden haben einen interessanten, anregenden und vor allem genussvollen Abend bei Vini Sacripanti verbracht.<\/p>\nngg_shortcode_2_placeholder\n<p><a href=\"https:\/\/www.qv-langenstein-altenburg.ch\/wp-content\/uploads\/2015\/03\/trennlinie5.jpg\"><img decoding=\"async\" src=\"https:\/\/www.qv-langenstein-altenburg.ch\/wp-content\/uploads\/2015\/03\/trennlinie5.jpg\" alt=\"\"><\/a><\/p>\n<p style=\"font-size: 2em; font-weight: bold; line-height: 100%;\"><strong>Metzgete im Restaurant Freihof<\/strong><\/p>\n<p><strong>Samstag, 17. November 2018, &nbsp;18 Uhr, Restaurant Freihof, Wettingen<\/strong><\/p>\n<p>Wenn die kalten Wintertage kommen, braucht man was Deftiges im Magen, zum Beispiel eine feine Metzgete mit W\u00fcrsten, Schn\u00f6rrli, R\u00f6sti, Sauerkraut und \u00d6pfelschnitz. Bericht und Fotos folgen.<\/p>\n<p><a href=\"https:\/\/www.qv-langenstein-altenburg.ch\/wp-content\/uploads\/2015\/03\/trennlinie5.jpg\"><img decoding=\"async\" src=\"https:\/\/www.qv-langenstein-altenburg.ch\/wp-content\/uploads\/2015\/03\/trennlinie5.jpg\" alt=\"\"><\/a><\/p>\n<\/div>\n<p style=\"font-size: 2em; font-weight: bold; line-height: 100%;\"><span style=\"font-size: 28px;\"><b>Adventskalender Langenstein-<\/b><\/span><span style=\"font-size: 28px;\"><b>Altenburg<\/b><\/span><\/p>\n<p>Nachdem Vreni Neukomm w\u00e4hrend 20 Jahren daf\u00fcr geschaut hat, dass im Langenstein- Altenburg im Dezember bunte Adventsfenster leuchten, wollte sie die Organisation abgeben. Darum ist sie an den Quartierverein mit der Bitte gelangt, ob er die Organisation \u00fcbernehmen k\u00f6nnte. Im Vorstand \u00fcbernahm Yvonne Linge, mit Unterst\u00fctzung von Sabine Schoop, die Organisation. Dank guten Unterlagen konnte im Oktober mit der Suche nach BastlerInnen begonnen werden. Anf\u00e4nglich kamen Anmeldungen , aber sp\u00e4ter wurde es doch noch harzig um die letzte L\u00fccken zu f\u00fcllen. Nachdem der Routenplan verschickt worden war, konnten dann doch noch die letzten zwei L\u00fccken&nbsp; geschlossen werden. So erstrahlten 24 bunte, unterschiedlich gestaltete Fenster. &nbsp;<\/p>\n<p>Herzlichen Dank an Alle, die wieder ein Fenster gestaltet haben und die positiven R\u00fcckmeldungen, die uns motivieren, auch im 2019 die Adventsfenster zu initiieren.<\/p>\n<\/div>\n","protected":false},"excerpt":{"rendered":"<p>R\u00fcckblick 2018 Hier finden Sie das Quartier-Bulletin 2018&nbsp;in vereinfachter Version als pdf. Heimat &#8211; eine Grenzerfahrung Samstag, 20. Januar 2018 \u00abWas ist Heimat? Ein Ort oder ein Gef\u00fchl? Eine Nation oder eine Kindheitserinne- rung?\u00bb 18 Mitglieder des Quartiervereins bega ben sich an diesem nasskalten Januartag auf eine Entdeckungsreise zu inneren und \u00e4usseren Grenzen, um der [&hellip;]<\/p>\n","protected":false},"author":1,"featured_media":0,"parent":0,"menu_order":0,"comment_status":"open","ping_status":"open","template":"","meta":{"_exactmetrics_skip_tracking":false,"_exactmetrics_sitenote_active":false,"_exactmetrics_sitenote_note":"","_exactmetrics_sitenote_category":0,"ngg_post_thumbnail":0,"footnotes":""},"class_list":["post-1763","page","type-page","status-publish","hentry"],"_links":{"self":[{"href":"https:\/\/www.qv-langenstein-altenburg.ch\/index.php?rest_route=\/wp\/v2\/pages\/1763","targetHints":{"allow":["GET"]}}],"collection":[{"href":"https:\/\/www.qv-langenstein-altenburg.ch\/index.php?rest_route=\/wp\/v2\/pages"}],"about":[{"href":"https:\/\/www.qv-langenstein-altenburg.ch\/index.php?rest_route=\/wp\/v2\/types\/page"}],"author":[{"embeddable":true,"href":"https:\/\/www.qv-langenstein-altenburg.ch\/index.php?rest_route=\/wp\/v2\/users\/1"}],"replies":[{"embeddable":true,"href":"https:\/\/www.qv-langenstein-altenburg.ch\/index.php?rest_route=%2Fwp%2Fv2%2Fcomments&post=1763"}],"version-history":[{"count":67,"href":"https:\/\/www.qv-langenstein-altenburg.ch\/index.php?rest_route=\/wp\/v2\/pages\/1763\/revisions"}],"predecessor-version":[{"id":1951,"href":"https:\/\/www.qv-langenstein-altenburg.ch\/index.php?rest_route=\/wp\/v2\/pages\/1763\/revisions\/1951"}],"wp:attachment":[{"href":"https:\/\/www.qv-langenstein-altenburg.ch\/index.php?rest_route=%2Fwp%2Fv2%2Fmedia&parent=1763"}],"curies":[{"name":"wp","href":"https:\/\/api.w.org\/{rel}","templated":true}]}}