{"id":1892,"date":"2018-11-27T20:48:29","date_gmt":"2018-11-27T19:48:29","guid":{"rendered":"http:\/\/www.qv-langenstein-altenburg.ch\/?page_id=1892"},"modified":"2020-10-27T20:34:27","modified_gmt":"2020-10-27T19:34:27","slug":"programm-2019","status":"publish","type":"page","link":"https:\/\/www.qv-langenstein-altenburg.ch\/?page_id=1892","title":{"rendered":"Programm 2019"},"content":{"rendered":"<p><a href=\"https:\/\/www.qv-langenstein-altenburg.ch\/wp-content\/uploads\/2019\/04\/Bulletin_19_web.pdf\" target=\"_blank\" rel=\"noopener\">Hier<\/a> finden Sie das Quartier-Bulletin 2019 in vereinfachter Version als pdf.<\/p>\n<h1>R\u00fcckblick&nbsp;<a href=\"https:\/\/www.qv-langenstein-altenburg.ch\/wp-content\/uploads\/2015\/03\/trennlinie5.jpg\"><img decoding=\"async\" src=\"https:\/\/www.qv-langenstein-altenburg.ch\/wp-content\/uploads\/2015\/03\/trennlinie5.jpg\" alt=\"\"><\/a><\/h1>\n<div class=\"page\" title=\"Page 1\">\n<div class=\"layoutArea\">\n<div class=\"column\">\n<h1>Besichtigung Zweifel Chips<\/h1>\n<p><strong>Mittwoch, 23. Januar 2019, &nbsp;13:30 Uhr, Zweifel Chips Spreitenbach<\/strong><\/p>\n<p>Im Besucherzentrum der Firma Zweifel trafen sich 25 interessierte Mitglieder zu einer F\u00fchrung durch die Produktion. Zu Beginn wurde&nbsp; eine Pr\u00e4sentation gezeigt, die sich unter Anderem mit der Firmengeschichte, der Gesch\u00e4ftsphilosophie, dem Weg zu einem neuen Produkt, Sortiment und dem Umweltschutz &nbsp;befasste. Dann war der Start durch die Produktion. F\u00fcr die F\u00fchrung wurden wir in zwei Gruppen aufgeteilt. Aus Hygiene- und Sicherheitsgr\u00fcnden musste der Schmuck ausgezogen werden &nbsp;und wir zogen weisse Schutzsch\u00fcrzen-und H\u00e4ubchen an. An verschiedenen Stationen zwischen der Anlieferung der Kartoffeln bis zur Auslieferung gab es m\u00fcndliche Informationen und an Hand von Infotafeln. Leider gab es ein technisches Problem, was zur Folge hatte, dass die Produktion nicht lief. Zum Abschluss wurden an den Tischen verschiedene Chips herumgereicht, die degustiert werden konnten. Und es wurde rege \u00fcber die verschiedenen Geschmacksrichtungen ausgetauscht. Nach der M\u00f6glichkeit, Produkte aus dem grossen Chipssortiment zu kaufen, gab es f\u00fcr alle Teilnehmenden einen orangen Sack, gef\u00fcllt mit verschiedenen Produkten.<\/p>\n<p>Es war eine interessante F\u00fchrung durch eine innovative Firma.<\/p>\nngg_shortcode_0_placeholder\n<p>&nbsp;<\/p>\n<p><a href=\"https:\/\/www.qv-langenstein-altenburg.ch\/wp-content\/uploads\/2015\/03\/trennlinie5.jpg\"><img decoding=\"async\" src=\"https:\/\/www.qv-langenstein-altenburg.ch\/wp-content\/uploads\/2015\/03\/trennlinie5.jpg\" alt=\"\"><\/a><\/p>\n<h1>115. Generalversammlung<\/h1>\n<p><strong>Freitag, 22. M\u00e4rz 2019, Rest. Zwyssighof<\/strong><\/p>\n<p>Lag es am prominenten Gastreferenten, Gemeindeammann Roland Kuster, oder an der erstmaligen Organisation der GV mittels Anmeldeverfahren? Jedenfalls war der neu und eindr\u00fccklich dekorierte Saal des Zwyssighofes proppenvoll mit \u00fcber 70 interessierten (und wohl auch hungrigen) Mitgliedern.<\/p>\n<p>Herr Kuster ging in seinem schwungvollen Referat auf ein paar wesentliche Entwicklungsvorhaben ein, welche unsere Gemeinde und auch das Langenstein-Altenburg Quartier auf Jahre hinaus stark betreffen werden (BNO, Ausbau Landstrasse, Bahnhofareal). Die vorgesehene halbe Stunde reichte nicht, um auf alle diese bedeutenden Vorhaben einzugehen, aber, wie unser QV Copr\u00e4sident Beat Suter in seinem Dank an den Gemeindeammann bemerkte: \u201eBei einem guten Film schaut man auch nicht auf die Uhr und hofft, dass er bald zu Ende ist\u201c.<\/p>\n<p>Nach einem feinen Nachtessen ging die GV z\u00fcgig \u00fcber die B\u00fchne. Hauptpunkte der Traktandenliste waren die geplanten Aktivit\u00e4ten 2019, insbesondere der neu lancierte Quartierflohmarkt im Mai und das etwas anders aufgegleiste Altenburgfest Ende August; (siehe Informationen dazu im Bulletin), die Wahl der zwei neuen Vorstandsmitglieder Melanie Rumpold und Thomas Zgraggen, sowie die Verabschiedung des nach 15 Jahren aus dem QVV zur\u00fccktretenden Hans M\u00fcller.<\/p>\n<p>Dieser offizielle Teil des Abends ging in bekannt z\u00fcgiger und von Beat Suter locker gemanagter Art \u00fcber die B\u00fchne, sodass schon bald das Dessert aufgetragen werden konnte.<\/p>\n<p>Bis der Saal sich leerte, verging jedoch noch etliche Zeit. Die Besucher*innen wollten sich noch \u00fcber das Geh\u00f6rte austauschen, die Gesellschaft von Freunden und Bekannten geniessen, und etliche versuchten \u2013 durchaus mit Erfolg \u2013 das verzwickte R\u00e4tsel im Bulletin zu knacken. Die L\u00f6sung findet sich untenstehend.<\/p>\nngg_shortcode_1_placeholder\n<p><a href=\"https:\/\/www.qv-langenstein-altenburg.ch\/wp-content\/uploads\/2015\/03\/trennlinie5.jpg\"><img decoding=\"async\" src=\"https:\/\/www.qv-langenstein-altenburg.ch\/wp-content\/uploads\/2015\/03\/trennlinie5.jpg\" alt=\"\"><\/a><\/p>\n<p>L\u00f6sung Bulletin R\u00e4tsel<\/p>\n<p>Waagrecht: 1) INSERAT (\u201aein Star\u2019 umordnen) 5) STAU (in ReSTAUrant, STAUbsauger) 7) HANS in cHANS\u00e7on, 8) Besuch bei ZWEIFEL Chips 9) KUSTER (Kruste, K\u00fcster, Gdeammann) 10) Silbe 1 + Silbe 2 =RATHAUS, 2 \u2013 1 = HAUSRAT 12) VALLI (Kurt, Centovalli) 14) in METZGETEilt<\/p>\n<p>Senkrecht: 2) MAIBACH (Markus, Gemeinderat) 3) REGEN (Neger) 4) UTOSTRASSE (aus Statusrose, verbindet Baden und Wettingen) 6) FLOHMARKT 9) KLOSTER (Klo und Ster) 11) WINKELRIED&nbsp; 13) dRACHEn.<\/p>\n<p><a href=\"https:\/\/www.qv-langenstein-altenburg.ch\/wp-content\/uploads\/2015\/03\/trennlinie5.jpg\"><img decoding=\"async\" src=\"https:\/\/www.qv-langenstein-altenburg.ch\/wp-content\/uploads\/2015\/03\/trennlinie5.jpg\" alt=\"\"><\/a><\/p>\n<h1>Haust\u00fcrflohmarkt<\/h1>\n<p><strong>Samstag, 18. Mai 2019, div. Quartierstrassen<\/strong><\/p>\n<p>&nbsp;<\/p>\n<p>An \u00fcber 50 St\u00e4nden wurden Waren angeboten, gekauft, getauscht und verschenkt.&nbsp;Die St\u00e4nde waren bunt, sorgsam hergerichtet und best\u00fcckt mit attraktiven Angeboten von Gross und Klein.&nbsp;Dazu gab es vielerorts Kaffee und Kuchen, ein Gl\u00e4schen Wein oder gar Bratw\u00fcrste.&nbsp;Es herrschte reger Verkehr in den Quartierstrassen, allerorts gute Stimmung und auch das Wetter spielte mit.&nbsp;Das Gesch\u00e4ften stand bei vielen nicht an erster Stelle. Wichtiger waren die guten Kontakte, ein gem\u00fctlicher Schwatz oder das Kennenlernen seiner Nachbarn an der Strasse und im Quartier.<\/p>\n<p>Alle waren sich einig: der Anlass sollte auch n\u00e4chstes Jahr stattfinden!<\/p>\n<p>Hier einige Eindr\u00fccke vom gut besuchten Haust\u00fcrflohmarkt in unserem Quartier.<\/p>\nngg_shortcode_2_placeholder\n<p>&nbsp;<\/p>\n<p><a href=\"https:\/\/www.qv-langenstein-altenburg.ch\/wp-content\/uploads\/2019\/06\/Limmatwelle-Nr-21.pdf\" target=\"_blank\" rel=\"noopener\">Hier<\/a> finden Sie den Beitrag in der Limmatwelle &nbsp;vom 23. Mai 2019.<\/p>\n<p><a href=\"https:\/\/www.qv-langenstein-altenburg.ch\/wp-content\/uploads\/2015\/03\/trennlinie5.jpg\"><img decoding=\"async\" src=\"https:\/\/www.qv-langenstein-altenburg.ch\/wp-content\/uploads\/2015\/03\/trennlinie5.jpg\" alt=\"\"><\/a><\/p>\n<h1>Bocccia-Abend<\/h1>\n<p><strong>Mittwoch, 26. Juni 2019, Bocciaclub bei Tennisplatz<\/strong><\/p>\n<p>Nachdem es letztes Jahr zu nass war, war das Wetter dieses Jahr sehr heiss. So haben sich 15 Mitglieder an diesem Abend getroffen. Der Bocciaabend startete im Schatten mit einem k\u00fchlen Getr\u00e4nk. Danach wurde auf beiden Bahnen fleissig eingespielt. Dies gab Hunger und Durst. Gest\u00e4rkt mit Wurst und Brot wurden auf beiden Bahnen einige Runden gespielt. Auf und neben der Bahn wurde angeregt \u00fcber das Spiel und dies und das diskutiert. Im Schatten und bei angenehmen Temperaturen klang der gem\u00fctliche Abend bei einem letzten Getr\u00e4nk aus. Es war wieder ein sch\u00f6ner Abend in der gr\u00fcnen Oase des Bocciaclubs. Wir danken Kurt Valli, dass er diesen Abend erm\u00f6glicht und durch den Abend gef\u00fchrt hat. Ebenso danken wir dem Bocciaclub f\u00fcr die Gastfreundschaft. Und freuen uns auf den n\u00e4chsten Bocciaabend.<\/p>\nngg_shortcode_3_placeholder\n<p><a href=\"https:\/\/www.qv-langenstein-altenburg.ch\/wp-content\/uploads\/2015\/03\/trennlinie5.jpg\"><img decoding=\"async\" src=\"https:\/\/www.qv-langenstein-altenburg.ch\/wp-content\/uploads\/2015\/03\/trennlinie5.jpg\" alt=\"\"><\/a><\/p>\n<h1>Quartierfest Langenstein-Altenburg 2019<\/h1>\n<p><strong>Samstag, 31. August 2019, ab 16 Uhr,&nbsp;<\/strong><strong>Schulhausareal Altenburg<br \/>\n<\/strong><\/p>\n<div class=\"page\" title=\"Page 22\">\n<div class=\"layoutArea\">\n<div class=\"column\">\n<p>Schon im Laufe der Woche zeichnete sich ab, dass wir in diesem Jahr mit unserem Quartierfest Wettergl\u00fcck haben w\u00fcrden. Anfang Nachmittag wurden fleissig Tische, B\u00e4nke und die Infrastruktur f\u00fcr die Band aufgestellt.&nbsp;Kurz vor vier Uhr f\u00fcllte sich der Platz mit Kindern, die am traditionellen Kinderflohmi ihre Sachen anboten. Jungwacht und Blauring luden auf der Wiese zu Spiel und Spass ein.&nbsp;Am Stand der Regionalgruppe von Terre des Hommes wurden viele Kinder bunt geschminkt. Es war ein buntes Treiben auf dem Platz.<\/p>\n<p>Die kulinarischen Gen\u00fcsse kamen immer mehr in den Mittelpunkt. Ein Buffet mit einer grossen Auswahl an verschiedensten Kuchen durfte nicht fehlen. Das feine Steinpilz-Risotto vom Holzherd war schnell ausverkauft. W\u00fcrste und Salate fanden grossen Zuspruch. An diesem wundervollen Sommerabend durften ein k\u00fchles Bier und ein feiner Wein nicht fehlen.<\/p>\n<p>Den musikalischen Auftakt bestritten mit ihren frohen Melodien die <strong><a href=\"http:\/\/www.schluempf.ch\" target=\"_blank\" rel=\"noopener\">Schl\u00fcmpfe<\/a> &#8211; Music for Fun&nbsp;<\/strong>aus Baden. Die Fotos des Quartierr\u00e4tsels wurden rege diskutiert. Hier finden Sie die Aufl\u00f6sung des R\u00e4tsels:&nbsp;<a href=\"https:\/\/www.qv-langenstein-altenburg.ch\/wp-content\/uploads\/2019\/09\/2019-09-L\u00f6sungen-Quartierfestr\u00e4tsel.pdf\" target=\"_blank\" rel=\"noopener\">2019 09 L\u00f6sungen Quartierfestr\u00e4tsel<\/a><\/p>\n<p>Als musikalischen Haupt-Act spielte das <strong><a href=\"http:\/\/www.richmanskitchenorchestra.ch\" target=\"_blank\" rel=\"noopener\">The Rich Man&#8217;s Kitchen Orchestra<\/a>&nbsp;<\/strong>viele tolle St\u00fccke, zu denen zuerst die Kinder und dann auch die Erwachsenen tanzten.<\/p>\n<p>Wir danken allen Helferinnen und Helfer, die zu diesem tollen, fr\u00f6hlichen Fest an diesem warmen Sp\u00e4tsommerabend beigetragen haben und freuen uns auf das n\u00e4chste Fest in zwei Jahren.<\/p>\nngg_shortcode_4_placeholder\n<\/div>\n<\/div>\n<\/div>\n<p><a href=\"https:\/\/www.qv-langenstein-altenburg.ch\/wp-content\/uploads\/2015\/03\/trennlinie5.jpg\"><img decoding=\"async\" src=\"https:\/\/www.qv-langenstein-altenburg.ch\/wp-content\/uploads\/2015\/03\/trennlinie5.jpg\" alt=\"\"><\/a><\/p>\n<h1>Kulinarische F\u00fchrung durchs Dorf<\/h1>\n<p><strong>Samstag, 21. September 2019, von 16 Uhr bis ca. 18 Uhr<br \/>\n<\/strong>F\u00fchrung mit Silvia Hochstrasser<\/p>\n<p>An einem wunderbar sonnigen Samstagnachmittag trafen sich vor dem Rathaus 30 Interessierte zu dieser F\u00fchrung mit Silvia Hochstrasser.&nbsp; Gestartet wurde im Rathaus mit Interessantem zur Geschichte und der \u201eStadt\u201c-Entwicklung der Gemeinde und die Bedeutung des Klosters. Ein Highlight war die Aussicht von der Dachterrasse des Rathauses, von welcher eine tolle Aussicht in alle Himmelsrichtungen genossen wurde. Bei jeder Station, im Rathaussaal, vor dem Gluri Suter Haus, auf dem alten Friedhof und dem Lindenplatz erz\u00e4hlte Silvia Hochstrasser viel Interessantes, Ernstes, Lustiges zu den verschiedensten Themen. An jeder Station wurden Spezialit\u00e4ten von Wettinger Produzenten gereicht. Im Rathaus Brezel und Fassbrause, beim Gluri Suter Haus D\u00f6rrfr\u00fcchte und ger\u00f6stete N\u00fcsse, beim alten Friedhof Trockenw\u00fcrste und Weisswein, auf dem Lindenplatz Schokolade. Immer im Bezug zum Erz\u00e4hlten. Auf dem Zentrumsplatz durften alle noch eine Kugel Glace ausw\u00e4hlen. Beim Geniessen auf dem Platz wurde von den Teilnehmenden ausgetauscht, erz\u00e4hlt oder einfach genossen. Es war ein toller Nachmittag, der auch neue Facetten der Gemeinde Wettingen aufgezeigt hat. Silvia Hochstrasser hat mit viel Hintergrundwissen und Humor durch den Nachmittag gef\u00fchrt. Herzlichen Dank. Da die F\u00fchrung schnell ausgebucht war, wird sie im n\u00e4chsten Jahr wiederholt.<\/p>\nngg_shortcode_5_placeholder\n<p><a href=\"https:\/\/www.qv-langenstein-altenburg.ch\/wp-content\/uploads\/2015\/03\/trennlinie5.jpg\"><img decoding=\"async\" src=\"https:\/\/www.qv-langenstein-altenburg.ch\/wp-content\/uploads\/2015\/03\/trennlinie5.jpg\" alt=\"\"><\/a><\/p>\n<h1>Drachenfliegen mit Julio und Holger<\/h1>\n<p><strong>Sonntag, 20. Oktober 2019, 10:30 bis 12:30<\/strong><\/p>\n<div class=\"page\" title=\"Page 1\">\n<div class=\"section\">\n<div class=\"layoutArea\">\n<div class=\"column\">\n<p>&#8222;Im Herbst bl\u00e4st der Wind \u00fcber die Wiesen: Zeit, um die Drachen steigen zu lassen!&#8220; So hatten wir das Drachenfliegen angepriesen. Leider hat dann der Wind doch nicht so richtig herbstlich geblasen. Wir mussten den Wind selber erzeugen &#8211; &nbsp;durch schnelles Rennen.&nbsp;Trotzdem war es ein vergn\u00fcglicher Sonntagmorgen im Badener Schwimmbad und wir danken den&nbsp;zwei kundigen Drachenfliegern Julio Moral und Holger Linge herzlich f\u00fcr ihren Einsatz.&nbsp;<\/p>\nngg_shortcode_6_placeholder\n<\/div>\n<\/div>\n<\/div>\n<\/div>\n<p><a href=\"https:\/\/www.qv-langenstein-altenburg.ch\/wp-content\/uploads\/2015\/03\/trennlinie5.jpg\"><img decoding=\"async\" src=\"https:\/\/www.qv-langenstein-altenburg.ch\/wp-content\/uploads\/2015\/03\/trennlinie5.jpg\" alt=\"\"><\/a><\/p>\n<h1>Metzgete 2019<\/h1>\n<p><strong>Samstag,16. November 2019, 18 Uhr<\/strong><\/p>\n<div class=\"page\" title=\"Page 1\">\n<div class=\"section\">\n<div class=\"layoutArea\">\n<div class=\"column\">\n<p>Mit dem Einzug des Herbsts fand auch dieses Jahr wieder die Metzgete im Restaurant Freihof, Wettingen, statt.&nbsp;Das reichhaltige Buffet mit verschiedenen W\u00fcrsten, feinem Fleisch, R\u00f6sti und Sauerkraut lud zum Schlemmen ein.<\/p>\n<\/div>\n<\/div>\n<\/div>\n<\/div>\n<p>&nbsp;<\/p>\n<p><a href=\"https:\/\/www.qv-langenstein-altenburg.ch\/wp-content\/uploads\/2015\/03\/trennlinie5.jpg\"><img decoding=\"async\" class=\"\" src=\"https:\/\/www.qv-langenstein-altenburg.ch\/wp-content\/uploads\/2015\/03\/trennlinie5.jpg\" alt=\"\"><\/a><\/p>\n<h1>Adventsfenster 2019<\/h1>\n<p><strong>1. bis 25. Dezember 2019<\/strong><\/p>\n<div class=\"page\" title=\"Page 1\">\n<div class=\"layoutArea\">\n<div class=\"column\">\n<p>Das Langenstein-Altenburgquartier wurde auch dieses Jahr wieder mit 24 farbenfrohen Adventsfenstern in vorweihn\u00e4chtliche Stimmung gebracht. An einigen Tagen wartete bei der Fenster\u00f6ffnung zudem ein warmes Getr\u00e4nk oder eine kleine s\u00fcsse \u00dcberraschung auf die Besucherinnen und Besucher.<\/p>\n<p>Das war der Routenplan:&nbsp;<a href=\"https:\/\/www.qv-langenstein-altenburg.ch\/wp-content\/uploads\/2019\/11\/2019-Routenplan-Final.pdf\" target=\"_blank\" rel=\"noopener\">2019_Routenplan<\/a><\/p>\n<\/div>\n<\/div>\n<\/div>\n<p><a href=\"https:\/\/www.qv-langenstein-altenburg.ch\/wp-content\/uploads\/2015\/03\/trennlinie5.jpg\"><img decoding=\"async\" src=\"https:\/\/www.qv-langenstein-altenburg.ch\/wp-content\/uploads\/2015\/03\/trennlinie5.jpg\" alt=\"\"><\/a><\/p>\n<p>Werden Sie noch heute <a href=\"https:\/\/www.qv-langenstein-altenburg.ch\/?page_id=18\">Mitglied<\/a> des Quartiervereins Langenstein-Altenburg und unterst\u00fctzen Sie eine tolle Sache. Mit nur CHF 20.- pro Jahr und Person sind Sie mit dabei.<\/p>\n<p><a href=\"https:\/\/www.qv-langenstein-altenburg.ch\/wp-content\/uploads\/2015\/03\/trennlinie5.jpg\"><img decoding=\"async\" src=\"https:\/\/www.qv-langenstein-altenburg.ch\/wp-content\/uploads\/2015\/03\/trennlinie5.jpg\" alt=\"\"><\/a><\/p>\n<p>&nbsp;<\/p>\n<h1>&nbsp;<\/h1>\n<\/div>\n<\/div>\n<\/div>\n","protected":false},"excerpt":{"rendered":"<p>Hier finden Sie das Quartier-Bulletin 2019 in vereinfachter Version als pdf. R\u00fcckblick&nbsp; Besichtigung Zweifel Chips Mittwoch, 23. Januar 2019, &nbsp;13:30 Uhr, Zweifel Chips Spreitenbach Im Besucherzentrum der Firma Zweifel trafen sich 25 interessierte Mitglieder zu einer F\u00fchrung durch die Produktion. Zu Beginn wurde&nbsp; eine Pr\u00e4sentation gezeigt, die sich unter Anderem mit der Firmengeschichte, der Gesch\u00e4ftsphilosophie, [&hellip;]<\/p>\n","protected":false},"author":1,"featured_media":0,"parent":0,"menu_order":0,"comment_status":"closed","ping_status":"closed","template":"","meta":{"_exactmetrics_skip_tracking":false,"_exactmetrics_sitenote_active":false,"_exactmetrics_sitenote_note":"","_exactmetrics_sitenote_category":0,"ngg_post_thumbnail":0,"footnotes":""},"class_list":["post-1892","page","type-page","status-publish","hentry"],"_links":{"self":[{"href":"https:\/\/www.qv-langenstein-altenburg.ch\/index.php?rest_route=\/wp\/v2\/pages\/1892","targetHints":{"allow":["GET"]}}],"collection":[{"href":"https:\/\/www.qv-langenstein-altenburg.ch\/index.php?rest_route=\/wp\/v2\/pages"}],"about":[{"href":"https:\/\/www.qv-langenstein-altenburg.ch\/index.php?rest_route=\/wp\/v2\/types\/page"}],"author":[{"embeddable":true,"href":"https:\/\/www.qv-langenstein-altenburg.ch\/index.php?rest_route=\/wp\/v2\/users\/1"}],"replies":[{"embeddable":true,"href":"https:\/\/www.qv-langenstein-altenburg.ch\/index.php?rest_route=%2Fwp%2Fv2%2Fcomments&post=1892"}],"version-history":[{"count":67,"href":"https:\/\/www.qv-langenstein-altenburg.ch\/index.php?rest_route=\/wp\/v2\/pages\/1892\/revisions"}],"predecessor-version":[{"id":2415,"href":"https:\/\/www.qv-langenstein-altenburg.ch\/index.php?rest_route=\/wp\/v2\/pages\/1892\/revisions\/2415"}],"wp:attachment":[{"href":"https:\/\/www.qv-langenstein-altenburg.ch\/index.php?rest_route=%2Fwp%2Fv2%2Fmedia&parent=1892"}],"curies":[{"name":"wp","href":"https:\/\/api.w.org\/{rel}","templated":true}]}}