{"id":2,"date":"2015-02-04T22:57:33","date_gmt":"2015-02-04T22:57:33","guid":{"rendered":"http:\/\/www.qv-langenstein-altenburg.ch\/?page_id=2"},"modified":"2025-04-25T10:12:59","modified_gmt":"2025-04-25T08:12:59","slug":"beispiel-seite","status":"publish","type":"page","link":"https:\/\/www.qv-langenstein-altenburg.ch\/?page_id=2","title":{"rendered":"Vorstand"},"content":{"rendered":"<div class=\"tmm tmm_Vorstand\"><div class=\"tmm_4_columns tmm_wrap tmm_theme_f\"><span class=\"tmm_two_containers_tablet\"><\/span><div class=\"tmm_container\"><div class=\"tmm_member\" style=\"border-top:#e0629a solid 5px;\"><div class=\"tmm_photo tmm_pic_Vorstand_0\" style=\"background: url(https:\/\/www.qv-langenstein-altenburg.ch\/wp-content\/uploads\/2025\/04\/Ester-Trincado.jpg); margin-left: auto; margin-right:auto; background-size:cover !important;\"><\/div><div class=\"tmm_textblock\"><div class=\"tmm_names\"><span class=\"tmm_fname\">Ester<\/span> <span class=\"tmm_lname\">Trincado<\/span><\/div><div class=\"tmm_job\">Kommunikation<\/div><div class=\"tmm_desc\" style=\"text-align:\">Gemeinsam mit meinem Partner haben wir uns bewusst f\u00fcr dieses Quartier entschieden, um unser Kind in einer lebendigen und famili\u00e4ren Umgebung aufwachsen zu lassen. Ich sch\u00e4tze den Zusammenhalt der Gemeinschaft und das lebendige Quartierleben und freue mich, mich aktiv daf\u00fcr zu engagieren \u2013 besonders im Austausch mit Nachbarn und beim Mitgestalten eines offenen, kreativen Miteinanders.<\/div><div class=\"tmm_scblock\"><\/div><\/div><\/div><div class=\"tmm_member\" style=\"border-top:#e0629a solid 5px;\"><div class=\"tmm_photo tmm_pic_Vorstand_1\" style=\"background: url(https:\/\/www.qv-langenstein-altenburg.ch\/wp-content\/uploads\/2025\/04\/Markus-Maibach-e1745498840125.jpg); margin-left: auto; margin-right:auto; background-size:cover !important;\"><\/div><div class=\"tmm_textblock\"><div class=\"tmm_names\"><span class=\"tmm_fname\">Markus<\/span> <span class=\"tmm_lname\">Maibach<\/span><\/div><div class=\"tmm_job\">Kassa &amp; Mitglieder<\/div><div class=\"tmm_desc\" style=\"text-align:\">Seit \u00fcber 30 Jahren lebe ich mit meiner Familie an der Alpenstrasse 8. Nach meiner beruflichen Karriere als Verkehrs- und Umweltexperte und Vizeammann von Wettingen geniesse ich \u2013 nun auch als Grossvater - unser gr\u00fcnes und top gelegenes Quartier mit vielen Begegnungen mit allen Generationen. Und da bleibt viel Zeit f\u00fcr das Bespielen meiner Musikinstrumente und Velofahren, Wandern und einfach Sein.<\/div><div class=\"tmm_scblock\"><\/div><\/div><\/div><span class=\"tmm_two_containers_tablet\"><\/span><div class=\"tmm_member\" style=\"border-top:#e0629a solid 5px;\"><div class=\"tmm_photo tmm_pic_Vorstand_2\" style=\"background: url(https:\/\/www.qv-langenstein-altenburg.ch\/wp-content\/uploads\/2025\/04\/Thomas-Zgraggen.jpg); margin-left: auto; margin-right:auto; background-size:cover !important;\"><\/div><div class=\"tmm_textblock\"><div class=\"tmm_names\"><span class=\"tmm_fname\">Thomas<\/span> <span class=\"tmm_lname\">Zgraggen<\/span><\/div><div class=\"tmm_job\">Infrastruktur &amp; Inventar<\/div><div class=\"tmm_desc\" style=\"text-align:\">Als ich sechs Jahre alt war, sind wir von Ennetbaden an die Feldstrasse nach Wettingen gezogen. Sp\u00e4ter lebte ich einige Jahre an der Alberich Zwyssigstrasse, und heute wohne ich wieder mit meiner Freundin und unserer kleinen Tochter an der Feldstrasse \u2013 und f\u00fchle mich hier so richtig zuhause. Es ist mir ein pers\u00f6nliches Anliegen, unsere Umgebung aktiv mitzugestalten und so zur Lebensqualit\u00e4t und Attraktivit\u00e4t unseres Quartiers beizutragen.<\/div><div class=\"tmm_scblock\"><\/div><\/div><\/div><div class=\"tmm_member\" style=\"border-top:#e0629a solid 5px;\"><div class=\"tmm_photo tmm_pic_Vorstand_3\" style=\"background: url(https:\/\/www.qv-langenstein-altenburg.ch\/wp-content\/uploads\/2025\/04\/Jean-Michel-Vionnet-e1745499143945.jpg); margin-left: auto; margin-right:auto; background-size:cover !important;\"><\/div><div class=\"tmm_textblock\"><div class=\"tmm_names\"><span class=\"tmm_fname\">Jean-Michel<\/span> <span class=\"tmm_lname\">Vionnet<\/span><\/div><div class=\"tmm_job\">Jahresprogramm<\/div><div class=\"tmm_desc\" style=\"text-align:\">Ich lebe seit 15 Jahren mit meiner Familie im Altenburg-Quartier \u2013 einem Ort, den wir sehr sch\u00e4tzen. Besonders sch\u00f6n ist, dass die Kinder hier noch unbeschwert durch die Strassen ziehen k\u00f6nnen. Die Nachbarschaft ist lebendig und herzlich, gepr\u00e4gt von vielen Familien und spontanen Begegnungen.  Als Ausgleich zur Arbeit finde ich Ruhe beim Fischen auf der Limmat, beim Biken in der Natur oder beim Schwimmen.<\/div><div class=\"tmm_scblock\"><\/div><\/div><\/div><span class=\"tmm_two_containers_tablet\"><\/span><\/div><span class=\"tmm_columns_containers_desktop\"><\/span><div class=\"tmm_container\"><div class=\"tmm_member\" style=\"border-top:#e0629a solid 5px;\"><div class=\"tmm_photo tmm_pic_Vorstand_4\" style=\"background: url(https:\/\/www.qv-langenstein-altenburg.ch\/wp-content\/uploads\/2025\/04\/Yvonne-Linge.jpg); margin-left: auto; margin-right:auto; background-size:cover !important;\"><\/div><div class=\"tmm_textblock\"><div class=\"tmm_names\"><span class=\"tmm_fname\">Yvonne<\/span> <span class=\"tmm_lname\">Linge<\/span><\/div><div class=\"tmm_job\">Events<\/div><div class=\"tmm_desc\" style=\"text-align:\">Seit nun mehr als 15 Jahren wohne ich in Wettingen und bin Mama von zwei Kindern. Ich sch\u00e4tze diese lebendige Gemeinde sehr - besonders das vielf\u00e4ltige Angebot an Sport, Musik und Kultur. Um aktiv mitzuwirken, engagiere ich mich seit vielen Jahren in verschiedenen Vereinen. Meine Freizeit verbringe ich sehr gern mit Familie und Freunden - und liebend gern in der Natur, wo ich neue Energie tanken kann.<\/div><div class=\"tmm_scblock\"><\/div><\/div><\/div><div class=\"tmm_member\" style=\"border-top:#e0629a solid 5px;\"><div class=\"tmm_photo tmm_pic_Vorstand_5\" style=\"background: url(https:\/\/www.qv-langenstein-altenburg.ch\/wp-content\/uploads\/2025\/04\/MR_neu-e1745499484321.png); margin-left: auto; margin-right:auto; background-size:cover !important;\"><\/div><div class=\"tmm_textblock\"><div class=\"tmm_names\"><span class=\"tmm_fname\">Melanie<\/span> <span class=\"tmm_lname\">Rumpold<\/span><\/div><div class=\"tmm_job\">Grafik &amp; Gestaltung<\/div><div class=\"tmm_desc\" style=\"text-align:\">Gemeinsam mit meinem Mann lebe ich an der Sch\u00f6naustrasse - einem Ort, den ich f\u00fcr seine Vielfalt und das herzliche Miteinander sch\u00e4tze. Das Quartier besticht durch seine bauliche Struktur und das viele Gr\u00fcn, was es zu einem besonders lebenswerten Umfeld macht. Den Ausgleich zu meinem Arbeitsalltag im Bauverwaltungsbereich finde ich bei Familie und Freunden, beim Werkeln und Basteln oder in\u00a0unserem\u00a0Garten.<\/div><div class=\"tmm_scblock\"><\/div><\/div><\/div><span class=\"tmm_two_containers_tablet\"><\/span><div class=\"tmm_member\" style=\"border-top:#e0629a solid 5px;\"><div class=\"tmm_photo tmm_pic_Vorstand_6\" style=\"background: url(https:\/\/www.qv-langenstein-altenburg.ch\/wp-content\/uploads\/2025\/04\/Portrait-NK-Piukovic-sw-e1745498974490.jpg); margin-left: auto; margin-right:auto; background-size:cover !important;\"><\/div><div class=\"tmm_textblock\"><div class=\"tmm_names\"><span class=\"tmm_fname\">Nelly<\/span> <span class=\"tmm_lname\">Piukovic<\/span><\/div><div class=\"tmm_job\">Klausur<\/div><div class=\"tmm_desc\" style=\"text-align:\">Seit \u00fcber 15 Jahren lebe ich mit meiner Familie im Altenburg-Quartier. Unsere Kinder haben uns hier verwurzelt, und im Laufe der Zeit sind viele Freundschaften, wertvolle Bekanntschaften und herzliche Nachbarschaftskontakte entstanden. Beruflich bin ich in der Beratung und Bildung t\u00e4tig. In meiner Freizeit treffe ich mich gerne mit Freunden und Familie, reise, lese und geniesse den Urlaub hier und dort.<\/div><div class=\"tmm_scblock\"><\/div><\/div><\/div><div style=\"clear:both;\"><\/div><\/div><\/div><\/div>\n\n\n\n<p><\/p>\n","protected":false},"excerpt":{"rendered":"","protected":false},"author":1,"featured_media":0,"parent":0,"menu_order":0,"comment_status":"closed","ping_status":"closed","template":"page-templates\/full-width.php","meta":{"_exactmetrics_skip_tracking":false,"_exactmetrics_sitenote_active":false,"_exactmetrics_sitenote_note":"","_exactmetrics_sitenote_category":0,"ngg_post_thumbnail":0,"footnotes":""},"class_list":["post-2","page","type-page","status-publish","hentry"],"_links":{"self":[{"href":"https:\/\/www.qv-langenstein-altenburg.ch\/index.php?rest_route=\/wp\/v2\/pages\/2","targetHints":{"allow":["GET"]}}],"collection":[{"href":"https:\/\/www.qv-langenstein-altenburg.ch\/index.php?rest_route=\/wp\/v2\/pages"}],"about":[{"href":"https:\/\/www.qv-langenstein-altenburg.ch\/index.php?rest_route=\/wp\/v2\/types\/page"}],"author":[{"embeddable":true,"href":"https:\/\/www.qv-langenstein-altenburg.ch\/index.php?rest_route=\/wp\/v2\/users\/1"}],"replies":[{"embeddable":true,"href":"https:\/\/www.qv-langenstein-altenburg.ch\/index.php?rest_route=%2Fwp%2Fv2%2Fcomments&post=2"}],"version-history":[{"count":85,"href":"https:\/\/www.qv-langenstein-altenburg.ch\/index.php?rest_route=\/wp\/v2\/pages\/2\/revisions"}],"predecessor-version":[{"id":4500,"href":"https:\/\/www.qv-langenstein-altenburg.ch\/index.php?rest_route=\/wp\/v2\/pages\/2\/revisions\/4500"}],"wp:attachment":[{"href":"https:\/\/www.qv-langenstein-altenburg.ch\/index.php?rest_route=%2Fwp%2Fv2%2Fmedia&parent=2"}],"curies":[{"name":"wp","href":"https:\/\/api.w.org\/{rel}","templated":true}]}}