{"id":2320,"date":"2020-02-09T11:57:51","date_gmt":"2020-02-09T10:57:51","guid":{"rendered":"http:\/\/www.qv-langenstein-altenburg.ch\/?page_id=2320"},"modified":"2020-12-29T18:35:07","modified_gmt":"2020-12-29T17:35:07","slug":"programm-2020","status":"publish","type":"page","link":"https:\/\/www.qv-langenstein-altenburg.ch\/?page_id=2320","title":{"rendered":"Programm 2020"},"content":{"rendered":"<div class=\"page\" title=\"Page 1\">\n<div class=\"section\">\n<div class=\"layoutArea\">\n<div class=\"column\">&nbsp;<\/div>\n<\/div>\n<div class=\"layoutArea\">\n<div class=\"column\">\n<h1>Wir sind zur\u00fcck &#8230;<\/h1>\n<p>Liebe Mitglieder&nbsp;des Quartiervereins Langenstein-Altenburg<\/p>\n<\/div>\n<\/div>\n<div class=\"layoutArea\">\n<div class=\"column\">\n<p>Durch die bekannten Umst\u00e4nde mussten wir leider die meisten Veranstaltungen absagen. Es war aber umso sch\u00f6ner, dass wir im September eine tolle F\u00fchrung bei L\u00e4gereBr\u00e4u durchf\u00fchren konnten. Schon naht die Adventszeit, eine gute Gelegenheit f\u00fcr Spazierg\u00e4nge durch das Quartier &nbsp;&#8211; zum Beispiel auf dem Rundgang zu den Adventsfenstern.&nbsp;<\/p>\n<\/div>\n<\/div>\n<div class=\"layoutArea\">\n<div class=\"column\">\n<p>Aktuell sind wir an der Programmplanung f\u00fcr das 2021 &#8211; in der Hoffnung doch wieder die eine oder andere Veranstaltung durchzuf\u00fchren. Aus Coronagr\u00fcnden suchen wir Vorschl\u00e4ge f\u00fcr Anl\u00e4sse im Freien und mit viel Platz.<\/p>\n<\/div>\n<\/div>\n<div class=\"layoutArea\">\n<div class=\"column\">\n<p>Wir w\u00fcnschen Euch eine gute Zeit, bleibt gesund und gebt Euch acht!<\/p>\n<\/div>\n<\/div>\n<\/div>\n<\/div>\n<p><a id=\"Metzg\" href=\"https:\/\/www.qv-langenstein-altenburg.ch\/wp-content\/uploads\/2015\/03\/trennlinie5.jpg\"><img decoding=\"async\" src=\"https:\/\/www.qv-langenstein-altenburg.ch\/wp-content\/uploads\/2015\/03\/trennlinie5.jpg\" alt=\"\"><\/a><\/p>\n<h1>24 bunte Adventsfenster<\/h1>\n<p><strong>1.-24. Dezember 2020<\/strong><\/p>\n<div class=\"page\" title=\"Page 1\">\n<div class=\"layoutArea\">\n<div class=\"column\">\n<p>Wir freuen uns sehr, dass im Dezember in unserem Quartier wieder 24 bunte Adventsfenster leuchten werden. Geniesst diesen sch\u00f6nen Anblick bei einem winterlichen Abendspaziergang.<\/p>\n<p><strong>Wettbewerb &#8222;Das sch\u00f6nste Adventsfenster&#8220;!<\/strong><\/p>\n<p>In diesem Jahr m\u00f6chten wir gerne erfahren, welches Fenster am besten gef\u00e4llt. Schreibt uns die Kalender-Nummer bis zum 6. Januar 2021 per <a href=\"mailto:info@qv-langenstein-altenburg.ch\">E-Mail&nbsp;<\/a>mit Betreff &#8222;Adventsfenster&#8220;. Wir freuen uns auf viele R\u00fcckmeldungen!&nbsp;<br \/>\nUnter den Teilnehmerinnen und Teilnehmer verlosen wir ein kleines Geschenk! Teilnahmeberechtigt sind alle QuartierbewohnerInnen, alle Familienmitglieder d\u00fcrfen abstimmen.<br \/>\nDie GestalterInnen des&nbsp;Fensters mit den meisten Stimmen werden&nbsp;ebenfalls mit einer kleinen \u00dcberraschung belohnt!<\/p>\n<p>Herzlichen Dank an alle Quartierbewohnerinnen und -bewohner, welche mit ihrem Fenster zu einer stimmungsvollen Adventszeit beitragen!<\/p>\n<p>Alles weitere erfahren Sie aus dem <a href=\"https:\/\/www.qv-langenstein-altenburg.ch\/wp-content\/uploads\/2020\/11\/Routenplan_2020.pdf\" target=\"_blank\" rel=\"noopener\">Routenplan<\/a>! Der Routenplan wird auch in der Limmatwelle publiziert.<\/p>\n<p><strong>Hinweis: Dieses Jahr finden leider die urspr\u00fcnglich geplanten Begleitanl\u00e4sse (Umtrunk bei Er\u00f6ffnung eines Fensters) aufgrund der Coronapandemie nicht statt. Den aktuell g\u00fcltigen Routenplan finden Sie oben.<\/strong><\/p>\n<p><a style=\"font-size: 1rem;\" href=\"https:\/\/www.qv-langenstein-altenburg.ch\/wp-content\/uploads\/2015\/03\/trennlinie5.jpg\"><img decoding=\"async\" src=\"https:\/\/www.qv-langenstein-altenburg.ch\/wp-content\/uploads\/2015\/03\/trennlinie5.jpg\" alt=\"\"><\/a><\/p>\n<\/div>\n<\/div>\n<\/div>\n<p>Werden Sie noch heute <a href=\"https:\/\/www.qv-langenstein-altenburg.ch\/?page_id=18\">Mitglied<\/a> des Quartiervereins Langenstein-Altenburg und unterst\u00fctzen Sie eine tolle Sache. Mit nur CHF 20.- pro Jahr und Person sind Sie mit dabei.<\/p>\n<p><a href=\"https:\/\/www.qv-langenstein-altenburg.ch\/wp-content\/uploads\/2015\/03\/trennlinie5.jpg\"><img decoding=\"async\" src=\"https:\/\/www.qv-langenstein-altenburg.ch\/wp-content\/uploads\/2015\/03\/trennlinie5.jpg\" alt=\"\"><\/a><\/p>\n<h1>R\u00fcckblick 2020<\/h1>\n<p><a href=\"https:\/\/www.qv-langenstein-altenburg.ch\/wp-content\/uploads\/2015\/03\/trennlinie5.jpg\"><img decoding=\"async\" src=\"https:\/\/www.qv-langenstein-altenburg.ch\/wp-content\/uploads\/2015\/03\/trennlinie5.jpg\" alt=\"\"><\/a><\/p>\n<h1>Absage GV 2020<\/h1>\n<p>Liebe Vereinsmitglieder<\/p>\n<p>Da die Ausbreitung des Corona-Virus rasant zunimmt, sehen wir uns gezwungen, die 116. Generalversammlung des Quartiervereins vom 20. M\u00e4rz 2020 <strong>abzusagen<\/strong>. Dieser Entscheid ist uns nicht leicht gefallen, in Anbetracht der ausserordentlichen Umst\u00e4nde ist die Durchf\u00fchrung einer GV aber leider nicht m\u00f6glich. Es ist auch nicht absehbar, dass sich dies in den kommenden Wochen und Monaten \u00e4ndert.<\/p>\n<p>Wir werden das Vereinsjahr 2020 somit auf der Basis der zugestellten GV-Grundlagen weiter f\u00fchren. Dies betrifft insbesondere das Budget und Jahresprogramm 2020. Die Abnahme der Jahresrechnung und den Revisorenbericht 2019 sowie die Wahl des Vorstands werden wir an der GV 2021 nachholen. \u00dcber die Durchf\u00fchrung der Veranstaltungen in unserem Jahresprogramm 2020 werden wir wie immer rechtzeitig informieren. Bitte nicht vergessen: E-Mail Adresse zustellen f\u00fcr den Versand der Newsletter (siehe unten). Danke!<\/p>\n<p>Wir bedauern es sehr, dass wir unsere gesellige GV dieses Jahr nicht durchf\u00fchren k\u00f6nnen. F\u00fcr Anliegen und R\u00fcckmeldungen sind wir immer offen. F\u00fcr Euer Vertrauen und Verst\u00e4ndnis bedanken wir uns ganz herzlich!<\/p>\n<p>Freundliche Gr\u00fcsse und &#8222;bliebet gsund&#8220;<br \/>\nDer Vorstand<\/p>\n<p><a href=\"https:\/\/www.qv-langenstein-altenburg.ch\/wp-content\/uploads\/2015\/03\/trennlinie5.jpg\"><img decoding=\"async\" src=\"https:\/\/www.qv-langenstein-altenburg.ch\/wp-content\/uploads\/2015\/03\/trennlinie5.jpg\" alt=\"\"><\/a><\/p>\n<h1>Haust\u00fcrflohmarkt 2020 verschoben<\/h1>\n<p>Aufgrund der Massnahmen des Bundes zum Schutze der Bev\u00f6lkerung vor dem Coronavirus kann leider der Haust\u00fcrflohmarkt vom 8. Mai <strong>nicht stattfinden.<\/strong> Geplant ist, den Flohmarkt nun im Mai 2021 durchzuf\u00fchren. Im gleichen Perimeter.<\/p>\n<div>&nbsp;<\/div>\n<p><a href=\"https:\/\/www.qv-langenstein-altenburg.ch\/wp-content\/uploads\/2019\/06\/Haust\u00fcrflohmarkt_2019_8-e1559897473849.jpg\"><img loading=\"lazy\" decoding=\"async\" class=\"alignnone size-medium wp-image-2026\" src=\"https:\/\/www.qv-langenstein-altenburg.ch\/wp-content\/uploads\/2019\/06\/Haust\u00fcrflohmarkt_2019_8-e1559897473849-225x300.jpg\" alt=\"\" width=\"225\" height=\"300\" srcset=\"https:\/\/www.qv-langenstein-altenburg.ch\/wp-content\/uploads\/2019\/06\/Haust\u00fcrflohmarkt_2019_8-e1559897473849-225x300.jpg 225w, https:\/\/www.qv-langenstein-altenburg.ch\/wp-content\/uploads\/2019\/06\/Haust\u00fcrflohmarkt_2019_8-e1559897473849.jpg 480w\" sizes=\"auto, (max-width: 225px) 100vw, 225px\" \/><\/a><a href=\"https:\/\/www.qv-langenstein-altenburg.ch\/wp-content\/uploads\/2019\/06\/Haust\u00fcrflohmarkt_2019_5.jpg\">&nbsp; &nbsp; &nbsp;<img loading=\"lazy\" decoding=\"async\" class=\"alignnone size-medium wp-image-2023\" src=\"https:\/\/www.qv-langenstein-altenburg.ch\/wp-content\/uploads\/2019\/06\/Haust\u00fcrflohmarkt_2019_5-300x225.jpg\" alt=\"\" width=\"300\" height=\"225\" srcset=\"https:\/\/www.qv-langenstein-altenburg.ch\/wp-content\/uploads\/2019\/06\/Haust\u00fcrflohmarkt_2019_5-300x225.jpg 300w, https:\/\/www.qv-langenstein-altenburg.ch\/wp-content\/uploads\/2019\/06\/Haust\u00fcrflohmarkt_2019_5-624x468.jpg 624w, https:\/\/www.qv-langenstein-altenburg.ch\/wp-content\/uploads\/2019\/06\/Haust\u00fcrflohmarkt_2019_5.jpg 640w\" sizes=\"auto, (max-width: 300px) 100vw, 300px\" \/>&nbsp;&nbsp;<\/a><\/p>\n<p><a href=\"https:\/\/www.qv-langenstein-altenburg.ch\/wp-content\/uploads\/2015\/03\/trennlinie5.jpg\"><img decoding=\"async\" src=\"https:\/\/www.qv-langenstein-altenburg.ch\/wp-content\/uploads\/2015\/03\/trennlinie5.jpg\" alt=\"\"><\/a><\/p>\n<h1>F\u00fchrung 2.0 \u00abKulinarik im Dorf\u00bb verschoben<\/h1>\n<p>Geplant war die Wiederholung der ersten kulinarischen F\u00fchrung vom letzten Jahr (2019) aufgrund grosser Nachfrage. Silvia Hochstrasser f\u00fchrte uns dabei durch Wettingen und liess uns nicht nur spannende Details aus der Wettinger Geschichte auf der Zunge zergehen. An jeder Station wurden Spezialit\u00e4ten von Wettinger Produzenten gereicht.<\/p>\n<p>Weitere Infos zum Verschiebedatum 2021 folgen.<\/p>\n<p><a href=\"https:\/\/www.qv-langenstein-altenburg.ch\/wp-content\/uploads\/2015\/03\/trennlinie5.jpg\"><img decoding=\"async\" src=\"https:\/\/www.qv-langenstein-altenburg.ch\/wp-content\/uploads\/2015\/03\/trennlinie5.jpg\" alt=\"\"><\/a><\/p>\n<h1>Boccia-Abend abgesagt<\/h1>\n<p>Findet wieder 2021 statt.<\/p>\n<p><a id=\"Degu\" href=\"https:\/\/www.qv-langenstein-altenburg.ch\/wp-content\/uploads\/2015\/03\/trennlinie5.jpg\"><img decoding=\"async\" src=\"https:\/\/www.qv-langenstein-altenburg.ch\/wp-content\/uploads\/2015\/03\/trennlinie5.jpg\" alt=\"\"><\/a><\/p>\n<h1>\u00abBrauerei Erlebnis\u00bb L\u00e4gereBr\u00e4u mit Degustation<\/h1>\n<p><strong>Freitag, 18. September 2020<\/strong><\/p>\n<div class=\"page\" title=\"Page 1\">\n<div class=\"layoutArea\">\n<div class=\"column\">\n<p>Es war noch ein toller Sp\u00e4tsommerabend wo sich knapp 25 Personen zur L\u00e4gerebr\u00e4u F\u00fchrung eintrafen.&nbsp;Das sonnig sch\u00f6ne Wetter brachte die Vorfreude auf ein k\u00fchles gutes Bier. Unser Brauhausf\u00fchrer Simon erz\u00e4hlte spannendes aus&nbsp;der Geschichte zur Entstehung und Herstellung des Bieres.&nbsp;Zwischendrin durften wir uns st\u00e4rken bei feinen frischen Salzbrezeln. Im Anschluss gab es eine Besichtigung der Bierfabrik und dann kam am Schluss die ersehnte Bierdegustation vom feinen L\u00e4gerebr\u00e4u Original \u00fcber Indian Pale Ale bis hin zum L\u00e4gerebr\u00e4u Weizen.&nbsp;Auch die j\u00fcngsten Mitglieder kamen nicht zu kurz und freuten sich \u00fcber eine leckere Fassbrause.&nbsp;Es war eine interessante und geschmacksvolle F\u00fchrung.<\/p>\nngg_shortcode_0_placeholder\n<\/div>\n<\/div>\n<\/div>\n<p><a href=\"https:\/\/www.qv-langenstein-altenburg.ch\/wp-content\/uploads\/2015\/03\/trennlinie5.jpg\"><img decoding=\"async\" src=\"https:\/\/www.qv-langenstein-altenburg.ch\/wp-content\/uploads\/2015\/03\/trennlinie5.jpg\" alt=\"\"><\/a><\/p>\n<h1>Drachenfliegen mit Julio und Holger<\/h1>\n<p>Musste infolge fehlendem Wind leider abgesagt werden.&nbsp;Findet wieder 2021 statt.<\/p>\n<p><a href=\"https:\/\/www.qv-langenstein-altenburg.ch\/wp-content\/uploads\/2015\/03\/trennlinie5.jpg\"><img decoding=\"async\" src=\"https:\/\/www.qv-langenstein-altenburg.ch\/wp-content\/uploads\/2015\/03\/trennlinie5.jpg\" alt=\"\"><\/a><\/p>\n<h1>Metzgete im Restaurant Freihof, Wettingen<\/h1>\n<div class=\"page\" title=\"Page 1\">\n<div class=\"section\">\n<div class=\"layoutArea\">\n<div class=\"column\">\n<p>Musste leider coronabedingt abgesagt werden. Findet wieder 2021 statt.&nbsp;<\/p>\n<\/div>\n<\/div>\n<\/div>\n<\/div>\n<p><a href=\"https:\/\/www.qv-langenstein-altenburg.ch\/wp-content\/uploads\/2015\/03\/trennlinie5.jpg\"><img decoding=\"async\" src=\"https:\/\/www.qv-langenstein-altenburg.ch\/wp-content\/uploads\/2015\/03\/trennlinie5.jpg\" alt=\"\"><\/a><\/p>\n<h1>In eigener Sache:<\/h1>\n<h1>Newsletter ersetzt zuk\u00fcnftig Papierversand<\/h1>\n<p>Liebe Mitglieder<br \/>\nNeu wird der Quartierverein neben dem gedruckten, jeweils im M\u00e4rz erscheinenden Bulletin quartalsweise einen <strong>Newsletter<\/strong> per Email zustellen. Der neue Newsletter wird \u00fcber die kommenden Veranstaltungen informieren und per Mausklick kann man sich auch gleich anmelden.<\/p>\n<p><strong>Dazu brauchen wir Eure E-Mail-Adressen!<\/strong><br \/>\nMit der Zusendung der E-Mail-Adresse akzeptiert Ihr auch, dass wir den Newsletter zustellen d\u00fcrfen (das ist aus Datenschutzgr\u00fcnden wichtig).<\/p>\n<p>Bitte die E-Mail-Adresse mit dem Betreff \u00abNewsletter\u00bb senden&nbsp;an <a href=\"mailto:info@qv-langenstein-altenburg.ch\">info@qv-langenstein-altenburg.ch&nbsp;<\/a> (Familienmitglieder k\u00f6nnen auch zwei E-Mailadressen angeben).<\/p>\n<p>Falls Sie keine Emailadresse haben und weiterhin den Postversand w\u00fcnschen, so bitten wir Sie um eine R\u00fcckmeldung an&nbsp;QV L\u00e4ngenstein-Altenburg, Postfach 317, 5430 Wettingen 1 unter Angabe Ihres Vor- und Nachnamens.<\/p>\n<p>Besten Dank &#8211; und auf Wiedersehen an einem der n\u00e4chsten Anl\u00e4sse des Quartiervereins.<\/p>\n<p>&nbsp;<\/p>\n<h1>&nbsp;<\/h1>\n","protected":false},"excerpt":{"rendered":"<p>&nbsp; Wir sind zur\u00fcck &#8230; Liebe Mitglieder&nbsp;des Quartiervereins Langenstein-Altenburg Durch die bekannten Umst\u00e4nde mussten wir leider die meisten Veranstaltungen absagen. Es war aber umso sch\u00f6ner, dass wir im September eine tolle F\u00fchrung bei L\u00e4gereBr\u00e4u durchf\u00fchren konnten. Schon naht die Adventszeit, eine gute Gelegenheit f\u00fcr Spazierg\u00e4nge durch das Quartier &nbsp;&#8211; zum Beispiel auf dem Rundgang zu [&hellip;]<\/p>\n","protected":false},"author":1,"featured_media":0,"parent":0,"menu_order":0,"comment_status":"closed","ping_status":"closed","template":"","meta":{"_exactmetrics_skip_tracking":false,"_exactmetrics_sitenote_active":false,"_exactmetrics_sitenote_note":"","_exactmetrics_sitenote_category":0,"ngg_post_thumbnail":0,"footnotes":""},"class_list":["post-2320","page","type-page","status-publish","hentry"],"_links":{"self":[{"href":"https:\/\/www.qv-langenstein-altenburg.ch\/index.php?rest_route=\/wp\/v2\/pages\/2320","targetHints":{"allow":["GET"]}}],"collection":[{"href":"https:\/\/www.qv-langenstein-altenburg.ch\/index.php?rest_route=\/wp\/v2\/pages"}],"about":[{"href":"https:\/\/www.qv-langenstein-altenburg.ch\/index.php?rest_route=\/wp\/v2\/types\/page"}],"author":[{"embeddable":true,"href":"https:\/\/www.qv-langenstein-altenburg.ch\/index.php?rest_route=\/wp\/v2\/users\/1"}],"replies":[{"embeddable":true,"href":"https:\/\/www.qv-langenstein-altenburg.ch\/index.php?rest_route=%2Fwp%2Fv2%2Fcomments&post=2320"}],"version-history":[{"count":62,"href":"https:\/\/www.qv-langenstein-altenburg.ch\/index.php?rest_route=\/wp\/v2\/pages\/2320\/revisions"}],"predecessor-version":[{"id":2501,"href":"https:\/\/www.qv-langenstein-altenburg.ch\/index.php?rest_route=\/wp\/v2\/pages\/2320\/revisions\/2501"}],"wp:attachment":[{"href":"https:\/\/www.qv-langenstein-altenburg.ch\/index.php?rest_route=%2Fwp%2Fv2%2Fmedia&parent=2320"}],"curies":[{"name":"wp","href":"https:\/\/api.w.org\/{rel}","templated":true}]}}