{"id":2465,"date":"2020-11-18T17:41:50","date_gmt":"2020-11-18T16:41:50","guid":{"rendered":"http:\/\/www.qv-langenstein-altenburg.ch\/?page_id=2465"},"modified":"2022-01-10T22:27:45","modified_gmt":"2022-01-10T21:27:45","slug":"programm-2021-2","status":"publish","type":"page","link":"https:\/\/www.qv-langenstein-altenburg.ch\/?page_id=2465","title":{"rendered":"Programm 2021"},"content":{"rendered":"<div class=\"page\" title=\"Page 1\">\n<div class=\"section\">\n<div class=\"layoutArea\">\n<div class=\"column\">&nbsp;<\/div>\n<\/div>\n<\/div>\n<\/div>\n<p>Aufgrund der Pandemiesituation werden die Anl\u00e4sse vorzu geplant und Informationen dazu hier aufgeschaltet und per Newsletter versandt. Nach wie vor nehmen wir sehr gerne Ihre Anmeldung f\u00fcr den Newsletter entgegen. Senden Sie uns Ihre Emailadresse mit dem Betreff \u00abNewsletter\u00bb an <a href=\"mailto:info@qv-langenstein-altenburg.ch\">info@qv-langenstein-altenburg.ch&nbsp;<\/a> (Familienmitglieder k\u00f6nnen auch zwei E-Mailadressen angeben).&nbsp;Bei Fragen wenden Sie sich an Sabine Schoop, Co-Pr\u00e4sidentin des Vereins.<\/p>\n<h1><em>Vorschau 2022:<\/em><\/h1>\n<h1>118. GV des Quartiervereins<\/h1>\n<p>Freitag, 18. M\u00e4rz 2022<\/p>\n<p>Einladung und weitere Informationen folgen.<\/p>\n<p><a id=\"Metzg\" href=\"https:\/\/www.qv-langenstein-altenburg.ch\/wp-content\/uploads\/2015\/03\/trennlinie5.jpg\"><img decoding=\"async\" src=\"https:\/\/www.qv-langenstein-altenburg.ch\/wp-content\/uploads\/2015\/03\/trennlinie5.jpg\" alt=\"\"><\/a><\/p>\n<h1><em><strong>R\u00fcckblick 2021:<\/strong><\/em><\/h1>\n<h1><strong>Boccia-Abend zum Zweiten<\/strong><\/h1>\n<p><strong>Mittwoch, 18. August 2021<\/strong><\/p>\n<p>Nachdem der Bocciaabend im Juni wegen nasser Bahn abgesagt werden musste, hatten wir dieses Mal mehr Wettergl\u00fcck. Sonne, angenehme Temperaturen und eine gute Bahn luden zum Bocciaspielen ein. Es trafen sich knapp 20 Personen zum Spiel, \u00abAlte Hasen\u00bb und neue Gesichter. Bald wurden zwei Gruppen gebildet und unter Leitung von Delfino und Kurt vom Bocciaclub wurden wir ins Spiel eingef\u00fchrt, sodass wir anschliessend auf zwei Bahnen spielen konnten. Zur St\u00e4rkung wurden vom Quartierverein in der Pause traditionell W\u00fcrste mit Brot offeriert und der Durst konnte nat\u00fcrlich auch gel\u00f6scht werden. Bald gings zur zweiten Runde. Es war wieder ein gem\u00fctlicher, ungezwungener Abend mit Spiel und angeregten Gespr\u00e4chen in der gr\u00fcnen Oase des Bocciaclubs. Freuen wir uns auf n\u00e4chstes Jahr.<\/p>\nngg_shortcode_0_placeholder\n<h1><a id=\"Metzg\" href=\"https:\/\/www.qv-langenstein-altenburg.ch\/wp-content\/uploads\/2015\/03\/trennlinie5.jpg\"><img decoding=\"async\" src=\"https:\/\/www.qv-langenstein-altenburg.ch\/wp-content\/uploads\/2015\/03\/trennlinie5.jpg\" alt=\"\"><\/a><\/h1>\n<h1>Quartiervereinsfest 2021<\/h1>\n<p><strong>Samstag, 4. September 2021, Schulhausplatz Altenburg<\/strong><\/p>\n<p>Sch\u00f6n war&#8217;s!<\/p>\n<p>Ab 16&nbsp;Uhr fand der gut besuchte Kinderflohmarkt mit Kaffee und Kuchen statt. Ab 18&nbsp;Uhr gab es W\u00fcrste &amp; Veggieburger&nbsp;vom Grill. Das Quartierr\u00e4tsel &nbsp;war dieses Jahr eine Sch\u00e4tzfrage. Der Sieger des Wettbewerbs sch\u00e4tzte die Anzahl Korken im grossen Bowleglas punktgenau auf 444. Die drei Sieger*innen durften sich je einen Spezialit\u00e4tenkorb &#8211; zusammengestellt von Vini Sacripanti &#8211; aussuchen. Das Konzert der Newcomer Popband <a href=\"https:\/\/www.facebook.com\/people\/Seb-Lorez\/100058132058139\/\">\u00abSeb Lorez\u00bb&nbsp;<\/a>rundete den lauschigen Abend mit vielen guten Gespr\u00e4chen ab. Wir danken allen Helfer*innen und Kuchenb\u00e4cker*innen!<\/p>\nngg_shortcode_1_placeholder\n<h1><a id=\"Metzg\" href=\"https:\/\/www.qv-langenstein-altenburg.ch\/wp-content\/uploads\/2015\/03\/trennlinie5.jpg\"><img decoding=\"async\" src=\"https:\/\/www.qv-langenstein-altenburg.ch\/wp-content\/uploads\/2015\/03\/trennlinie5.jpg\" alt=\"\"><\/a><\/h1>\n<h1>Fledermausf\u00fchrung mit Andres Beck<\/h1>\n<p><strong>Freitag, 17. September 2021, 19 Uhr<\/strong><\/p>\n<p>An diesem sch\u00f6nen Herbstabend trafen sich beim Bahnhof Wettingen 16 Interessierte. Nach einem kurzen Spaziergang machten wir vor der Siedlung Weberm\u00fchle Halt, wo uns Andres Beck, kantonaler Fledermaus- und Biberbeauftragter des Kantons, interessante Informationen zum Leben der Flederm\u00e4use gab. Im Gebiet an der Limmat leben drei Arten: Grosser Abendsegler, Zwergfledermaus und Wasserfledermaus. Nach dem Eindunkeln konnten wir beobachten, wie sie ihre Behausung an den Wohnh\u00e4usern verliessen und sich auf Nahrungssuche begaben.&nbsp; Es gab einen regen Austausch und Andres Beck konnte die Fragen kompetent beantworten. Vielen Dank.<\/p>\n<p><a href=\"https:\/\/www.qv-langenstein-altenburg.ch\/wp-content\/uploads\/2021\/09\/Fledermaus.jpg\"><img loading=\"lazy\" decoding=\"async\" class=\"alignnone size-medium wp-image-2732\" src=\"https:\/\/www.qv-langenstein-altenburg.ch\/wp-content\/uploads\/2021\/09\/Fledermaus-300x194.jpg\" alt=\"\" width=\"300\" height=\"194\" srcset=\"https:\/\/www.qv-langenstein-altenburg.ch\/wp-content\/uploads\/2021\/09\/Fledermaus-300x194.jpg 300w, https:\/\/www.qv-langenstein-altenburg.ch\/wp-content\/uploads\/2021\/09\/Fledermaus-768x495.jpg 768w, https:\/\/www.qv-langenstein-altenburg.ch\/wp-content\/uploads\/2021\/09\/Fledermaus-1024x661.jpg 1024w, https:\/\/www.qv-langenstein-altenburg.ch\/wp-content\/uploads\/2021\/09\/Fledermaus-624x403.jpg 624w\" sizes=\"auto, (max-width: 300px) 100vw, 300px\" \/><\/a><\/p>\n<h1><a id=\"Metzg\" href=\"https:\/\/www.qv-langenstein-altenburg.ch\/wp-content\/uploads\/2015\/03\/trennlinie5.jpg\"><img decoding=\"async\" src=\"https:\/\/www.qv-langenstein-altenburg.ch\/wp-content\/uploads\/2015\/03\/trennlinie5.jpg\" alt=\"\"><\/a><\/h1>\n<h1>Metzgete: ABGESAGT<\/h1>\n<p><strong>Samstag, 13. November 2021<\/strong><\/p>\n<p>Die Metzgete 2021 musste leider abgesagt werden. Wir freuen uns auf einen gem\u00fctlichen Abend im Restaurant Freihof im 2022.<\/p>\n<h1><a id=\"Metzg\" href=\"https:\/\/www.qv-langenstein-altenburg.ch\/wp-content\/uploads\/2015\/03\/trennlinie5.jpg\"><img decoding=\"async\" src=\"https:\/\/www.qv-langenstein-altenburg.ch\/wp-content\/uploads\/2015\/03\/trennlinie5.jpg\" alt=\"\"><\/a><\/h1>\n<h1><strong>F\u00fchrung Klosterhalbinsel Wettingen:&nbsp;schaurig sch\u00f6ne Wintergeschichten<\/strong><\/h1>\n<p>Ruth Blaser, Kulturhistorische F\u00fchrungen, konnte auf dem Vorplatz des Restaurants Sternen eine Gruppe interessierter Mitglieder begr\u00fcssen. An diesem kalten, neblig-d\u00fcsteren fr\u00fchen Abend erz\u00e4hlte sie verschiedene Geschichten, Sagen und Legenden aus den Blickwinkeln von Frauen, M\u00f6nchen, Arbeitern und Bauern. Sie zeigte auf, wie christliche und heidnische Rituale zu heutigen Traditionen im Bezug stehen. Diesen Geschichten wurden an den entsprechenden Standorten wie Kreuzgang, Abtsaal, unter den Eiben im Klosterpark und bei der G\u00e4rtnerei vorgetragen. Zum Abschluss dieses interessanten, spannenden Rundgangs gab es Gl\u00fchwein und Guetzli. Dieses Zusammenstehen gab Raum f\u00fcr Fragen und angeregte Gespr\u00e4che.<\/p>\n<p><a href=\"https:\/\/www.qv-langenstein-altenburg.ch\/wp-content\/uploads\/2022\/01\/IMG_1258.jpg\"><img loading=\"lazy\" decoding=\"async\" class=\"alignnone size-medium wp-image-2797\" src=\"https:\/\/www.qv-langenstein-altenburg.ch\/wp-content\/uploads\/2022\/01\/IMG_1258-300x225.jpg\" alt=\"\" width=\"300\" height=\"225\" srcset=\"https:\/\/www.qv-langenstein-altenburg.ch\/wp-content\/uploads\/2022\/01\/IMG_1258-300x225.jpg 300w, https:\/\/www.qv-langenstein-altenburg.ch\/wp-content\/uploads\/2022\/01\/IMG_1258-624x468.jpg 624w, https:\/\/www.qv-langenstein-altenburg.ch\/wp-content\/uploads\/2022\/01\/IMG_1258.jpg 640w\" sizes=\"auto, (max-width: 300px) 100vw, 300px\" \/><\/a> <a href=\"https:\/\/www.qv-langenstein-altenburg.ch\/wp-content\/uploads\/2022\/01\/IMG_1257.jpg\"><img loading=\"lazy\" decoding=\"async\" class=\"alignnone size-medium wp-image-2798\" src=\"https:\/\/www.qv-langenstein-altenburg.ch\/wp-content\/uploads\/2022\/01\/IMG_1257-300x225.jpg\" alt=\"\" width=\"300\" height=\"225\" srcset=\"https:\/\/www.qv-langenstein-altenburg.ch\/wp-content\/uploads\/2022\/01\/IMG_1257-300x225.jpg 300w, https:\/\/www.qv-langenstein-altenburg.ch\/wp-content\/uploads\/2022\/01\/IMG_1257-624x468.jpg 624w, https:\/\/www.qv-langenstein-altenburg.ch\/wp-content\/uploads\/2022\/01\/IMG_1257.jpg 640w\" sizes=\"auto, (max-width: 300px) 100vw, 300px\" \/><\/a><a href=\"https:\/\/www.qv-langenstein-altenburg.ch\/wp-content\/uploads\/2022\/01\/IMG_1259.jpg\"><img loading=\"lazy\" decoding=\"async\" class=\"alignnone size-medium wp-image-2796\" src=\"https:\/\/www.qv-langenstein-altenburg.ch\/wp-content\/uploads\/2022\/01\/IMG_1259-300x225.jpg\" alt=\"\" width=\"300\" height=\"225\" srcset=\"https:\/\/www.qv-langenstein-altenburg.ch\/wp-content\/uploads\/2022\/01\/IMG_1259-300x225.jpg 300w, https:\/\/www.qv-langenstein-altenburg.ch\/wp-content\/uploads\/2022\/01\/IMG_1259-624x468.jpg 624w, https:\/\/www.qv-langenstein-altenburg.ch\/wp-content\/uploads\/2022\/01\/IMG_1259.jpg 640w\" sizes=\"auto, (max-width: 300px) 100vw, 300px\" \/><\/a><\/p>\n<h1><a id=\"Metzg\" href=\"https:\/\/www.qv-langenstein-altenburg.ch\/wp-content\/uploads\/2015\/03\/trennlinie5.jpg\"><img decoding=\"async\" src=\"https:\/\/www.qv-langenstein-altenburg.ch\/wp-content\/uploads\/2015\/03\/trennlinie5.jpg\" alt=\"\"><\/a><\/h1>\n<h1><strong>Adventsfenster 2021<\/strong><\/h1>\n<div class=\"page\" title=\"Page 1\">\n<div class=\"layoutArea\">\n<div class=\"column\">\n<p>Im Dezember 2021 konnten wieder auf einem Abendspaziergang durchs Quartier 24 Adventsfenster bestaunt werden. Viele fleissige H\u00e4nde und kreative K\u00f6pfe haben vielf\u00e4ltige Fenster oder Dekorationen gestaltet.&nbsp; Es war eine Freude, die Kreationen anzuschauen. Wir danken allen, die mitgeholfen haben Licht und Farbe ins Quartier zu bringen.<\/p>\nngg_shortcode_2_placeholder\n<p>&nbsp;<\/p>\n<p>Und wenn Sie nochmals nachsehen m\u00f6chten, wer die K\u00fcnstlerin\/der K\u00fcnstler war, hier noch der Flyer zum Rundgang:<\/p>\n<p><a href=\"https:\/\/www.qv-langenstein-altenburg.ch\/wp-content\/uploads\/2021\/11\/Routenplaner-Adventsfenster-2021.pdf\">Routenplaner Adventsfenster 2021<\/a><\/p>\n<p><a id=\"Metzg\" style=\"font-size: 1rem;\" href=\"https:\/\/www.qv-langenstein-altenburg.ch\/wp-content\/uploads\/2015\/03\/trennlinie5.jpg\"><img decoding=\"async\" src=\"https:\/\/www.qv-langenstein-altenburg.ch\/wp-content\/uploads\/2015\/03\/trennlinie5.jpg\" alt=\"\"><\/a><\/p>\n<\/div>\n<\/div>\n<\/div>\n<p>&nbsp;<\/p>\n<p>&nbsp;<\/p>\n","protected":false},"excerpt":{"rendered":"<p>&nbsp; Aufgrund der Pandemiesituation werden die Anl\u00e4sse vorzu geplant und Informationen dazu hier aufgeschaltet und per Newsletter versandt. Nach wie vor nehmen wir sehr gerne Ihre Anmeldung f\u00fcr den Newsletter entgegen. Senden Sie uns Ihre Emailadresse mit dem Betreff \u00abNewsletter\u00bb an info@qv-langenstein-altenburg.ch&nbsp; (Familienmitglieder k\u00f6nnen auch zwei E-Mailadressen angeben).&nbsp;Bei Fragen wenden Sie sich an Sabine Schoop, [&hellip;]<\/p>\n","protected":false},"author":1,"featured_media":0,"parent":0,"menu_order":0,"comment_status":"closed","ping_status":"closed","template":"","meta":{"_exactmetrics_skip_tracking":false,"_exactmetrics_sitenote_active":false,"_exactmetrics_sitenote_note":"","_exactmetrics_sitenote_category":0,"ngg_post_thumbnail":0,"footnotes":""},"class_list":["post-2465","page","type-page","status-publish","hentry"],"_links":{"self":[{"href":"https:\/\/www.qv-langenstein-altenburg.ch\/index.php?rest_route=\/wp\/v2\/pages\/2465","targetHints":{"allow":["GET"]}}],"collection":[{"href":"https:\/\/www.qv-langenstein-altenburg.ch\/index.php?rest_route=\/wp\/v2\/pages"}],"about":[{"href":"https:\/\/www.qv-langenstein-altenburg.ch\/index.php?rest_route=\/wp\/v2\/types\/page"}],"author":[{"embeddable":true,"href":"https:\/\/www.qv-langenstein-altenburg.ch\/index.php?rest_route=\/wp\/v2\/users\/1"}],"replies":[{"embeddable":true,"href":"https:\/\/www.qv-langenstein-altenburg.ch\/index.php?rest_route=%2Fwp%2Fv2%2Fcomments&post=2465"}],"version-history":[{"count":87,"href":"https:\/\/www.qv-langenstein-altenburg.ch\/index.php?rest_route=\/wp\/v2\/pages\/2465\/revisions"}],"predecessor-version":[{"id":2877,"href":"https:\/\/www.qv-langenstein-altenburg.ch\/index.php?rest_route=\/wp\/v2\/pages\/2465\/revisions\/2877"}],"wp:attachment":[{"href":"https:\/\/www.qv-langenstein-altenburg.ch\/index.php?rest_route=%2Fwp%2Fv2%2Fmedia&parent=2465"}],"curies":[{"name":"wp","href":"https:\/\/api.w.org\/{rel}","templated":true}]}}