{"id":3475,"date":"2024-01-02T23:58:39","date_gmt":"2024-01-02T22:58:39","guid":{"rendered":"https:\/\/www.qv-langenstein-altenburg.ch\/?page_id=3475"},"modified":"2026-04-08T23:20:27","modified_gmt":"2026-04-08T21:20:27","slug":"programm-2024","status":"publish","type":"page","link":"https:\/\/www.qv-langenstein-altenburg.ch\/?page_id=3475","title":{"rendered":"Programm 2024"},"content":{"rendered":"\n<div class=\"wp-block-group\"><div class=\"wp-block-group__inner-container is-layout-constrained wp-block-group-is-layout-constrained\">\n<h2 class=\"wp-block-heading\">R\u00fcckblick<\/h2>\n\n\n\n<div id=\"2024Adventsfenster\" class=\"wp-block-group\"><div class=\"wp-block-group__inner-container is-layout-constrained wp-block-group-is-layout-constrained\">\n<h3 class=\"wp-block-heading\">Adventsfenster 2024 \u2013 Ein stimmungsvoller R\u00fcckblick<\/h3>\n\n\n\n<p>Unsere Adventsfenster im Dezember waren ein voller Erfolg! Mit viel Kreativit\u00e4t und Einsatz wurden liebevoll gestaltete Fenster pr\u00e4sentiert, die unser Quartier in einen vorweihnachtlichen Glanz geh\u00fcllt haben. Die gem\u00fctlichen Umtrunke boten eine wunderbare Gelegenheit f\u00fcr Begegnungen und Gespr\u00e4che.<\/p>\n\n\n\n<p>Ein herzliches Dankesch\u00f6n an alle, die mitgemacht haben und diesen besonderen Anlass m\u00f6glich gemacht haben!<\/p>\n\n\n\n<p><strong>Habt ihr schon die Bilder gesehen?<\/strong><br>Werft einen Blick in die Galerie und lasst euch von den stimmungsvollen Eindr\u00fccken inspirieren!<\/p>\n\n\n\n\n\nngg_shortcode_0_placeholder\n<\/div><\/div>\n\n\n\n<div id=\"2024Jassen\" class=\"wp-block-group\"><div class=\"wp-block-group__inner-container is-layout-constrained wp-block-group-is-layout-constrained\">\n<h3 class=\"wp-block-heading\">Jassturnier &#8211; 10. November 2024<\/h3>\n\n\n\n<p>An einem nebligen, grauen Sonntagnachmittag trafen sich zw\u00f6lf Interessierte im Restaurant Grenzstein zum zweiten Jassturnier des Quartiervereins. Die \u00e4lteste Teilnehmerin war beeindruckende 95 Jahre alt!<\/p>\n\n\n\n<details class=\"wp-block-details has-blue-color has-text-color has-link-color wp-elements-6eee47de1acd3d711e4ce8b9a7f5d450 is-layout-flow wp-block-details-is-layout-flow\"><summary>Mehr anzeigen<br><\/summary>\n<p class=\"has-dark-gray-color has-text-color has-link-color wp-elements-2f197a420b073db063d37b266ac6d9bc\">Schon bald wurde an drei Tischen mit viel Einsatz gejasst \u2013 mal in konzentrierter Stille, mal angeregt diskutierend und herzlich lachend. Nach knapp drei Stunden wurden die Karten beiseitegelegt, und die Rangverk\u00fcndigung bildete den spannenden H\u00f6hepunkt. Die Gewinnerinnen und Gewinner durften Gutscheine des Restaurants Grenzstein entgegennehmen.<br><br>Das gemeinsame Essen rundete den gem\u00fctlichen Nachmittag perfekt ab. Ein herzliches Dankesch\u00f6n geht an Gisela Aeschbach und Fredy Diener f\u00fcr die Organisation sowie an das Restaurant Grenzstein f\u00fcr die wunderbare Gastfreundschaft. Wir freuen uns auf noch mehr Teilnehmende im n\u00e4chsten Jahr!<\/p>\n<\/details>\n\n\n\n<details class=\"wp-block-details has-blue-color has-text-color has-link-color wp-elements-e70ea8a9f4c2b6ed3787cea7966422d7 is-layout-flow wp-block-details-is-layout-flow\"><summary>Impressionen anzeigen<br><\/summary><div class=\"wp-block-image\">\n<figure class=\"aligncenter size-full is-resized\"><a href=\"https:\/\/www.qv-langenstein-altenburg.ch\/wp-content\/uploads\/2024\/11\/IMG_4504.jpg\"><img loading=\"lazy\" decoding=\"async\" width=\"640\" height=\"480\" src=\"https:\/\/www.qv-langenstein-altenburg.ch\/wp-content\/uploads\/2024\/11\/IMG_4504.jpg\" alt=\"\" class=\"wp-image-4127\" style=\"width:500px\" srcset=\"https:\/\/www.qv-langenstein-altenburg.ch\/wp-content\/uploads\/2024\/11\/IMG_4504.jpg 640w, https:\/\/www.qv-langenstein-altenburg.ch\/wp-content\/uploads\/2024\/11\/IMG_4504-300x225.jpg 300w, https:\/\/www.qv-langenstein-altenburg.ch\/wp-content\/uploads\/2024\/11\/IMG_4504-624x468.jpg 624w\" sizes=\"auto, (max-width: 640px) 100vw, 640px\" \/><\/a><\/figure>\n<\/div><\/details>\n\n\n\n<hr class=\"wp-block-separator has-alpha-channel-opacity is-style-dots\"\/>\n<\/div><\/div>\n\n\n\n<div id=\"2024PSI\" class=\"wp-block-group\"><div class=\"wp-block-group__inner-container is-layout-constrained wp-block-group-is-layout-constrained\">\n<h3 class=\"wp-block-heading\">PSI F\u00fchrung &#8211; 16. September 2024<\/h3>\n\n\n\n<p>Am Montag, dem 16. September, wurden wir von Sven Forss auf eine eindr\u00fcckliche F\u00fchrung durch das PSI mitgenommen. Protonen, Neutronen und Elektronen begleiteten uns auf Schritt und Tritt durch die faszinierenden Forschungsanlagen. Ein Besuch des PSI ist absolut empfehlenswert, und die F\u00fchrungen sind \u00fcbrigens kostenlos! Wusstet ihr, dass im PSI auch hochpr\u00e4zise Strahlenbehandlungen f\u00fcr Krebspatienten durchgef\u00fchrt werden? Ein herzliches Dankesch\u00f6n an Sven Forss f\u00fcr die tolle und pers\u00f6nliche F\u00fchrung! Wir haben das PSI inspiriert verlassen \u2013 und das ganz ohne erh\u00f6hte Strahlenwerte!<\/p>\n\n\n\nngg_shortcode_1_placeholder\n\n\n\n<hr class=\"wp-block-separator has-alpha-channel-opacity is-style-dots\"\/>\n<\/div><\/div>\n\n\n\n<div id=\"2024Quartierfest\" class=\"wp-block-group\"><div class=\"wp-block-group__inner-container is-layout-constrained wp-block-group-is-layout-constrained\">\n<h3 class=\"wp-block-heading\">Quartierfest &#8211; 31. August 2024<\/h3>\n\n\n\n\n\n<p>Am 31.08.2024 fand wieder unser Quartierfest bei strahlendem Wetter statt und lockte zahlreiche Besucherinnen und Besucher an. Die Stimmung war ausgelassen, und die vielf\u00e4ltigen Angebote sorgten f\u00fcr einen rundum gelungenen Tag.<br><br>Besonders der Kinderflohmarkt, organisiert durch das engagierte Elternteam der Altenburgschule, zog grosse und kleine Schn\u00e4ppchenj\u00e4ger an. Die St\u00e4nde waren gut besucht, und viele nutzten die Gelegenheit, um Spielzeug, Kleidung und B\u00fccher zu kaufen oder selbst zu verkaufen. Es war sch\u00f6n zu sehen, wie die Kinder mit Begeisterung in die Rolle der Verk\u00e4ufer schl\u00fcpften und ihre Waren anboten.<br><br>Das musikalische Programm war ein weiteres Highlight des Festes. Die Bands und Ensembles der Sch\u00fclerinnen und Sch\u00fcler der Musikschule Wettingen bereicherten den Tag bis in die sp\u00e4ten Stunden hinein mit ihren Darbietungen. Die talentierten Musikerinnen und S\u00e4ngerinnen wurden immer wieder mit grossem Applaus gefeiert, was die besondere Atmosph\u00e4re des Festes unterstrich.<br><br>F\u00fcr das leibliche Wohl wurde auch gesorgt. Ob W\u00fcrstchen, Vegi-Burger oder Kuchen \u2013 f\u00fcr jeden Geschmack war etwas dabei, und die Besucherinnen und Besucher liessen es sich sichtlich schmecken.<br><br>Ein weiterer H\u00f6hepunkt war der R\u00e4tselwettbewerb, bei dem Fragen zum Quartierverein gestellt wurden. Dabei wurde die Neugierde und das Interesse an der Geschichte des Vereins geweckt, was zu angeregten Gespr\u00e4chen f\u00fchrte. Die gl\u00fccklichen Gewinnerinnen und Gewinner der Preise wurden mit grossem Applaus bedacht.<br><br>Insgesamt war das Quartierfest ein voller Erfolg. Dank der vielen engagierten Helferinnen und Helfer, der kreativen Beitr\u00e4ge und der hervorragenden Stimmung wird dieses Fest noch lange in Erinnerung bleiben. Es zeigte sich einmal mehr, wie wichtig und wertvoll solche gemeinsamen Erlebnisse f\u00fcr unsere Gemeinschaft sind.<\/p>\n\n\n\nngg_shortcode_2_placeholder\n\n\n\n<hr class=\"wp-block-separator has-alpha-channel-opacity is-style-dots\"\/>\n<\/div><\/div>\n\n\n\n<div id=\"2024Kinderkochkurs\" class=\"wp-block-group\"><div class=\"wp-block-group__inner-container is-layout-constrained wp-block-group-is-layout-constrained\">\n<h3 class=\"wp-block-heading\">Kinderkochkurs &#8211; 22. Juni 2024<\/h3>\n\n\n\n<p>Trotz geringer Teilnehmerzahl war der Kochkurs sehr gelungen. Die vier Kinder, die am 22. Juni teilgenommen haben, bereiteten Pasta mit Tomatensauce, Bolognese und Pesto zu. Als Dessert gab es eine Eistee-Creme mit karamellisiertem Zucker. Spiel und Spass kamen ebenfalls nicht zu kurz. Aus den im Chemin\u00e9e-Zimmer vorhandenen Sitzbl\u00f6cken wurde kurzerhand eine Burg gebaut, die unser Koch Severin erobern durfte.<\/p>\n\n\n\nngg_shortcode_3_placeholder\n\n\n\n<hr class=\"wp-block-separator has-alpha-channel-opacity is-style-dots\"\/>\n<\/div><\/div>\n\n\n\n<div id=\"2024Bocciaabend\" class=\"wp-block-group\"><div class=\"wp-block-group__inner-container is-layout-constrained wp-block-group-is-layout-constrained\">\n<h3 class=\"wp-block-heading\">Boccia-Abend mit&nbsp;Kurt Valli &#8211; 12. Juni 2024<\/h3>\n\n\n\n<p>Fast h\u00e4tte der traditionelle Boccia-Abend nicht stattfinden k\u00f6nnen. Es hatte in den Tagen zuvor oft und viel geregnet. Nachdem Kurt Valli mehrmals die Bahn gepr\u00fcft hatte, konnte er eine Zusage geben. So trafen sich um 18 Uhr 16 Mitglieder in der gr\u00fcnen Oase des Bocciaclubs. Es wurde sofort in zwei Gruppen mit dem Spiel gestartet. Neulinge wurden von Kurt Valli ins Spiel eingef\u00fchrt. Nach eineinhalb Stunden Spiel mit Diskussionen, Lachen und pr\u00e4zisen sowie weniger pr\u00e4zisen W\u00fcrfen meldete sich der Hunger. Die vom Quartierverein offerierten W\u00fcrste und Brot waren fein gegrillt und wurden am langen Tisch gerne genossen. Dazu konnten beim Bocciaclub Getr\u00e4nke erworben werden. Nach dem Nachtessen wurde nochmals gespielt, bis ein Platzregen um halb zehn das Spiel beendete. Wir danken Kurt Valli und seinen Helfern vom Bocciaclub und dem Grilleur f\u00fcr ihren Einsatz und hoffen, dass wir im n\u00e4chsten Jahr wieder einen gem\u00fctlichen Abend in der gr\u00fcnen Oase des Bocciaclubs verbringen k\u00f6nnen.<\/p>\n\n\n\nngg_shortcode_4_placeholder\n\n\n\n<hr class=\"wp-block-separator has-alpha-channel-opacity is-style-dots\"\/>\n<\/div><\/div>\n\n\n\n<div id=\"2024NeuesBauen\" class=\"wp-block-group\"><div class=\"wp-block-group__inner-container is-layout-constrained wp-block-group-is-layout-constrained\">\n<h3 class=\"wp-block-heading\">Neues Bauen im Gartenquartier &#8211; 28. Mai 2024<\/h3>\n\n\n\n<p>Unter der fachkundigen F\u00fchrung der beiden Raumplaner Heinz Beiner und Zeno Spross erhielten rund 20 Teilnehmer*innen spannende Einblicke in die baulichen Ver\u00e4nderungen unseres Quartiers. Wir starteten beim Bahnhof Wettingen, wo bereits in einer fr\u00fcheren Planung die Weichen f\u00fcr ein neues Bahnhofquartier gelegt wurden. Hier wird sich in den kommenden Jahren viel ver\u00e4ndern und soll auch bewusst verdichtet werden. Auch im Gebiet n\u00f6rdlich der Seminarstrasse soll aufgrund seiner N\u00e4he zum Bahnhof mit Mehrfamilienh\u00e4usern mehr Wohnraum an zentraler Lage geschaffen werden. Auf dem Spaziergang besichtigten wir verschiedene Neubauten an der L\u00e4gern- und Grubenstrasse. Dabei wurde die Bedeutung der Freiraumgestaltung und die Anordnung der Parkpl\u00e4tze lebhaft begutachtet und diskutiert. Die gr\u00f6sste Baustelle im Quartier ist die Siedlung Klosterb\u00fchl der Genossenschaft L\u00e4gern mit der ersten Etappe der Neu\u00fcberbauung des Areals. Aus Quartiersicht sehr erfreulich ist hier, dass die Bewohnerschaft die Gelegenheit hat, in der Siedlung zu bleiben und sp\u00e4ter eine Neubauwohnung zu beziehen. Die Planer erl\u00e4uterten sehr anschaulich die \u00dcberlegungen der laufenden Revision der Bau- und Zonenordnung. Unter anderem wurde auf die neuen Instrumente des Baumschutzes und der Gr\u00fcnfl\u00e4chenziffer hingewiesen. Nach weiteren Beispielen von Neubauten im Gartenquartier f\u00fchrte der Weg hinunter zum \u201eTriebguet\u201c, wo der QV zu einem kleinen Umtrunk eingeladen hat. Der Rundgang gab einen fantastischen Einblick in die Herausforderungen der baulichen Entwicklung und war sehr inspirierend. Herzlichen Dank an Heinz und Zeno!<\/p>\n\n\n\nngg_shortcode_5_placeholder\n<\/div><\/div>\n\n\n\n<div id=\"2024Haustuerflohmi\" class=\"wp-block-group\"><div class=\"wp-block-group__inner-container is-layout-constrained wp-block-group-is-layout-constrained\">\n<h3 class=\"wp-block-heading\">Haust\u00fcrflohmarkt &#8211; 25. Mai 2024<\/h3>\n\n\n\n<p>Zum 4. Mal fand im Altenburgquartier ein Haust\u00fcrflohmarkt statt. Dieses Mal an der Bach-Neu-Mittel- und Damianstrasse und an einem Teilbereich der Altenburgstrasse. Obwohl wechselhaftes Wetter mit Regen vorausgesagt war, war der Nachmittag sonnig mit angenehmen Temperaturen. Siebzehn St\u00e4nde wurden aufgestellt, die Spielsachen, Haushaltswaren, Kleider und Schuhe, Artikel f\u00fcr den Garten und auch Setzlinge anboten. Es wurde verkauft und gekauft, flaniert und vor allem Begegnungen und Gespr\u00e4che genossen, was eine lockere Stimmung erzeugte. Gerne veranstalten wir auch im Jahr 2025 einen Haust\u00fcrflohmarkt. Wir freuen uns auf interessierte Mitorganisatoren.<\/p>\n\n\n\nngg_shortcode_6_placeholder\n\n\n\n<hr class=\"wp-block-separator has-alpha-channel-opacity is-style-dots\"\/>\n<\/div><\/div>\n\n\n\n<div id=\"2024Hauptbahnhof\" class=\"wp-block-group\"><div class=\"wp-block-group__inner-container is-layout-constrained wp-block-group-is-layout-constrained\">\n<h3 class=\"wp-block-heading\" id=\"2024HauptbahnhofZH\">F\u00fchrung Z\u00fcrich Hauptbahnhof &#8211; 27. April 2024<\/h3>\n\n\n\n<p>Am Samstag nahmen 20 unserer Mitglieder an einer F\u00fchrung im historischen und zugleich modernen Knotenpunkt der Schweiz, dem Hauptbahnhof Z\u00fcrich, teil.<br><br>Der im Jahr 1847 erbaute Hauptbahnhof Z\u00fcrich ist nicht nur der gr\u00f6sste Bahnhof der Schweiz, sondern auch ein beeindruckendes Beispiel f\u00fcr fortschrittliche Technik und Infrastruktur. An Werktagen frequentieren ihn rund 500.000 Menschen, und es werden t\u00e4glich etwa 3.000 Zugverbindungen abgewickelt.<br><br>Unsere F\u00fchrung begann mit einem spannenden \u00dcberblick \u00fcber die Geschichte des Bahnhofs und seine Architektur, gefolgt von faszinierenden Einblicken in die aktuelle Technik und die zuk\u00fcnftigen Projekte. Besonders beeindruckend war die Vorstellung des neuen Fahrradtunnels (192 m lang\/25 m breit), der Ende 2024 er\u00f6ffnet wird. Dieser Tunnel unterquert den Hauptbahnhof von der Sihlpost zum Sihlquai.<br><br>W\u00e4hrend der Besichtigung wurden uns auch die komplexen Prozesse der Anlieferung, die Geb\u00e4udetechnik und Entsorgung n\u00e4hergebracht. Wir besuchten den grossz\u00fcgigen Veloparkplatz mit rund 1.600 Abstellpl\u00e4tzen und einer dazugeh\u00f6rigen Velo-Werkstatt.<br><br>Zum Abschluss der F\u00fchrung konnten wir die beeindruckende Terrasse des Bahnhofs besuchen und den Ausblick bis in die Glarner Alpen geniessen!<br><br>Wir danken allen Teilnehmern f\u00fcr ihr Interesse und freuen uns auf weitere spannende Veranstaltungen.<\/p>\n\n\n\nngg_shortcode_7_placeholder\n\n\n\n<hr class=\"wp-block-separator has-alpha-channel-opacity is-style-dots\"\/>\n<\/div><\/div>\n\n\n\n<div id=\"2024Generalversammlung\" class=\"wp-block-group\"><div class=\"wp-block-group__inner-container is-layout-constrained wp-block-group-is-layout-constrained\">\n<h3 class=\"wp-block-heading\" id=\"2024GVQVLA\">120. Generalversammlung des Quartiervereins &#8211; 21. M\u00e4rz 2024<\/h3>\n\n\n\n<p>Es war eine wundervolle GV mit einer sch\u00f6nen Altersdurchmischung, an der 63 Mitglieder teilgenommen haben. Das Catering von Lemonia hat unsere Gaumen verw\u00f6hnt und zu einer angenehmen Atmosph\u00e4re im Kino Orient beigetragen.<\/p>\n\n\n\n<p>Besonders erfreulich waren die aktiven Inputs der Mitglieder und die interessanten Einsichten, die wir beim Bienenreferat gewinnen konnten.<\/p>\n\n\n\n<p>Ein herzlicher Dank geht an alle, die vor und w\u00e4hrend dem Abend zum Erfolg beigetragen haben, inklusive der Teilnahme der Mitglieder. Von der Planung \u00fcber die Organisation bis hin zur aktiven Beteiligung haben viele H\u00e4nde zusammengewirkt, um diesen Abend zu etwas Besonderem zu machen. Euer Engagement und eure Unterst\u00fctzung sind der Grundstein f\u00fcr den Erfolg unserer Veranstaltungen.<\/p>\n\n\n\n<p>F\u00fcr alle, die nicht teilnehmen konnten oder gerne in Erinnerungen schwelgen m\u00f6chten, haben wir Impressionen vom Abend zusammengestellt. <\/p>\n\n\n\nngg_shortcode_8_placeholder\n\n\n\n<hr class=\"wp-block-separator has-alpha-channel-opacity is-style-dots\"\/>\n<\/div><\/div>\n\n\n\n<div id=\"2024Figurenatelier\" class=\"wp-block-group\"><div class=\"wp-block-group__inner-container is-layout-constrained wp-block-group-is-layout-constrained\">\n<h3 class=\"wp-block-heading\" id=\"RecyclingNachmittag\">Kreativen Nachmittag im Figurenatelier &#8211; 21. Januar 2024<\/h3>\n\n\n\n<p>Am 21. Januar 2024 fand ein besonderes Ereignis statt: Im Atelier von Barbara Winzer kamen Kinder zusammen, um ihrer Kreativit\u00e4t freien Lauf zu lassen. Unterst\u00fctzt von Barbara, entstanden aus einer breiten Palette an Recyclingmaterialien nicht nur einfache Bastelarbeiten, sondern wahre Kunstwerke. Von selbstgebastelten Autos \u00fcber einzigartige Stabpuppen bis hin zu praktischen Zahnb\u00fcrstenhaltern und stilvollen Schmuckhaltern \u2013 die Vielfalt der Projekte war beeindruckend. Dieser Nachmittag bewies einmal mehr, wie aus einfachen Materialien und grosser Kreativit\u00e4t unvergessliche Erinnerungen geschaffen werden k\u00f6nnen. Wir sind stolz auf die kleinen K\u00fcnstlerinnen und K\u00fcnstler und danken Barbara Winzer f\u00fcr ihr Engagement und ihre Expertise. <\/p>\n\n\n\nngg_shortcode_9_placeholder\n<\/div><\/div>\n<\/div><\/div>\n\n\n\n<hr class=\"wp-block-separator has-alpha-channel-opacity is-style-default\"\/>\n\n\n\n<div id=\"Mitgliedwerden\" class=\"wp-block-group\"><div class=\"wp-block-group__inner-container is-layout-constrained wp-block-group-is-layout-constrained\">\n<h2 class=\"wp-block-heading\">Mitglied werden?<\/h2>\n\n\n\n<p>Bist du schon Mitglied und w\u00fcrdest gerne deine Bekannten oder Nachbarn gluschtig machen? Oder bist du neu im Quartier und w\u00fcrdest gerne Mitglied werden? In beiden F\u00e4llen lohnt sich ein Blick in den&nbsp;<a href=\"https:\/\/www.qv-langenstein-altenburg.ch\/wp-content\/uploads\/2022\/08\/Mitgliederwerbung-AKTUELL.pdf\">Quartiervereinsflyer<\/a>! Wir freuen uns \u00fcber jede neue Mitgliedschaft!&nbsp;<\/p>\n\n\n\n<div class=\"wp-block-buttons is-content-justification-center is-layout-flex wp-container-core-buttons-is-layout-16018d1d wp-block-buttons-is-layout-flex\">\n<div class=\"wp-block-button\"><a class=\"wp-block-button__link has-white-color has-light-green-cyan-background-color has-text-color has-background has-custom-font-size wp-element-button\" href=\"https:\/\/www.qv-langenstein-altenburg.ch\/?page_id=18\" style=\"border-radius:7px;font-size:14px\">Jetzt Mitglied werden!<\/a><\/div>\n<\/div>\n<\/div><\/div>\n\n\n\n<pre class=\"wp-block-code\"><code><\/code><\/pre>\n\n\n\n<p><\/p>\n","protected":false},"excerpt":{"rendered":"<p>R\u00fcckblick Adventsfenster 2024 \u2013 Ein stimmungsvoller R\u00fcckblick Unsere Adventsfenster im Dezember waren ein voller Erfolg! Mit viel Kreativit\u00e4t und Einsatz wurden liebevoll gestaltete Fenster pr\u00e4sentiert, die unser Quartier in einen vorweihnachtlichen Glanz geh\u00fcllt haben. Die gem\u00fctlichen Umtrunke boten eine wunderbare Gelegenheit f\u00fcr Begegnungen und Gespr\u00e4che. Ein herzliches Dankesch\u00f6n an alle, die mitgemacht haben und diesen [&hellip;]<\/p>\n","protected":false},"author":1,"featured_media":0,"parent":0,"menu_order":0,"comment_status":"closed","ping_status":"closed","template":"","meta":{"_exactmetrics_skip_tracking":false,"_exactmetrics_sitenote_active":false,"_exactmetrics_sitenote_note":"","_exactmetrics_sitenote_category":0,"ngg_post_thumbnail":0,"footnotes":""},"class_list":["post-3475","page","type-page","status-publish","hentry"],"_links":{"self":[{"href":"https:\/\/www.qv-langenstein-altenburg.ch\/index.php?rest_route=\/wp\/v2\/pages\/3475","targetHints":{"allow":["GET"]}}],"collection":[{"href":"https:\/\/www.qv-langenstein-altenburg.ch\/index.php?rest_route=\/wp\/v2\/pages"}],"about":[{"href":"https:\/\/www.qv-langenstein-altenburg.ch\/index.php?rest_route=\/wp\/v2\/types\/page"}],"author":[{"embeddable":true,"href":"https:\/\/www.qv-langenstein-altenburg.ch\/index.php?rest_route=\/wp\/v2\/users\/1"}],"replies":[{"embeddable":true,"href":"https:\/\/www.qv-langenstein-altenburg.ch\/index.php?rest_route=%2Fwp%2Fv2%2Fcomments&post=3475"}],"version-history":[{"count":190,"href":"https:\/\/www.qv-langenstein-altenburg.ch\/index.php?rest_route=\/wp\/v2\/pages\/3475\/revisions"}],"predecessor-version":[{"id":5427,"href":"https:\/\/www.qv-langenstein-altenburg.ch\/index.php?rest_route=\/wp\/v2\/pages\/3475\/revisions\/5427"}],"wp:attachment":[{"href":"https:\/\/www.qv-langenstein-altenburg.ch\/index.php?rest_route=%2Fwp%2Fv2%2Fmedia&parent=3475"}],"curies":[{"name":"wp","href":"https:\/\/api.w.org\/{rel}","templated":true}]}}