{"id":365,"date":"2015-03-10T19:58:18","date_gmt":"2015-03-10T18:58:18","guid":{"rendered":"http:\/\/www.qv-langenstein-altenburg.ch\/?page_id=365"},"modified":"2015-03-20T16:20:23","modified_gmt":"2015-03-20T15:20:23","slug":"programm-2013","status":"publish","type":"page","link":"https:\/\/www.qv-langenstein-altenburg.ch\/?page_id=365","title":{"rendered":"Programm 2014"},"content":{"rendered":"<p><a href=\"https:\/\/www.qv-langenstein-altenburg.ch\/wp-content\/uploads\/2015\/03\/trennlinie5.jpg\"><img decoding=\"async\" src=\"https:\/\/www.qv-langenstein-altenburg.ch\/wp-content\/uploads\/2015\/03\/trennlinie5.jpg\"\/><\/a><\/p>\n<p style=\"font-size: 2em; font-weight: bold; line-height: 100%;\">110. GV des QV Langenstein-Altenburg<\/p>\n<p style=\"font-weight: bold; line-height: 100%;\">Freitag, 21. M\u00e4rz 2014, 19.00 Uhr<\/p>\n<p style=\"font-weight: bold; line-height: 100%;\">Restaurant Zwyssighof, Wettingen<\/p>\n<p>Rund 60 Mitglieder nahmen am 21. M\u00e4rz an der 110. Generalversammlung des Quartiervereins Langenstein-Altenburg im Zwyssighof teil. <div class='dropdown_box '>\r\n\t<a href=\"#\" class=\"showmore\">\r\n\t\t<span class='view_modifier hide' data-show=\"mehr\" data-hide=\"weniger\">mehr<\/span> \t<\/a>\r\n\t<div class=\"inner_text hide\">\r\n\t\t<\/p>\n<p>Nach Ap\u00e9ro und Nachtessen wird die GV abgehalten. Grosses Thema ist das im 2015 stattfindende 111-Jahr-Jubil\u00e4um. Die ersten Ideen werden vorgestellt. Beat Suter vom Vorstand erl\u00e4utert das nachhaltige Nachbarschaftsprojekt &#8222;Strassen festen mit&#8220;, das im 2015 anl\u00e4sslich des Jubil\u00e4ums lanciert wird. Im Anschluss an den offiziellen Teil h\u00e4lt Lilo Jud, Leiterin Fachstelle f\u00fcr Altersfragen Wettingen, ein\u00a0Referat zum Nachbarschafts-Netz. Die Pr\u00e4sidentin Dominique Girod\u00a0wird\u00a0zum Abschluss der GV von ihren Vorst\u00e4nden mit einem\u00a0wunderbaren Fr\u00fchlingsstrauss\u00a0f\u00fcr 10 Jahre Pr\u00e4sidium\u00a0\u00fcberrascht.<\/p>\n\t<\/div>\r\n<\/div>\r\n<\/p>\n<p><a href=\"https:\/\/www.qv-langenstein-altenburg.ch\/wp-content\/uploads\/2015\/03\/trennlinie5.jpg\"><img decoding=\"async\" src=\"https:\/\/www.qv-langenstein-altenburg.ch\/wp-content\/uploads\/2015\/03\/trennlinie5.jpg\"\/><\/a><\/p>\n<p style=\"font-size: 2em; font-weight: bold; line-height: 100%;\">Boccia<\/p>\n<p style=\"font-weight: bold; line-height: 100%;\">Mittwoch, 18. Juni 2014, 18.30 Uhr<\/p>\n<p style=\"font-weight: bold; line-height: 100%;\">Bocciaclub Wettingen beim Tennisplatz<\/p>\n<p>&#8222;The same procedure as every year&#8220;. Wie immer erfreut sich ein bunt gemischtes Tr\u00fcppchen quer durch die Generationen am Spiel und geniesst das einzigartige Ambiente im Boccia-club. Hans M\u00fcller grilliert und Kurt Valli dirigiert. Wer diesen tollen Anlass bis jetzt verpasst hat ist n\u00e4chstes Jahr herzlich eingeladen, dabei zu sein.<br \/>\n<div class='dropdown_box '>\r\n\t<a href=\"#\" class=\"showmore\">\r\n\t\t<span class='view_modifier hide' data-show=\"Fotogalerie\" data-hide=\"weniger\">Fotogalerie<\/span> \t<\/a>\r\n\t<div class=\"inner_text hide\">\r\n\t\tngg_shortcode_0_placeholder\n\t<\/div>\r\n<\/div>\r\n<br \/>\n<a href=\"https:\/\/www.qv-langenstein-altenburg.ch\/wp-content\/uploads\/2015\/03\/trennlinie5.jpg\"><img decoding=\"async\" src=\"https:\/\/www.qv-langenstein-altenburg.ch\/wp-content\/uploads\/2015\/03\/trennlinie5.jpg\"\/><\/a><\/p>\n<p style=\"font-size: 2em; font-weight: bold; line-height: 100%;\">3. Ideen-H\u00f6ck zum QV-Jubil\u00e4um<\/p>\n<p style=\"font-weight: bold; line-height: 100%;\">Samstag, 21. Juni 2014<\/p>\n<p>Die verschiedenen Festideen werden weitergesponnen und wir bilden Projektgruppen, in denen Vorstands- und QV-Mitglieder ihre Ideen weiterentwickeln.<br \/>\n<a href=\"https:\/\/www.qv-langenstein-altenburg.ch\/wp-content\/uploads\/2015\/03\/trennlinie5.jpg\"><img decoding=\"async\" src=\"https:\/\/www.qv-langenstein-altenburg.ch\/wp-content\/uploads\/2015\/03\/trennlinie5.jpg\"\/><\/a><\/p>\n<p style=\"font-size: 2em; font-weight: bold; line-height: 100%;\">Quartierfest und Kinderflohmi<\/p>\n<p style=\"font-weight: bold; line-height: 100%;\">Freitag, 22. August 2014<\/p>\n<p style=\"font-weight: bold; line-height: 100%;\">Pausenplatz Schulhaus Altenburg<\/p>\n<p>Quartierfest und Kinderflohmi haben sich im Jahresplan des Quartiervereins so richtig sch\u00f6n etabliert.<div class='dropdown_box '>\r\n\t<a href=\"#\" class=\"showmore\">\r\n\t\t<span class='view_modifier hide' data-show=\"mehr\" data-hide=\"weniger\">mehr<\/span> \t<\/a>\r\n\t<div class=\"inner_text hide\">\r\n\t\t<\/p>\n<p>Und so selbstverst\u00e4ndlich, wie die Kinder ihre Spielsachen und Comics zum Verkauf auslegen, so verl\u00e4sslich ist uns das Wetter wohl ge-Sonnen. Im wahrsten Sinne des Wortes, denn Sonne war ja im Sommer 14 eher keine vorhanden. Unser Quartiefest darf sich einer treuen Stammkundschaft r\u00fchmen. Seien es G\u00e4ste oder Helferinnen und Helfer. Alle sch\u00e4tzen das gem\u00fctliche Beisammensein auf dem Altenburg Pausenplatz.<\/p>\n\t<\/div>\r\n<\/div>\r\n<\/p>\n<p><div class='dropdown_box '>\r\n\t<a href=\"#\" class=\"showmore\">\r\n\t\t<span class='view_modifier hide' data-show=\"Fotogalerie\" data-hide=\"weniger\">Fotogalerie<\/span> \t<\/a>\r\n\t<div class=\"inner_text hide\">\r\n\t\tngg_shortcode_1_placeholder\n\t<\/div>\r\n<\/div>\r\n<br \/>\n<a href=\"https:\/\/www.qv-langenstein-altenburg.ch\/wp-content\/uploads\/2015\/03\/trennlinie5.jpg\"><img decoding=\"async\" src=\"https:\/\/www.qv-langenstein-altenburg.ch\/wp-content\/uploads\/2015\/03\/trennlinie5.jpg\"\/><\/a><\/p>\n<p style=\"font-size: 2em; font-weight: bold; line-height: 100%;\">Besuch in der Kompogas<\/p>\n<p style=\"font-weight: bold; line-height: 100%;\">Mittwoch, 8. Oktober\u00a02014<\/p>\n<p style=\"font-weight: bold; line-height: 100%;\">Kompogas Anlage, Otelfingen<\/p>\n<p>Die Wettinger Bev\u00f6lkerung sammelt fleissig Gr\u00fcnabfall\u00a0<div class='dropdown_box '>\r\n\t<a href=\"#\" class=\"showmore\">\r\n\t\t<span class='view_modifier hide' data-show=\"mehr\" data-hide=\"weniger\">mehr<\/span> \t<\/a>\r\n\t<div class=\"inner_text hide\">\r\n\t\t<\/p>\n<p>Die Wettinger Bev\u00f6lkerung sammelt fleissig Gr\u00fcnabfall. Alleine im Jahr 2013 wurden 2&#8217;129 Tonnen Gr\u00fcnabfall entsorgt und somit eine j\u00e4hrliche Pro-Kopf-Menge von 105 kg erreicht. Wettingerinnen und Wettinger \u00fcbertreffen deutlich das gesamtschweizerische Mittel von rund 100 kg pro Person. Mitglieder vom Quartierverein Altenburg Langenstein wollten wissen, was genau mit dem Wettinger Gr\u00fcnabfall passiert. Bei sch\u00f6nstem Herbstwetter versammelten wir uns am Bahnhof Wettingen und machten uns auf den Weg nach Otelfingen.<\/p>\n<p><strong>Facts und Figures<\/strong><br \/>\nDie Firma Kompogas ist 1991 von Walter Schmid gegr\u00fcndet worden. Der mehrfach ausgezeichnete Umweltpionier hat das Unternehmen massgeblich gepr\u00e4gt und die Technologie entwickelt. Bevor er 1992 die erste Feststoffverg\u00e4hranlage mit dem sogenannten Kompogas Verfahren in Betrieb nehmen konnte, hat er jahrelang get\u00fcftelt. \u00abAlles sei in die Luft geflogen, eine riesige Sauerei habe es gegeben\u00bb, erz\u00e4hlt Patrik Schmid, Berater Biomasse, zu Beginn der F\u00fchrung.<\/p>\n<p>Die angelieferten Bioabf\u00e4lle (K\u00fcchenabf\u00e4lle sowie Gr\u00fcngut) werden zerkleinert und gelangen anschliessend in das Herzst\u00fcck, den Fermenter, wo die Masse einer 14-t\u00e4gigen, anaeroben Verg\u00e4rung unterzogen wird. Bei einer Temperatur von 54\u00b0C entsteht CO2-neutrales Biogas, welches im Blockheizkraftwerk in elektrische Energie umgesetzt wird. Das \u00fcbrig bleibende G\u00e4rsubstrat wird entw\u00e4ssert. Das dabei gewonnene Prozesswasser findet als Fl\u00fcssigd\u00fcnger Anwendung in der Landwirtschaft. Der G\u00e4rrest wird in Form von Kompost, der sich im Gartenbau und auch in der Bio-Landwirtschaft bestens bew\u00e4hrt, eingesetzt.<\/p>\n<p>Die Kompogas Anlage in Otelfingen produziert aus j\u00e4hrlich rund 20\u2018000 Tonnen K\u00fcchen- und Gartenabf\u00e4llen Biogas als Treibstoff, Strom, W\u00e4rme und biologischen D\u00fcnger. Mit der produzierten Energie k\u00f6nnen rund 800 Haushalte ein Jahr lang versorgt werden. Pro Jahr k\u00f6nnten in der Schweiz 1.5 Millionen Tonnen organische Abf\u00e4lle weiterverwertet werden.<\/p>\n<p><strong>Diskussionen und Impressionen<\/strong><br \/>\nMan h\u00f6re und staune. F\u00fcr das Kompogas-Verfahren eignen sich alle organischen Abf\u00e4lle, die biologisch abbaubar sind: Die Mischung aus Gartenabf\u00e4llen, R\u00fcstabf\u00e4llen, sowie Speiseresten gew\u00e4hrleistet einen optimalen G\u00e4rprozess.<\/p>\n<p>Diese Information l\u00f6ste angeregte Diskussionen aus: Wie verschwenderisch ist unser Umgang mit Nahrungsmitteln? ereiferten sich die einen. Die Pragmatischen fanden, dass aus Speiseresten besser Energie gewonnen werden soll, als sie in der Kehrichtanlage verbrennen zu lassen.<\/p>\n<p><strong>Geruchsintensiv<\/strong><br \/>\nEinigkeit bestand bei uns allen: F\u00fcr den Geruchssinn war der Besuch eine grosse Herausforderung. Sobald wir die Anlage betreten hatten, stach uns ein penetranter Methangasgeruch in die Nase. Zur\u00fcck an der frischen Luft atmeten alle erleichtert auf. Die Heimreise mit den gr\u00fcnen K\u00fcbeli und den kompostierbaren S\u00e4cklein f\u00fcr kleinere Sammelmengen war heiter.<\/p>\n<p>Andrea Fischer<\/p>\n\t<\/div>\r\n<\/div>\r\n<\/p>\n<p><div class='dropdown_box '>\r\n\t<a href=\"#\" class=\"showmore\">\r\n\t\t<span class='view_modifier hide' data-show=\"Fotogalerie\" data-hide=\"weniger\">Fotogalerie<\/span> \t<\/a>\r\n\t<div class=\"inner_text hide\">\r\n\t\tngg_shortcode_2_placeholder\n\t<\/div>\r\n<\/div>\r\n<br \/>\n<a href=\"https:\/\/www.qv-langenstein-altenburg.ch\/wp-content\/uploads\/2015\/03\/trennlinie5.jpg\"><img decoding=\"async\" src=\"https:\/\/www.qv-langenstein-altenburg.ch\/wp-content\/uploads\/2015\/03\/trennlinie5.jpg\"\/><\/a><\/p>\n<p style=\"font-size: 2em; font-weight: bold; line-height: 100%;\">4. Ideen-H\u00f6ck zum QV-Jubil\u00e4um<\/p>\n<p style=\"font-weight: bold; line-height: 100%;\">Samstag, 21. Juni 2014<\/p>\n<p>Jetzt wirds konkret! Das Festprogramm nimmt Gestalt an.<\/p>\n<div class='dropdown_box '>\r\n\t<a href=\"#\" class=\"showmore\">\r\n\t\t<span class='view_modifier hide' data-show=\"mehr\" data-hide=\"weniger\">mehr<\/span> \t<\/a>\r\n\t<div class=\"inner_text hide\">\r\n\t\t<p>Wir wissen nun, dass es am Samstag das Rahmenprogramm \u00abDu\u2013ich\u2013wir \u2013 Quartierkultur!\u00bb geben wird. <b>Martin Finschi und Karl Guyer <\/b>arbeiten zusammen daran.<\/p>\n<p><b>Beat Suter<\/b> hat mit seinem Team die Idee, wie sich Strassenfeste im Quartier ausbreiten k\u00f6nnten, weitergesponnen und mit Flugbl\u00e4ttern die in Frage kommenden Strassen umworben.<\/p>\n<p><b>Andrea Fischer und Hans M\u00fcller<\/b> k\u00fcmmern sich um die Kulinarik.<\/p>\n<p><b>Sabine Schoop<\/b> und ihre Kolleginnen organisieren die unterhaltsame und interessante LA-Tour.<\/p>\n<p><b>Barbara Winzer und Alex Schaufelb\u00fchl <\/b>leiten Kreativ- und Steinhauerworkshops.<\/p>\n<p>F\u00fcr die Deko am Fest zeichnet <b>Alex Schaufelb\u00fchl<\/b> verantwortlich.<\/p>\n<p>Und damit der Strauss an Jubil\u00e4ums-Festivit\u00e4ten \u00fcberschau-, kalkulier- und planbar bleibt, hat <b>Stephan Meyner<\/b> alle Positionen vom Kafil\u00f6ffeli bis zum Festzelt in eine grandiose Excel-Liste gef\u00fcllt. Die diversen Teams arbeiten nun bis zum ersten Fest-H\u00f6ck im Januar 2015 selbst\u00e4ndig weiter.<\/p>\n<p>\n\t<\/div>\r\n<\/div>\r\n<br \/>\n<a href=\"https:\/\/www.qv-langenstein-altenburg.ch\/wp-content\/uploads\/2015\/03\/trennlinie5.jpg\"><img decoding=\"async\" src=\"https:\/\/www.qv-langenstein-altenburg.ch\/wp-content\/uploads\/2015\/03\/trennlinie5.jpg\"\/><\/a><\/p>\n<p style=\"font-size: 2em; font-weight: bold; line-height: 100%;\">Metzgete<\/p>\n<p style=\"font-weight: bold; line-height: 100%;\">Samstag 8. November 2014<\/p>\n<p style=\"font-weight: bold; line-height: 100%;\">Restaurant Bahnh\u00f6fli, Wettingen<\/p>\n<p>Heuer hat die Metzgete zum letzten Mal unter der Schirmherrschaft der Familie G\u00fcller stattgefunden. Die geniesserische Runde erfreute sich am reichhaltigen Buffet. Und so nebenbei kreiste die Frage im Raum, was wohl aus dem wunderbaren Haus mit dem grossen Baum werden wird.<\/p>\n<p><a href=\"https:\/\/www.qv-langenstein-altenburg.ch\/wp-content\/uploads\/2015\/03\/trennlinie5.jpg\"><img decoding=\"async\" src=\"https:\/\/www.qv-langenstein-altenburg.ch\/wp-content\/uploads\/2015\/03\/trennlinie5.jpg\"\/><\/a><\/p>\n<p style=\"font-size: 2em; font-weight: bold; line-height: 100%;\">1. Fest-H\u00f6ck\u00a0zum QV-Jubil\u00e4um<\/p>\n<p style=\"font-weight: bold; line-height: 100%;\">Samstag, 14. Januar 2015<\/p>\n<p>Die Teams haben sich zwischenzeitlich getroffen und weiter geplant. Das Festprogramm steht jetzt mehrheitlich fest.\u00a0<div class='dropdown_box '>\r\n\t<a href=\"#\" class=\"showmore\">\r\n\t\t<span class='view_modifier hide' data-show=\"mehr\" data-hide=\"weniger\">mehr<\/span> \t<\/a>\r\n\t<div class=\"inner_text hide\">\r\n\t\t<\/p>\n<p>Die Bands sind gebucht und auch das Zelt und die Strominstallation.\u00a0In der grossen Fest-Liste sind nur noch wenige Positionen offen. Die Kosten k\u00f6nnen nun abgesch\u00e4tzt werden. Wir ringen um Margen beim Essen und finden, es sollte noch eine Bar von Jungen betrieben werden. Wir m\u00f6chten mit fairen Preisen gesch\u00e4ften, d\u00fcrfen aber gleichzeitig die Infrastrukturkosten nicht aus den Augen verlieren. Wenigstens fallen die WC-H\u00e4uschen weg \u2013 wir haben von der Abteilung Bau und Planung gr\u00fcnes Licht f\u00fcr die Nutzung der WC-Anlage im Altenburgschulhaus bekommen.<\/p>\n<p>\n\t<\/div>\r\n<\/div>\r\n<br \/>\n<a href=\"https:\/\/www.qv-langenstein-altenburg.ch\/wp-content\/uploads\/2015\/03\/trennlinie5.jpg\"><img decoding=\"async\" src=\"https:\/\/www.qv-langenstein-altenburg.ch\/wp-content\/uploads\/2015\/03\/trennlinie5.jpg\"\/><\/a><\/p>\n<p style=\"font-size: 2em; font-weight: bold; line-height: 100%;\">Treffen mit Gemeinderat<\/p>\n<p style=\"font-weight: bold; line-height: 100%;\">Dienstag, 17. Februar\u00a02015<\/p>\n<p>Dominique Girod gelangte im Herbst 2014 mit der Idee, das in alle Haushalte verteilte Publikationsorgan der Gemeinde, der &#8222;Wettiger Stern&#8220;, m\u00f6ge sich doch einmal schwerpunktm\u00e4ssig mit den Wettinger Quartiervereinen befassen. Dieser Vorschlag ist auf offenen Ohren gestossen &#8211; im Juni erscheint der &#8222;Wettiger Stern&#8220; mit Themen zu den Quartiervereinen.<br \/>\n<a href=\"https:\/\/www.qv-langenstein-altenburg.ch\/wp-content\/uploads\/2015\/03\/trennlinie5.jpg\"><img decoding=\"async\" src=\"https:\/\/www.qv-langenstein-altenburg.ch\/wp-content\/uploads\/2015\/03\/trennlinie5.jpg\"\/><\/a><\/p>\n","protected":false},"excerpt":{"rendered":"<p>110. GV des QV Langenstein-Altenburg Freitag, 21. M\u00e4rz 2014, 19.00 Uhr Restaurant Zwyssighof, Wettingen Rund 60 Mitglieder nahmen am 21. M\u00e4rz an der 110. Generalversammlung des Quartiervereins Langenstein-Altenburg im Zwyssighof teil. Boccia Mittwoch, 18. Juni 2014, 18.30 Uhr Bocciaclub Wettingen beim Tennisplatz &#8222;The same procedure as every year&#8220;. Wie immer erfreut sich ein bunt gemischtes [&hellip;]<\/p>\n","protected":false},"author":1,"featured_media":0,"parent":0,"menu_order":0,"comment_status":"closed","ping_status":"closed","template":"","meta":{"_exactmetrics_skip_tracking":false,"_exactmetrics_sitenote_active":false,"_exactmetrics_sitenote_note":"","_exactmetrics_sitenote_category":0,"ngg_post_thumbnail":0,"footnotes":""},"class_list":["post-365","page","type-page","status-publish","hentry"],"_links":{"self":[{"href":"https:\/\/www.qv-langenstein-altenburg.ch\/index.php?rest_route=\/wp\/v2\/pages\/365","targetHints":{"allow":["GET"]}}],"collection":[{"href":"https:\/\/www.qv-langenstein-altenburg.ch\/index.php?rest_route=\/wp\/v2\/pages"}],"about":[{"href":"https:\/\/www.qv-langenstein-altenburg.ch\/index.php?rest_route=\/wp\/v2\/types\/page"}],"author":[{"embeddable":true,"href":"https:\/\/www.qv-langenstein-altenburg.ch\/index.php?rest_route=\/wp\/v2\/users\/1"}],"replies":[{"embeddable":true,"href":"https:\/\/www.qv-langenstein-altenburg.ch\/index.php?rest_route=%2Fwp%2Fv2%2Fcomments&post=365"}],"version-history":[{"count":43,"href":"https:\/\/www.qv-langenstein-altenburg.ch\/index.php?rest_route=\/wp\/v2\/pages\/365\/revisions"}],"predecessor-version":[{"id":943,"href":"https:\/\/www.qv-langenstein-altenburg.ch\/index.php?rest_route=\/wp\/v2\/pages\/365\/revisions\/943"}],"wp:attachment":[{"href":"https:\/\/www.qv-langenstein-altenburg.ch\/index.php?rest_route=%2Fwp%2Fv2%2Fmedia&parent=365"}],"curies":[{"name":"wp","href":"https:\/\/api.w.org\/{rel}","templated":true}]}}