{"id":368,"date":"2015-03-10T20:06:27","date_gmt":"2015-03-10T19:06:27","guid":{"rendered":"http:\/\/www.qv-langenstein-altenburg.ch\/?page_id=368"},"modified":"2020-10-27T21:42:23","modified_gmt":"2020-10-27T20:42:23","slug":"programm-2012","status":"publish","type":"page","link":"https:\/\/www.qv-langenstein-altenburg.ch\/?page_id=368","title":{"rendered":"Programm 2013"},"content":{"rendered":"<p><a href=\"https:\/\/www.qv-langenstein-altenburg.ch\/wp-content\/uploads\/2015\/03\/trennlinie5.jpg\"><img decoding=\"async\" src=\"https:\/\/www.qv-langenstein-altenburg.ch\/wp-content\/uploads\/2015\/03\/trennlinie5.jpg\"><\/a><\/p>\n<p style=\"font-size: 2em; font-weight: bold; line-height: 100%;\">109. GV<\/p>\n<p><strong><a href=\"https:\/\/www.qv-langenstein-altenburg.ch\/#Metzg\">Freitag<\/a>, 22. M\u00e4rz 2013<br \/>\nRestaurant Zwyssighof, Wettingen<\/strong><\/p>\n<p>Rund 60 Mitglieder nahmen am 22. M\u00e4rz an der 109. Generalversammlung des Quartiervereins Langenstein-Altenburg im Zwyssighof teil.<div class='dropdown_box '>\r\n\t<a href=\"#\" class=\"showmore\">\r\n\t\t<span class='view_modifier hide' data-show=\"mehr\" data-hide=\"weniger\">mehr<\/span> \t<\/a>\r\n\t<div class=\"inner_text hide\">\r\n\t\t<\/p>\n<p>Nach dem Ap\u00e9ro und dem Nachtessen f\u00fchrte die Pr\u00e4sidentin Dominique Girod charmant und z\u00fcgig durch die Traktanden. Dani Kost wurde als Revisor nach 16-j\u00e4hriger Amtszeit verabschiedet. Als Ersatz wurde Edith Schmid mit Akklamation gew\u00e4hlt. Sie wird ab 2014 zusammen mit Adolf Acklin die Revision des Vereins durchf\u00fchren. Der Vorstand wird erst wieder 2014 gew\u00e4hlt. Am Ende des gesch\u00e4ftlichen Teils standen Informationen zum Bauvorhaben Br\u00fcckenkopf Ost, das das Quartier unmittelbar betrifft. Zum Abschluss der wie immer gem\u00fctlichen GV liessen Barbara Winzer-Fr\u00f6hlich und Sven Mathiasen die Puppen tanzen und erl\u00e4uterten dem Publikum die Geschichte der ehemaligen Marionettenb\u00fchne. Anhand verschiedener Figuren zeigten sie eindr\u00fccklich, dass Figurentheater weit mehr beinhaltet als Kasperlitheater. Nach dem Dessert zogen die G\u00e4ste mit den traditionellen Fr\u00fchlingsblumen heimw\u00e4rts.<\/p>\n\t<\/div>\r\n<\/div>\r\n<\/p>\n<p><a href=\"https:\/\/www.qv-langenstein-altenburg.ch\/wp-content\/uploads\/2015\/03\/trennlinie5.jpg\"><img decoding=\"async\" src=\"https:\/\/www.qv-langenstein-altenburg.ch\/wp-content\/uploads\/2015\/03\/trennlinie5.jpg\"><\/a><\/p>\n<p style=\"font-size: 2em; font-weight: bold; line-height: 100%;\">Besuch der&nbsp;Ausstellung &#8222;Entscheiden&#8220;<\/p>\n<p style=\"font-weight: bold; line-height: 100%;\">Samstag, 12. April 2013<\/p>\n<p>Bei sch\u00f6nstem Fr\u00fchlingswetter trafen sich achtzehn Interessierte vor dem Ausstellungsgeb\u00e4ude in Lenzburg.<div class='dropdown_box '>\r\n\t<a href=\"#\" class=\"showmore\">\r\n\t\t<span class='view_modifier hide' data-show=\"mehr\" data-hide=\"weniger\">mehr<\/span> \t<\/a>\r\n\t<div class=\"inner_text hide\">\r\n\t\t<\/p>\n<p>Wir wurden durch einen Mitarbeiter des Stapferhauses empfangen. Er gab uns eine erkl\u00e4rende Einf\u00fchrung in die Ausstellung. Ein kurzer Animationsfilm er\u00f6ffnete dann unseren Rundgang.&nbsp; Als erstes mussten wir uns f\u00fcr eine der verschiedenen Taschen entscheiden. Diese enthielt auch eine \u00abEntscheiden Card\u00bb, auf die die verschiedenen Tickets aufgeklebt werden konnten. Wir machten uns allein, zu zweit oder in einer kleinen Gruppe auf den Weg durch die Ausstellung. Zu verschiedenen Themenkreisen wie Qual der Wahl, Liebe, Karriere, Willenssache etc. konnte man zuh\u00f6ren, lesen, Entscheidungen treffen, was gar nicht so einfach war.<\/p>\n<p>Zu den verschiedenen Themen konnte ein Ticket ausgedruckt werden und auf die \u00abEntscheiden Card\u00bb geklebt werden. Am Ende der Ausstellung konnten alle am Automaten die Tickets scannen und es wurde eine Standortbestimmung bez\u00fcglich dem eigenen Entscheidungsverhalten ausgedruckt. Die Mitglieder des Quartiervereins&nbsp; in verschiedenen Lebensaltern waren begeistert von der Ausstellung. Alle erhielten einen Gutschein, um in diesem Jahr noch ein anderes aargauisches Museum zu besuchen.<\/p>\n\t<\/div>\r\n<\/div>\r\n<\/p>\n<p><a href=\"https:\/\/www.qv-langenstein-altenburg.ch\/wp-content\/uploads\/2015\/03\/trennlinie5.jpg\"><img decoding=\"async\" src=\"https:\/\/www.qv-langenstein-altenburg.ch\/wp-content\/uploads\/2015\/03\/trennlinie5.jpg\"><\/a><\/p>\n<p style=\"font-size: 2em; font-weight: bold; line-height: 100%;\">Vorstandsretraite<\/p>\n<p style=\"font-weight: bold; line-height: 100%;\">Freitag, 19. April 2013<\/p>\n<p>Mit Blick auf den 111. Geburtstag unseres&nbsp;Quartiervereins im 2015 hat sich der Vorstand an seiner Retraite ausgiebig mit der Zukunft des Vereins auseinander gesetzt.<div class='dropdown_box '>\r\n\t<a href=\"#\" class=\"showmore\">\r\n\t\t<span class='view_modifier hide' data-show=\"mehr\" data-hide=\"weniger\">mehr<\/span> \t<\/a>\r\n\t<div class=\"inner_text hide\">\r\n\t\t<\/p>\n<p>\u00abWas tun gegen den Mitglieder-Schwund?\u00bb, \u00abWie erreichen wir die Familien?\u00bb, \u00abWie feiern wir den grossen Geburtstag des Vereins?\u00bb: das waren die Fragen, die wir diskutierten. Sozusagen als Pflicht vor der K\u00fcr, dem Vorstandsessen.<\/p>\n<p>Einbezug der Mitglieder und der gesamten Quartier-Bev\u00f6lkerung ist die Strategie, die wir in der Festplanung und am Jubil\u00e4umsfest selber umsetzen m\u00f6chten. Wir beschliessen, an Ideen-H\u00f6cks im erweiterten Kreis Vorschl\u00e4ge zum Jubil\u00e4umsfest zusammenzutragen.<\/p>\n<p>Das anschliessende Vorstandsessen genossen wir zusammen mit Dani Kost, unserem Revisor a.D., im Trudelkeller.<\/p>\n\t<\/div>\r\n<\/div>\r\n<\/p>\n<p><a href=\"https:\/\/www.qv-langenstein-altenburg.ch\/wp-content\/uploads\/2015\/03\/trennlinie5.jpg\"><img decoding=\"async\" src=\"https:\/\/www.qv-langenstein-altenburg.ch\/wp-content\/uploads\/2015\/03\/trennlinie5.jpg\"><\/a><\/p>\n<p style=\"font-size: 2em; font-weight: bold; line-height: 100%;\">Boccia<\/p>\n<p style=\"font-weight: bold; line-height: 100%;\">Mittwoch, 12. Juni 2013<\/p>\n<p>Kurt Valli, ehemaliger Gardist, muss einen direkten Draht zu Petrus haben.&nbsp;<div class='dropdown_box '>\r\n\t<a href=\"#\" class=\"showmore\">\r\n\t\t<span class='view_modifier hide' data-show=\"mehr\" data-hide=\"weniger\">mehr<\/span> \t<\/a>\r\n\t<div class=\"inner_text hide\">\r\n\t\t<\/p>\n<p>Denn trotz \u00abLand-Unter\u00bb in Deutschland und Rekord-Pegelstand im Bodensee findet das Boccia-Turnier statt. Der Sand ist gegl\u00e4ttet und die Wolken verziehen sich diskret. Zum ersten Mal h\u00e4tten wir ein Ausweichdatum eingeplant gehabt. Deshalb hat es wohl dieses Jahr funktioniert. Der traditionelle Anlass erfreut sich immer noch grosser Beliebtheit. Die \u00abStammkundschaft\u00bb geniesst das Ereignis entweder vom Spielfeldrand aus, oder sie rollt beherzt die Kugeln, w\u00e4hrend unser Kassier Hans M\u00fcller die Glut am Gl\u00fchen h\u00e4lt und die W\u00fcrste dreht.<\/p>\n\t<\/div>\r\n<\/div>\r\n<\/p>\n<p><a href=\"https:\/\/www.qv-langenstein-altenburg.ch\/wp-content\/uploads\/2015\/03\/trennlinie5.jpg\"><img decoding=\"async\" src=\"https:\/\/www.qv-langenstein-altenburg.ch\/wp-content\/uploads\/2015\/03\/trennlinie5.jpg\"><\/a><\/p>\n<p style=\"font-size: 2em; font-weight: bold; line-height: 100%;\">QV-Vorstandstreffen<\/p>\n<p style=\"font-weight: bold; line-height: 2px;\">Freitag, 20. September 2013<\/p>\n<p>Im Turnus laden die Wettinger Quartiervereins-Vorst\u00e4nde zum Jahrestreff. Dieses Jahr war der QV Dorf Gastgeber. Er lud zum Falkner ins Eigi und zum anschliessenden H\u00f6ck in die J\u00e4gerh\u00fctte.<div class='dropdown_box '>\r\n\t<a href=\"#\" class=\"showmore\">\r\n\t\t<span class='view_modifier hide' data-show=\"mehr\" data-hide=\"weniger\">mehr<\/span> \t<\/a>\r\n\t<div class=\"inner_text hide\">\r\n\t\t<\/p>\n<p>Der Falkner Karl Meier pr\u00e4sentierte uns die Flugk\u00fcnste seines Sakerfalken Arco und vermittelte Spannendes zur Geschichte der Falknerei. Die Ausbildung zum Falkner dauert viele Jahre. Trotz der engen Bindung des Herrn zum Falken ist diese nicht prim\u00e4r von pers\u00f6nlicher Sympathie des Vogels gegen\u00fcber seinem Meister gepr\u00e4gt, sondern beruht darauf, dass der Meister sein Tier f\u00fcttert. Die Flugk\u00fcnste sind keine einstudierten Kunstst\u00fccke, sondern zeigen des Vogels nat\u00fcrliches Jagdverhalten. Dem \u00abkrallennah\u00bb zuzusehen ist deshalb nicht weniger spektakul\u00e4r. Den 900g schweren sch\u00f6nen Falken auf dem Arm zu tragen ist ein unvergessliches Erlebnis.<\/p>\n<p>In der J\u00e4gerh\u00fctte versammelten sich die QV-Vorst\u00e4nde ums lodernde Feuer und lauschten dem Bericht des J\u00e4gers. Die Schilderungen zur langj\u00e4hrigen Ausbildung und zu den Aufgaben der J\u00e4ger waren erhellend. Vor allem, wenn man bedenkt, dass die J\u00e4ger ihre Arbeit, die oft aus stundenlangem Warten besteht, unentgeltlich leisten.<\/p>\n<p>Die Kr\u00f6nung des geselligen Abends waren die Wildschweinw\u00fcrste aus Wettinger Wildschweinen.<\/p>\n\t<\/div>\r\n<\/div>\r\n<\/p>\n<p><a href=\"https:\/\/www.qv-langenstein-altenburg.ch\/wp-content\/uploads\/2015\/03\/trennlinie5.jpg\"><img decoding=\"async\" src=\"https:\/\/www.qv-langenstein-altenburg.ch\/wp-content\/uploads\/2015\/03\/trennlinie5.jpg\"><\/a><\/p>\n<p style=\"font-size: 2em; font-weight: bold; line-height: 100%;\">Rundgang Wettinger Vorstadt-Geschichten<\/p>\n<p style=\"font-weight: bold; line-height: 100%;\">Samstag, 21. September 2013<\/p>\n<p>Am milden und sonnigen Samstag luden wir zum historischen Rundgang durch&#8217;s Quartier.&nbsp;<div class='dropdown_box '>\r\n\t<a href=\"#\" class=\"showmore\">\r\n\t\t<span class='view_modifier hide' data-show=\"mehr\" data-hide=\"weniger\">mehr<\/span> \t<\/a>\r\n\t<div class=\"inner_text hide\">\r\n\t\t<\/p>\n<p>Der Andrang war erfreulich, das interessierte Publikum altersm\u00e4ssig gut durchmischt. Geschichten, bauliche Zeitzeugen und Grenzschl\u00e4ngeln im Quartier Langenstein-Altenburg waren die Themen.<\/p>\n<p>Bruno Meier, Historiker aus Baden, in Wettingen aufgewachsen, hat seine Zuh\u00f6rerschaft mit seinen Schilderungen gefesselt. F\u00fcr die \u00e4lteren Herrschaften bedeutete der Rundgang eine kleine Zeitreise in die Vergangenheit, f\u00fcr die J\u00fcngeren war es spannend zu erfahren, wieviele L\u00e4delchen urspr\u00fcnglich in unserem Quartier beheimatet waren.<\/p>\n<p>Nach wie vor ungekl\u00e4rt ist der Ursprung der Bezeichnungen \u00abAltenburg\u00bb und \u00abLangenstein\u00bb. Erhellende R\u00fcckmeldungen aus dem Kreise unserer Mitglieder sind \u2013 auch im Hinglick auf das 111-Jahr-Jubil\u00e4um \u2013 nach wie vor sehr willkommen!<\/p>\n<p>Der anschliessende Ap\u00e9ro beim Schulhaus Altenburg wurde rege f\u00fcr Fragen an den Historiker und f\u00fcr den Austausch von Anekdoten aus dem Quartier genutzt.<\/p>\n\t<\/div>\r\n<\/div>\r\n<\/p>\n<p><a href=\"https:\/\/www.qv-langenstein-altenburg.ch\/wp-content\/uploads\/2015\/03\/trennlinie5.jpg\"><img decoding=\"async\" src=\"https:\/\/www.qv-langenstein-altenburg.ch\/wp-content\/uploads\/2015\/03\/trennlinie5.jpg\"><\/a><\/p>\n<p style=\"font-size: 2em; font-weight: bold; line-height: 100%;\">1. Ideen-H\u00f6ck zum QV-Jubil\u00e4um<\/p>\n<p style=\"font-weight: bold; line-height: 100%;\">Samstag, 26. Oktober 2013<\/p>\n<p>Der Vorstand hat Ende Oktober zum 1. Ideen-H\u00f6ck ins Schulhaus Altenburg eingeladen.&nbsp;<div class='dropdown_box '>\r\n\t<a href=\"#\" class=\"showmore\">\r\n\t\t<span class='view_modifier hide' data-show=\"mehr\" data-hide=\"weniger\">mehr<\/span> \t<\/a>\r\n\t<div class=\"inner_text hide\">\r\n\t\t<\/p>\n<p>Ziel war, eine m\u00f6glichst breit abgest\u00fctzte Guppe bestehend aus QV-Mitgliedern und AnwohnerInnen quer durch alle Altersklassen zusammenzuf\u00fchren und von Anfang an in die Planung der Jubil\u00e4umsaktivit\u00e4ten einzubeziehen.<\/p>\n<p>So war es an der Vorstandsretraite vom 19. April beschlossen worden.<\/p>\n<p>Karl Guyer und die Pr\u00e4sidentin haben die Zusammenkunft vorbereitet, so dass in kleinen Gruppen Ideen zusammengetragen werden konnten. Im Plenum haben die einzelnen Teams ihre Vorschl\u00e4ge f\u00fcr die Jubil\u00e4ums-Aktivit\u00e4ten pr\u00e4sentiert. Zum Schluss wurden die Ideen von allen Beteiligten mit Punkten bewertet. F\u00fcr die Weiterarbeit hat sich jeweils ein Vorstands-Mitglied einer Projektgruppe angeschlossen.&nbsp;<\/p>\n\t<\/div>\r\n<\/div>\r\n<\/p>\n<p><a href=\"https:\/\/www.qv-langenstein-altenburg.ch\/wp-content\/uploads\/2015\/03\/trennlinie5.jpg\"><img decoding=\"async\" src=\"https:\/\/www.qv-langenstein-altenburg.ch\/wp-content\/uploads\/2015\/03\/trennlinie5.jpg\"><\/a><\/p>\n<p style=\"font-size: 2em; font-weight: bold; line-height: 100%;\">Metzgete<\/p>\n<p style=\"font-weight: bold; line-height: 100%;\">Samstag, 9. November&nbsp;2013<\/p>\n<p>Auch dieses Jahr fand die Metzgete bei einem treuen Kreis von Geniesserinnen und Geniessern grossen Anklang.&nbsp;<div class='dropdown_box '>\r\n\t<a href=\"#\" class=\"showmore\">\r\n\t\t<span class='view_modifier hide' data-show=\"mehr\" data-hide=\"weniger\">mehr<\/span> \t<\/a>\r\n\t<div class=\"inner_text hide\">\r\n\t\t<\/p>\n<p>Salzkartoffeln, Sauerkraut und deftige Kostbarkeiten vom Schwein liessen keine W\u00fcnsche offen. Immer wieder wunderbar: der s\u00fcsse Abschluss der herbstlichen Schlemmerei.&nbsp;N\u00e4chstes Jahr&nbsp;wird die Metzgete zum letzten Mal unter der Schirmherrschaft der Familie G\u00fcller stattfinden. Sie geben das Restaurant Bahnhof Ende 2014 aus Altersgr\u00fcnden auf.<\/p>\n\t<\/div>\r\n<\/div>\r\n<\/p>\n<p><a href=\"https:\/\/www.qv-langenstein-altenburg.ch\/wp-content\/uploads\/2015\/03\/trennlinie5.jpg\"><img decoding=\"async\" src=\"https:\/\/www.qv-langenstein-altenburg.ch\/wp-content\/uploads\/2015\/03\/trennlinie5.jpg\"><\/a><\/p>\n<p style=\"font-size: 2em; font-weight: bold; line-height: 100%;\">2. Ideen-H\u00f6ck zum QV-Jubil\u00e4um<\/p>\n<p style=\"font-weight: bold; line-height: 100%;\">Samstag,&nbsp;25. Januar 2014<\/p>\n<p>Seit dem 1. Ideen-H\u00f6ck Ende Oktober haben sich die Projektteams separat getroffen und ihre Ideen weiter entwickelt. Die Ergebnisse haben sie am 2. Ideen-H\u00f6ck pr\u00e4sentiert.<div class='dropdown_box '>\r\n\t<a href=\"#\" class=\"showmore\">\r\n\t\t<span class='view_modifier hide' data-show=\"mehr\" data-hide=\"weniger\">mehr<\/span> \t<\/a>\r\n\t<div class=\"inner_text hide\">\r\n\t\t<\/p>\n<p>Zur Auswahl standen schlussendlich folgende Veranstaltungen:<\/p>\n<p><strong>\u2022 LA-Tour:<\/strong> diverse thematische Rundg\u00e4nge und Aktionen im Quartier.<\/p>\n<p><strong>\u2022 Strassenfest Mobil:<\/strong> Unterst\u00fctzung bestehender Strassenfeste und Initiierung weiterer Strassenfeste im Quartier mit Support und Starter-Kit durch den QV.<\/p>\n<p><strong>\u2022 Raclette-Beiz am Wettiger-F\u00e4scht 2014<\/strong> als Initialz\u00fcndung f\u00fcr das darauf folgende Jubil\u00e4umsjahr.<\/p>\n<p><strong>\u2022 Quartierfest-Tage:<\/strong> das traditionelle Altenburgfest in gr\u00f6sserem Rahmen und eventuell an einem anderen Standort.<\/p>\n<p><strong>\u2022 Etwas Bleibendes:<\/strong>&nbsp;eine QV-Website.<\/p>\n<p>Untenstehendes Flipchart ist das Ergebnis angeregter Diskussionen. Es war unwahrscheinlich anregend, das Jubil\u00e4umsfest in einem solch breit abgest\u00fctzten Kreis zu diskutieren.<\/p>\n<p><a href=\"https:\/\/www.qv-langenstein-altenburg.ch\/wp-content\/uploads\/2015\/03\/2.Ideen-Hoeck_Fipchart_sw.jpg\"><img loading=\"lazy\" decoding=\"async\" class=\"alignnone size-medium wp-image-490\" src=\"https:\/\/www.qv-langenstein-altenburg.ch\/wp-content\/uploads\/2015\/03\/2.Ideen-Hoeck_Fipchart_sw-225x300.jpg\" alt=\"2.Ideen-Hoeck_Fipchart_sw\" width=\"225\" height=\"300\" srcset=\"https:\/\/www.qv-langenstein-altenburg.ch\/wp-content\/uploads\/2015\/03\/2.Ideen-Hoeck_Fipchart_sw-225x300.jpg 225w, https:\/\/www.qv-langenstein-altenburg.ch\/wp-content\/uploads\/2015\/03\/2.Ideen-Hoeck_Fipchart_sw-768x1024.jpg 768w, https:\/\/www.qv-langenstein-altenburg.ch\/wp-content\/uploads\/2015\/03\/2.Ideen-Hoeck_Fipchart_sw-624x832.jpg 624w, https:\/\/www.qv-langenstein-altenburg.ch\/wp-content\/uploads\/2015\/03\/2.Ideen-Hoeck_Fipchart_sw.jpg 787w\" sizes=\"auto, (max-width: 225px) 100vw, 225px\" \/><\/a><\/p>\n<p>Allen ein Anliegen ist der \u00abGr\u00fcezi-Effekt\u00bb. Man war sich einig, dass die Veranstaltungen zum Ziel haben sollen, die Menschen einander n\u00e4her zu bringen, ihnen die M\u00f6glichkeit geben, sich kennen zu lernen und sich mit dem Quartier auseinander zu setzen. Denn, wer sich kennt, der gr\u00fcsst sich!<\/p>\n<p>Diese Anregung nimmt der Vorstand ernst und stellt sich der nicht leichten Aufgabe gern, aus dem reichhaltigen Ideen-Bankett f\u00fcr das Jubil\u00e4umsjahr ein gluschtiges und bek\u00f6mmliches Festtags-Menu f\u00fcr die ganze Quartierbev\u00f6lkerung zusammenzustellen.<\/p>\n\t<\/div>\r\n<\/div>\r\n<\/p>\n<p><a href=\"https:\/\/www.qv-langenstein-altenburg.ch\/wp-content\/uploads\/2015\/03\/trennlinie5.jpg\"><img decoding=\"async\" src=\"https:\/\/www.qv-langenstein-altenburg.ch\/wp-content\/uploads\/2015\/03\/trennlinie5.jpg\"><\/a><\/p>\n","protected":false},"excerpt":{"rendered":"<p>109. GV Freitag, 22. M\u00e4rz 2013 Restaurant Zwyssighof, Wettingen Rund 60 Mitglieder nahmen am 22. M\u00e4rz an der 109. Generalversammlung des Quartiervereins Langenstein-Altenburg im Zwyssighof teil. Besuch der&nbsp;Ausstellung &#8222;Entscheiden&#8220; Samstag, 12. April 2013 Bei sch\u00f6nstem Fr\u00fchlingswetter trafen sich achtzehn Interessierte vor dem Ausstellungsgeb\u00e4ude in Lenzburg. Vorstandsretraite Freitag, 19. April 2013 Mit Blick auf den 111. [&hellip;]<\/p>\n","protected":false},"author":1,"featured_media":0,"parent":0,"menu_order":0,"comment_status":"closed","ping_status":"closed","template":"","meta":{"_exactmetrics_skip_tracking":false,"_exactmetrics_sitenote_active":false,"_exactmetrics_sitenote_note":"","_exactmetrics_sitenote_category":0,"ngg_post_thumbnail":0,"footnotes":""},"class_list":["post-368","page","type-page","status-publish","hentry"],"_links":{"self":[{"href":"https:\/\/www.qv-langenstein-altenburg.ch\/index.php?rest_route=\/wp\/v2\/pages\/368","targetHints":{"allow":["GET"]}}],"collection":[{"href":"https:\/\/www.qv-langenstein-altenburg.ch\/index.php?rest_route=\/wp\/v2\/pages"}],"about":[{"href":"https:\/\/www.qv-langenstein-altenburg.ch\/index.php?rest_route=\/wp\/v2\/types\/page"}],"author":[{"embeddable":true,"href":"https:\/\/www.qv-langenstein-altenburg.ch\/index.php?rest_route=\/wp\/v2\/users\/1"}],"replies":[{"embeddable":true,"href":"https:\/\/www.qv-langenstein-altenburg.ch\/index.php?rest_route=%2Fwp%2Fv2%2Fcomments&post=368"}],"version-history":[{"count":28,"href":"https:\/\/www.qv-langenstein-altenburg.ch\/index.php?rest_route=\/wp\/v2\/pages\/368\/revisions"}],"predecessor-version":[{"id":2428,"href":"https:\/\/www.qv-langenstein-altenburg.ch\/index.php?rest_route=\/wp\/v2\/pages\/368\/revisions\/2428"}],"wp:attachment":[{"href":"https:\/\/www.qv-langenstein-altenburg.ch\/index.php?rest_route=%2Fwp%2Fv2%2Fmedia&parent=368"}],"curies":[{"name":"wp","href":"https:\/\/api.w.org\/{rel}","templated":true}]}}