{"id":388,"date":"2015-03-11T07:47:52","date_gmt":"2015-03-11T06:47:52","guid":{"rendered":"http:\/\/www.qv-langenstein-altenburg.ch\/?page_id=388"},"modified":"2015-10-26T08:34:06","modified_gmt":"2015-10-26T07:34:06","slug":"jubilaeumsfest","status":"publish","type":"page","link":"https:\/\/www.qv-langenstein-altenburg.ch\/?page_id=388","title":{"rendered":"Jubil\u00e4um"},"content":{"rendered":"<p style=\"font-weight: bold;\"><a href=\"https:\/\/www.qv-langenstein-altenburg.ch\/wp-content\/uploads\/2015\/06\/Header-f\u00fcr-Mails-und-Website.jpg\"><img loading=\"lazy\" decoding=\"async\" class=\"alignnone wp-image-1006 size-full\" src=\"https:\/\/www.qv-langenstein-altenburg.ch\/wp-content\/uploads\/2015\/06\/Header-f\u00fcr-Mails-und-Website.jpg\" alt=\"Header f\u00fcr Mails und Website\" width=\"681\" height=\"298\" srcset=\"https:\/\/www.qv-langenstein-altenburg.ch\/wp-content\/uploads\/2015\/06\/Header-f\u00fcr-Mails-und-Website.jpg 681w, https:\/\/www.qv-langenstein-altenburg.ch\/wp-content\/uploads\/2015\/06\/Header-f\u00fcr-Mails-und-Website-300x131.jpg 300w, https:\/\/www.qv-langenstein-altenburg.ch\/wp-content\/uploads\/2015\/06\/Header-f\u00fcr-Mails-und-Website-624x273.jpg 624w\" sizes=\"auto, (max-width: 681px) 100vw, 681px\" \/><\/a><\/p>\n<p style=\"font-weight: bold;\">Wir laden alle Anwohnerinnen und Anwohner, Teens und Twens,<br \/>\nFamilien und Grosseltern ein mitzufeiern!<\/p>\n<p style=\"font-weight: bold;\">Schulhaus Altenburg\u00a0Wettingen<\/p>\n<p style=\"font-weight: bold; line-height: 2px;\">Samstag, 22. August 2015, 10.00 bis 02.00 Uhr<\/p>\n<p><div class=\"ezcol ezcol-one-quarter\">10.00-14.00 Uhr<\/div><div class=\"ezcol ezcol-three-quarter ezcol-last\">Kinderflohmi<\/div><div class=\"ezcol-divider\"><\/div><br \/>\n<div class=\"ezcol ezcol-one-quarter\">12.00-16.00 Uhr<\/div><div class=\"ezcol ezcol-three-quarter ezcol-last\">Feuerschale zum Servelat br\u00e4teln, Spiele, Henna-Tatoos, <span style=\"line-height: 1.714285714; font-size: 1rem;\">\u00a0<\/span><a style=\"line-height: 1.714285714; font-size: 1rem;\" title=\"Workshops f\u00fcr Kinder\" href=\"https:\/\/www.qv-langenstein-altenburg.ch\/?page_id=414\">Workshops<\/a><\/div><div class=\"ezcol-divider\"><\/div><span style=\"line-height: 1.714285714; font-size: 1rem;\"><br \/>\n<\/span><span style=\"line-height: 1.714285714; font-size: 1rem;\"><div class=\"ezcol ezcol-one-quarter\">14.00 Uhr<\/div><div class=\"ezcol ezcol-three-quarter ezcol-last\"><strong>Insieme Musig B\u00e4nd<\/strong><\/span><\/div><div class=\"ezcol-divider\"><\/div><\/p>\n<p><span style=\"line-height: 1.714285714; font-size: 1rem;\"><div class=\"ezcol ezcol-one-quarter\">16.00-19.00 Uhr<\/div><div class=\"ezcol ezcol-three-quarter ezcol-last\"><\/span><strong><a style=\"line-height: 1.714285714; font-size: 1rem;\" title=\"Du-ich-wir: Quartierkultur\" href=\"https:\/\/www.qv-langenstein-altenburg.ch\/?page_id=406\">Du-ich-wir: Quartierkultur<\/a><\/strong><span style=\"line-height: 1.714285714; font-size: 1rem;\"><\/div><div class=\"ezcol-divider\"><\/div><\/span><\/p>\n<p><div class=\"ezcol ezcol-one-quarter\">16.00 Uhr<\/div><div class=\"ezcol ezcol-three-quarter ezcol-last\"><strong>Schwyzer\u00f6rgeli-Gruppe &#8222;im R\u00e4bb\u00e4rg&#8220;<\/strong><br \/>\nMarie-Louise, Maria und Roger<br \/>\nKontakt: Marie-Louise Reinert, ml.reinert@bluewin.ch<\/div><div class=\"ezcol-divider\"><\/div><\/p>\n<p><div class=\"ezcol ezcol-one-quarter\">16.20 Uhr<\/div><div class=\"ezcol ezcol-three-quarter ezcol-last\"><strong>Darbietungen Musikschule Wettingen<\/strong><br \/>\nLeitung und Kontakt: Christian Hofmann, christian.hofmann@schule-wettingen.ch<\/div><div class=\"ezcol-divider\"><\/div><\/p>\n<p><div class=\"ezcol ezcol-one-quarter\">16.55 Uhr<\/div><div class=\"ezcol ezcol-three-quarter ezcol-last\"><strong>Theaterauff\u00fchrung Jungwacht St. Anton, Wettingen<\/strong><br \/>\nLeitung und Kontakt: Michael Dietschi, mi.dietschi@hotmail.com<\/div><div class=\"ezcol-divider\"><\/div><\/p>\n<p><div class=\"ezcol ezcol-one-quarter\">17.15\u00a0Uhr<\/div><div class=\"ezcol ezcol-three-quarter ezcol-last\"><strong>Vorf\u00fchrung SKEMA Energie &amp; Kampfkunst, Wettingen<\/strong><br \/>\nLeitung und Kontakt: Erich Weidinger, wettingen@skema.ch<\/div><div class=\"ezcol-divider\"><\/div><\/p>\n<p><div class=\"ezcol ezcol-one-quarter\">17.40 Uhr<\/div><div class=\"ezcol ezcol-three-quarter ezcol-last\"><strong>Indischer Bollywood-Dance<\/strong><br \/>\nLeitung und Kontakt: Tina Masand, teddies457@yahoo.com<\/div><div class=\"ezcol-divider\"><\/div><\/p>\n<p><div class=\"ezcol ezcol-one-quarter\">18.00 Uhr<\/div><div class=\"ezcol ezcol-three-quarter ezcol-last\"><strong>Konzert &#8222;Colateral Brain Damage&#8220;<\/strong><br \/>\nJulia Gr\u00fcndisch (Gesang), Djamal Moumene (Gitarre)<br \/>\nKontakt: julia.gruendisch@gmail.com<\/div><div class=\"ezcol-divider\"><\/div><\/p>\n<p><div class=\"ezcol ezcol-one-quarter\">18.30 Uhr<\/div><div class=\"ezcol ezcol-three-quarter ezcol-last\"><strong>Tambouren Vereinigung Wettingen und Umgebung<\/strong><br \/>\nKontakt: Fabienne Speckert, fabienne.speckert@gmx.ch<\/div><div class=\"ezcol-divider\"><\/div><\/p>\n<p><div class=\"ezcol ezcol-one-quarter\">19.00 Uhr<\/div><div class=\"ezcol ezcol-three-quarter ezcol-last\"><span style=\"line-height: 1.714285714; font-size: 1rem;\">offizieller Feststart<\/span><\/div><div class=\"ezcol-divider\"><\/div><br \/>\n<div class=\"ezcol ezcol-one-quarter\">19.00-02.00 Uhr<\/div><div class=\"ezcol ezcol-three-quarter ezcol-last\"><span style=\"line-height: 1.714285714; font-size: 1rem;\">Risotto-Essen, Indische Spezialit\u00e4ten, Grill, Bar, Quartier-Quiz,<br \/>\n<\/span><span style=\"line-height: 1.714285714; font-size: 1rem;\">Preisverleihung<\/span><\/div><div class=\"ezcol-divider\"><\/div><\/p>\n<p><div class=\"ezcol ezcol-one-quarter\">21.00 Uhr<\/div><div class=\"ezcol ezcol-three-quarter ezcol-last\"><span style=\"font-weight: bold;\">Pamplona Grup<\/span> sind acht junge Musiker mit einem Faible<br \/>\nf\u00fcr Tanzbeine, leichten Wahnsinn und Musik aus dem wilden Osten.<\/div><div class=\"ezcol-divider\"><\/div><br \/>\n<div class=\"ezcol ezcol-one-quarter\">23.00 Uhr<\/div><div class=\"ezcol ezcol-three-quarter ezcol-last\"><span style=\"font-weight: bold;\">Feuerzauber<\/span> mit der Gruppe &#8222;Baden brennt&#8220;<\/div><div class=\"ezcol-divider\"><\/div><\/p>\n<p>&nbsp;<\/p>\n<p><strong>Sonntag, 23. August 2015, 10.00 bis 14.00 Uhr<\/strong><\/p>\n<p><div class=\"ezcol ezcol-one-quarter\">10.00-14.00 Uhr<\/div><div class=\"ezcol ezcol-three-quarter ezcol-last\"><strong>&#8222;Bring your own Gonfi&#8220;-Sunntigszmorge:<\/strong> Gipfeli, Butter und Kaffee sind vorhanden, die &#8222;Gonfi&#8220;, oder was man sonst gerne schnabuliert, darf zum Fremdprobieren und Tauschen jeder selber\u00a0mitbringen. Musikalische Begleitung von Hansruedi Preisig am Akkordeon.<\/div><div class=\"ezcol-divider\"><\/div><\/p>\n<p><div class=\"ezcol ezcol-one-quarter\"><strong>Fest-Sponsoren und Preisgeber<\/strong><\/div><a href=\"https:\/\/www.qv-langenstein-altenburg.ch\/wp-content\/uploads\/2015\/06\/Sponsoren_Footer.jpg\"><img loading=\"lazy\" decoding=\"async\" class=\"alignnone wp-image-1012 size-full\" src=\"https:\/\/www.qv-langenstein-altenburg.ch\/wp-content\/uploads\/2015\/06\/Sponsoren_Footer.jpg\" alt=\"Sponsoren_Footer\" width=\"1418\" height=\"473\" srcset=\"https:\/\/www.qv-langenstein-altenburg.ch\/wp-content\/uploads\/2015\/06\/Sponsoren_Footer.jpg 1418w, https:\/\/www.qv-langenstein-altenburg.ch\/wp-content\/uploads\/2015\/06\/Sponsoren_Footer-300x100.jpg 300w, https:\/\/www.qv-langenstein-altenburg.ch\/wp-content\/uploads\/2015\/06\/Sponsoren_Footer-1024x342.jpg 1024w, https:\/\/www.qv-langenstein-altenburg.ch\/wp-content\/uploads\/2015\/06\/Sponsoren_Footer-624x208.jpg 624w\" sizes=\"auto, (max-width: 1418px) 100vw, 1418px\" \/><\/a><\/p>\n","protected":false},"excerpt":{"rendered":"<p>Wir laden alle Anwohnerinnen und Anwohner, Teens und Twens, Familien und Grosseltern ein mitzufeiern! Schulhaus Altenburg\u00a0Wettingen Samstag, 22. August 2015, 10.00 bis 02.00 Uhr &nbsp; Sonntag, 23. August 2015, 10.00 bis 14.00 Uhr<\/p>\n","protected":false},"author":1,"featured_media":0,"parent":0,"menu_order":0,"comment_status":"closed","ping_status":"closed","template":"","meta":{"_exactmetrics_skip_tracking":false,"_exactmetrics_sitenote_active":false,"_exactmetrics_sitenote_note":"","_exactmetrics_sitenote_category":0,"ngg_post_thumbnail":0,"footnotes":""},"class_list":["post-388","page","type-page","status-publish","hentry"],"_links":{"self":[{"href":"https:\/\/www.qv-langenstein-altenburg.ch\/index.php?rest_route=\/wp\/v2\/pages\/388","targetHints":{"allow":["GET"]}}],"collection":[{"href":"https:\/\/www.qv-langenstein-altenburg.ch\/index.php?rest_route=\/wp\/v2\/pages"}],"about":[{"href":"https:\/\/www.qv-langenstein-altenburg.ch\/index.php?rest_route=\/wp\/v2\/types\/page"}],"author":[{"embeddable":true,"href":"https:\/\/www.qv-langenstein-altenburg.ch\/index.php?rest_route=\/wp\/v2\/users\/1"}],"replies":[{"embeddable":true,"href":"https:\/\/www.qv-langenstein-altenburg.ch\/index.php?rest_route=%2Fwp%2Fv2%2Fcomments&post=388"}],"version-history":[{"count":203,"href":"https:\/\/www.qv-langenstein-altenburg.ch\/index.php?rest_route=\/wp\/v2\/pages\/388\/revisions"}],"predecessor-version":[{"id":1104,"href":"https:\/\/www.qv-langenstein-altenburg.ch\/index.php?rest_route=\/wp\/v2\/pages\/388\/revisions\/1104"}],"wp:attachment":[{"href":"https:\/\/www.qv-langenstein-altenburg.ch\/index.php?rest_route=%2Fwp%2Fv2%2Fmedia&parent=388"}],"curies":[{"name":"wp","href":"https:\/\/api.w.org\/{rel}","templated":true}]}}